{"id":2140,"date":"2018-01-15T09:13:25","date_gmt":"2018-01-15T09:13:25","guid":{"rendered":"https:\/\/kg-media.eu\/kontakt\/"},"modified":"2025-04-25T11:12:50","modified_gmt":"2025-04-25T09:12:50","slug":"contact","status":"publish","type":"page","link":"https:\/\/kg-media.eu\/en\/contact\/","title":{"rendered":"Contact"},"content":{"rendered":"<section class=\"l-section wpb_row height_small width_custom\" style=\"--site-content-width:1635px;\"><div class=\"l-section-h i-cf\"><div class=\"g-cols vc_row via_grid cols_1 laptops-cols_inherit tablets-cols_inherit mobiles-cols_1 valign_top type_default stacking_default\"><div class=\"wpb_column vc_column_container\"><div class=\"vc_column-inner\"><div class=\"g-cols wpb_row us_custom_4500dbe2 via_grid cols_1 laptops-cols_inherit tablets-cols_inherit mobiles-cols_1 valign_top type_default stacking_default\" style=\"--columns-gap:3rem;\"><div class=\"wpb_column vc_column_container us_custom_45407d0e jc-mob-stretched hero-img-yellow-border-bottom has_bg_color\"><div class=\"vc_column-inner\"><div class=\"wpb_text_column us_custom_29d8ae98 text-on-center-image has_text_color\"><div class=\"wpb_wrapper\"><p>Every campaign,<br \/>just like every journey,<br \/>begins with a single step.<\/p>\n<p>Be fearless.<\/p>\n<\/div><\/div><\/div><\/div><\/div><div class=\"g-cols wpb_row via_grid cols_custom laptops-cols_inherit tablets-cols_inherit mobiles-cols_1 valign_top type_default stacking_default\" style=\"--columns-gap:0rem;--custom-columns:4fr 6fr\"><div class=\"wpb_column vc_column_container us_custom_e5296129 has_bg_color\"><div class=\"vc_column-inner\"><div class=\"wpb_text_column us_custom_63672797\"><div class=\"wpb_wrapper\"><p>If it&#8217;s urgent &#8211; we understand. Give us a call:<\/p>\n<\/div><\/div><div class=\"wpb_text_column us_custom_6e960a9a\"><div class=\"wpb_wrapper\"><p>Obertrum am See <a href=\"tel:+43%206219%206143\"><strong>+43 6219 6143<\/strong><\/a><\/p>\n<p>Pore\u010d <a href=\"tel:+385%2052%20427%20046\"><strong>+385 52 427 046<\/strong><\/a><\/p>\n<p>\u010cakovec <a href=\"tel:+385%2040%20395%20246\"><strong>+385 40 395 246<\/strong><\/a><\/p>\n<\/div><\/div><\/div><\/div><div class=\"wpb_column vc_column_container us_custom_c70c97eb has_bg_color\"><div class=\"vc_column-inner\"><div class=\"wpb_text_column us_custom_acf3e02b\"><div class=\"wpb_wrapper\"><p>or send us a message with what you need and your goals.<\/p>\n<p>We\u2019ll review the possibilities and schedule a meeting.<\/p>\n<p><strong><em>We&#8217;ll get back to you fast.<\/em><\/strong><\/p>\n<\/div><\/div><\/div><\/div><\/div><\/div><\/div><\/div><\/div><\/section><section class=\"l-section wpb_row us_custom_19737bc8 height_auto width_custom\" style=\"--site-content-width:790px;\"><div class=\"l-section-h i-cf\"><div class=\"g-cols vc_row via_grid cols_1 laptops-cols_inherit tablets-cols_inherit mobiles-cols_1 valign_top type_default stacking_default\"><div class=\"wpb_column vc_column_container\"><div class=\"vc_column-inner\"><div class=\"w-text us_custom_e5fc6738\"><span class=\"w-text-h\"><span class=\"w-text-value\">Write to us:<\/span><\/span><\/div>\n<div class=\"wpcf7 no-js w-form layout_ver for_cform\" id=\"wpcf7-f14069-o1\" lang=\"en-US\" dir=\"ltr\" data-wpcf7-id=\"14069\">\n<div class=\"screen-reader-response\"><p role=\"status\" aria-live=\"polite\" aria-atomic=\"true\"><\/p> <ul><\/ul><\/div>\n<form action=\"\/en\/wp-json\/wp\/v2\/pages\/2140#wpcf7-f14069-o1\" method=\"post\" class=\"wpcf7-form init\" aria-label=\"Contact form\" novalidate=\"novalidate\" data-status=\"init\">\n<fieldset class=\"hidden-fields-container\"><input type=\"hidden\" name=\"_wpcf7\" value=\"14069\" \/><input type=\"hidden\" name=\"_wpcf7_version\" value=\"6.1.5\" \/><input type=\"hidden\" name=\"_wpcf7_locale\" value=\"en_US\" \/><input type=\"hidden\" name=\"_wpcf7_unit_tag\" value=\"wpcf7-f14069-o1\" \/><input type=\"hidden\" name=\"_wpcf7_container_post\" value=\"0\" \/><input type=\"hidden\" name=\"_wpcf7_posted_data_hash\" value=\"\" \/>\n<\/fieldset>\n<div class=\"w-form-h\">\n\n<div class=\"w-form-row for_text required has_label move_label with_icon\">\n  <div class=\"w-form-row-label\">\n    <span>Your name*<\/span>\n  <\/div>\n  <div class=\"w-form-row-field\">\n<i class=\"fal fa-user\"><\/i>\n    <span class=\"wpcf7-form-control-wrap\" data-name=\"your-name\"><input size=\"100\" maxlength=\"400\" class=\"wpcf7-form-control wpcf7-text wpcf7-validates-as-required\" aria-required=\"true\" aria-invalid=\"false\" value=\"\" type=\"text\" name=\"your-name\" \/><\/span>\n  <\/div>\n<\/div>\n\n<div class=\"w-form-row for_text required has_label move_label with_icon\">\n  <div class=\"w-form-row-label\">  \n    <span>Your email*<\/span>\n  <\/div>\n  <div class=\"w-form-row-field\">\n    <i class=\"fal fa-envelope\"><\/i>  \n    <span class=\"wpcf7-form-control-wrap\" data-name=\"your-email\"><input size=\"100\" maxlength=\"400\" class=\"wpcf7-form-control wpcf7-email wpcf7-validates-as-required wpcf7-text wpcf7-validates-as-email\" aria-required=\"true\" aria-invalid=\"false\" value=\"\" type=\"email\" name=\"your-email\" \/><\/span>\n  <\/div>\n<\/div>\n\n<div class=\"w-form-row for_text required has_label move_label with_icon\">\n  <div class=\"w-form-row-label\">  \n    <span>Company*<\/span>\n  <\/div>\n  <div class=\"w-form-row-field\">\n    <i class=\"fal fa-building\"><\/i>  \n    <span class=\"wpcf7-form-control-wrap\" data-name=\"tvrtka\"><input size=\"100\" maxlength=\"400\" class=\"wpcf7-form-control wpcf7-text wpcf7-validates-as-required\" aria-required=\"true\" aria-invalid=\"false\" value=\"\" type=\"text\" name=\"tvrtka\" \/><\/span>\n  <\/div>\n<\/div>\n\n<div class=\"w-form-row for_text required has_label move_label with_icon\">\n  <div class=\"w-form-row-label\">\n    <span>Your message*<\/span>\n  <\/div>\n  <div class=\"w-form-row-field\">\n    <i class=\"fal fa-pencil\"><\/i>\n    <span class=\"wpcf7-form-control-wrap\" data-name=\"your-message\"><textarea cols=\"100\" rows=\"5\" maxlength=\"2000\" class=\"wpcf7-form-control wpcf7-textarea wpcf7-validates-as-required\" aria-required=\"true\" aria-invalid=\"false\" name=\"your-message\"><\/textarea><\/span>\n  <\/div>\n<\/div>\n\n<div class=\"w-form-row for_agreement required\">\n  <div class=\"w-form-row-field\">\n    By sending an inquiry, you accept the <a href=\"\/en\/privacy-policy\/\" target=\"_blank\">Privacy Policy.<\/a>\n  <\/div>\n<\/div>\n\n<div class=\"w-form-row for_submit\">\n  <div class=\"w-form-row-field\">\n<div class=\"contact-form-icon\">\n  <button type=\"submit\" class=\"wpcf7-submit icon_atright\"><i class=\"fas fa-plus\"><\/i> SEND<\/button>\n  <span class=\"wpcf7-spinner\"><\/span>\n<\/div>\n  <\/div>\n<\/div>\n\n<\/div><p style=\"display: none !important;\" class=\"akismet-fields-container\" data-prefix=\"_wpcf7_ak_\"><label>&#916;<textarea name=\"_wpcf7_ak_hp_textarea\" cols=\"45\" rows=\"8\" maxlength=\"100\"><\/textarea><\/label><input type=\"hidden\" id=\"ak_js_1\" name=\"_wpcf7_ak_js\" value=\"233\"\/><script>document.getElementById( \"ak_js_1\" ).setAttribute( \"value\", ( new Date() ).getTime() );<\/script><\/p><div class=\"wpcf7-response-output\" aria-hidden=\"true\"><\/div>\n<\/form>\n<\/div>\n<\/div><\/div><\/div><\/div><\/section><section class=\"l-section wpb_row us_custom_e941b487 height_huge\"><div class=\"l-section-h i-cf\"><div class=\"g-cols vc_row via_grid cols_2 laptops-cols_inherit tablets-cols_inherit mobiles-cols_1 valign_top type_default stacking_default\" style=\"--columns-gap:0rem;\"><div class=\"wpb_column vc_column_container us_custom_b0b50722\"><div class=\"vc_column-inner\"><div class=\"w-html\"><iframe src=\"https:\/\/snazzymaps.com\/embed\/625569\" width=\"100%\" height=\"900px\" style=\"border:none;\"><\/iframe><\/div><\/div><\/div><div class=\"wpb_column vc_column_container us_custom_d12eb715 info-contact jc-justify-content-center has_bg_color\"><div class=\"vc_column-inner\"><div class=\"w-text us_custom_07491091 has_text_color\"><span class=\"w-text-h\"><span class=\"w-text-value\">Stop by one of our offices:<\/span><\/span><\/div><div class=\"wpb_text_column us_custom_5a43df54 has_text_color\"><div class=\"wpb_wrapper\"><p><strong>KG Media GmbH<\/strong><br \/>Buchenweg 10, 5162 Obertrum am See, Austria<br \/><strong><a href=\"tel:%20+43%206219%206143\">+43 6219 6143<\/a><\/strong><\/p>\n<\/div><\/div><div class=\"w-btn-wrapper align_none\"><a class=\"w-btn us-btn-style_30 us_custom_2a789b60 icon_atleft\" target=\"_blank\" href=\"https:\/\/maps.app.goo.gl\/ZUCsKiFfKomTFA2y7\"><i class=\"fas fa-plus\"><\/i><span class=\"w-btn-label\">Show me the way<\/span><\/a><\/div><div class=\"wpb_text_column us_custom_5a43df54 has_text_color\"><div class=\"wpb_wrapper\"><p><strong>K. G. Media d.o.o.<\/strong><br \/>Partizanska 4\/1, 52440 Pore\u010d, Croatia<br \/><strong><a href=\"tel:%20+385%2052%20427%20046\">+385 52 427 046<\/a><\/strong><\/p>\n<\/div><\/div><div class=\"w-btn-wrapper align_none\"><a class=\"w-btn us-btn-style_30 us_custom_2a789b60 icon_atleft\" target=\"_blank\" href=\"https:\/\/maps.app.goo.gl\/RbtDcmyj1TQSoZ7D6\"><i class=\"fas fa-plus\"><\/i><span class=\"w-btn-label\">Show me the way<\/span><\/a><\/div><div class=\"wpb_text_column us_custom_5a43df54 has_text_color\"><div class=\"wpb_wrapper\"><p><strong>K. G. Media d.o.o.<\/strong><br \/>Bana Jela\u010di\u0107a 22N, 40000 \u010cakovec, Croatia<br \/><strong><a href=\"tel:%20+385%2040%20395%20246\">+385 40 395 246<\/a><\/strong><\/p>\n<\/div><\/div><div class=\"w-btn-wrapper align_none\"><a class=\"w-btn us-btn-style_30 us_custom_2a789b60 icon_atleft\" target=\"_blank\" href=\"https:\/\/maps.app.goo.gl\/FeEZ8aADjstXzDXy5\"><i class=\"fas fa-plus\"><\/i><span class=\"w-btn-label\">Show me the way<\/span><\/a><\/div><\/div><\/div><\/div><\/div><\/section>\n","protected":false},"excerpt":{"rendered":"","protected":false},"author":13,"featured_media":2791,"parent":0,"menu_order":29,"comment_status":"closed","ping_status":"closed","template":"","meta":{"_acf_changed":false,"footnotes":""},"class_list":["post-2140","page","type-page","status-publish","has-post-thumbnail","hentry"],"acf":[],"yoast_head":"<!-- This site is optimized with the Yoast SEO Premium plugin v27.3 (Yoast SEO v27.3) - https:\/\/yoast.com\/product\/yoast-seo-premium-wordpress\/ -->\n<title>Looking for a Long-Term Marketing Solution? Contact us!<\/title>\n<meta name=\"description\" content=\"Contact us to learn how KG Media can help your brand grow through digital and offline marketing strategies, targeted advertising, and analytics.\" \/>\n<meta name=\"robots\" content=\"index, follow, max-snippet:-1, max-image-preview:large, max-video-preview:-1\" \/>\n<link rel=\"canonical\" href=\"https:\/\/kg-media.eu\/en\/contact\/\" \/>\n<meta property=\"og:locale\" content=\"en_US\" \/>\n<meta property=\"og:type\" content=\"article\" \/>\n<meta property=\"og:title\" content=\"Contact\" \/>\n<meta property=\"og:description\" content=\"Contact us to learn how KG Media can help your brand grow through digital and offline marketing strategies, targeted advertising, and analytics.\" \/>\n<meta property=\"og:url\" content=\"https:\/\/kg-media.eu\/en\/contact\/\" \/>\n<meta property=\"og:site_name\" content=\"KG Media\" \/>\n<meta property=\"article:publisher\" content=\"https:\/\/www.facebook.com\/kgmedia.agencija\/\" \/>\n<meta property=\"article:modified_time\" content=\"2025-04-25T09:12:50+00:00\" \/>\n<meta property=\"og:image\" content=\"https:\/\/kg-media.eu\/wp-content\/uploads\/2018\/05\/kg-media-contact-us-3-1.jpg\" \/>\n\t<meta property=\"og:image:width\" content=\"1600\" \/>\n\t<meta property=\"og:image:height\" content=\"800\" \/>\n\t<meta property=\"og:image:type\" content=\"image\/jpeg\" \/>\n<meta name=\"twitter:card\" content=\"summary_large_image\" \/>\n<script type=\"application\/ld+json\" class=\"yoast-schema-graph\">{\"@context\":\"https:\\\/\\\/schema.org\",\"@graph\":[{\"@type\":\"WebPage\",\"@id\":\"https:\\\/\\\/kg-media.eu\\\/en\\\/contact\\\/\",\"url\":\"https:\\\/\\\/kg-media.eu\\\/en\\\/contact\\\/\",\"name\":\"Looking for a Long-Term Marketing Solution? Contact us!\",\"isPartOf\":{\"@id\":\"https:\\\/\\\/kg-media.eu\\\/en\\\/#website\"},\"primaryImageOfPage\":{\"@id\":\"https:\\\/\\\/kg-media.eu\\\/en\\\/contact\\\/#primaryimage\"},\"image\":{\"@id\":\"https:\\\/\\\/kg-media.eu\\\/en\\\/contact\\\/#primaryimage\"},\"thumbnailUrl\":\"https:\\\/\\\/kg-media.eu\\\/wp-content\\\/uploads\\\/2018\\\/05\\\/kg-media-contact-us-3-1.jpg\",\"datePublished\":\"2018-01-15T09:13:25+00:00\",\"dateModified\":\"2025-04-25T09:12:50+00:00\",\"description\":\"Contact us to learn how KG Media can help your brand grow through digital and offline marketing strategies, targeted advertising, and analytics.\",\"breadcrumb\":{\"@id\":\"https:\\\/\\\/kg-media.eu\\\/en\\\/contact\\\/#breadcrumb\"},\"inLanguage\":\"en-US\",\"potentialAction\":[{\"@type\":\"ReadAction\",\"target\":[\"https:\\\/\\\/kg-media.eu\\\/en\\\/contact\\\/\"]}]},{\"@type\":\"ImageObject\",\"inLanguage\":\"en-US\",\"@id\":\"https:\\\/\\\/kg-media.eu\\\/en\\\/contact\\\/#primaryimage\",\"url\":\"https:\\\/\\\/kg-media.eu\\\/wp-content\\\/uploads\\\/2018\\\/05\\\/kg-media-contact-us-3-1.jpg\",\"contentUrl\":\"https:\\\/\\\/kg-media.eu\\\/wp-content\\\/uploads\\\/2018\\\/05\\\/kg-media-contact-us-3-1.jpg\",\"width\":1600,\"height\":800,\"caption\":\"KG Media Contact\"},{\"@type\":\"BreadcrumbList\",\"@id\":\"https:\\\/\\\/kg-media.eu\\\/en\\\/contact\\\/#breadcrumb\",\"itemListElement\":[{\"@type\":\"ListItem\",\"position\":1,\"name\":\"Home\",\"item\":\"https:\\\/\\\/kg-media.eu\\\/en\\\/\"},{\"@type\":\"ListItem\",\"position\":2,\"name\":\"Contact\"}]},{\"@type\":\"WebSite\",\"@id\":\"https:\\\/\\\/kg-media.eu\\\/en\\\/#website\",\"url\":\"https:\\\/\\\/kg-media.eu\\\/en\\\/\",\"name\":\"KG Media\",\"description\":\"\",\"publisher\":{\"@id\":\"https:\\\/\\\/kg-media.eu\\\/en\\\/#organization\"},\"potentialAction\":[{\"@type\":\"SearchAction\",\"target\":{\"@type\":\"EntryPoint\",\"urlTemplate\":\"https:\\\/\\\/kg-media.eu\\\/en\\\/?s={search_term_string}\"},\"query-input\":{\"@type\":\"PropertyValueSpecification\",\"valueRequired\":true,\"valueName\":\"search_term_string\"}}],\"inLanguage\":\"en-US\"},{\"@type\":\"Organization\",\"@id\":\"https:\\\/\\\/kg-media.eu\\\/en\\\/#organization\",\"name\":\"KG Media\",\"url\":\"https:\\\/\\\/kg-media.eu\\\/en\\\/\",\"logo\":{\"@type\":\"ImageObject\",\"inLanguage\":\"en-US\",\"@id\":\"https:\\\/\\\/kg-media.eu\\\/en\\\/#\\\/schema\\\/logo\\\/image\\\/\",\"url\":\"https:\\\/\\\/kg-media.eu\\\/wp-content\\\/uploads\\\/2024\\\/06\\\/kgm-logo.png\",\"contentUrl\":\"https:\\\/\\\/kg-media.eu\\\/wp-content\\\/uploads\\\/2024\\\/06\\\/kgm-logo.png\",\"width\":220,\"height\":154,\"caption\":\"KG Media\"},\"image\":{\"@id\":\"https:\\\/\\\/kg-media.eu\\\/en\\\/#\\\/schema\\\/logo\\\/image\\\/\"},\"sameAs\":[\"https:\\\/\\\/www.facebook.com\\\/kgmedia.agencija\\\/\",\"https:\\\/\\\/www.linkedin.com\\\/company\\\/kg-media\\\/\",\"https:\\\/\\\/www.instagram.com\\\/kgmedia.agencija\\\/\"]}]}<\/script>\n<!-- \/ Yoast SEO Premium plugin. -->","yoast_head_json":{"title":"Looking for a Long-Term Marketing Solution? Contact us!","description":"Contact us to learn how KG Media can help your brand grow through digital and offline marketing strategies, targeted advertising, and analytics.","robots":{"index":"index","follow":"follow","max-snippet":"max-snippet:-1","max-image-preview":"max-image-preview:large","max-video-preview":"max-video-preview:-1"},"canonical":"https:\/\/kg-media.eu\/en\/contact\/","og_locale":"en_US","og_type":"article","og_title":"Contact","og_description":"Contact us to learn how KG Media can help your brand grow through digital and offline marketing strategies, targeted advertising, and analytics.","og_url":"https:\/\/kg-media.eu\/en\/contact\/","og_site_name":"KG Media","article_publisher":"https:\/\/www.facebook.com\/kgmedia.agencija\/","article_modified_time":"2025-04-25T09:12:50+00:00","og_image":[{"width":1600,"height":800,"url":"https:\/\/kg-media.eu\/wp-content\/uploads\/2018\/05\/kg-media-contact-us-3-1.jpg","type":"image\/jpeg"}],"twitter_card":"summary_large_image","schema":{"@context":"https:\/\/schema.org","@graph":[{"@type":"WebPage","@id":"https:\/\/kg-media.eu\/en\/contact\/","url":"https:\/\/kg-media.eu\/en\/contact\/","name":"Looking for a Long-Term Marketing Solution? Contact us!","isPartOf":{"@id":"https:\/\/kg-media.eu\/en\/#website"},"primaryImageOfPage":{"@id":"https:\/\/kg-media.eu\/en\/contact\/#primaryimage"},"image":{"@id":"https:\/\/kg-media.eu\/en\/contact\/#primaryimage"},"thumbnailUrl":"https:\/\/kg-media.eu\/wp-content\/uploads\/2018\/05\/kg-media-contact-us-3-1.jpg","datePublished":"2018-01-15T09:13:25+00:00","dateModified":"2025-04-25T09:12:50+00:00","description":"Contact us to learn how KG Media can help your brand grow through digital and offline marketing strategies, targeted advertising, and analytics.","breadcrumb":{"@id":"https:\/\/kg-media.eu\/en\/contact\/#breadcrumb"},"inLanguage":"en-US","potentialAction":[{"@type":"ReadAction","target":["https:\/\/kg-media.eu\/en\/contact\/"]}]},{"@type":"ImageObject","inLanguage":"en-US","@id":"https:\/\/kg-media.eu\/en\/contact\/#primaryimage","url":"https:\/\/kg-media.eu\/wp-content\/uploads\/2018\/05\/kg-media-contact-us-3-1.jpg","contentUrl":"https:\/\/kg-media.eu\/wp-content\/uploads\/2018\/05\/kg-media-contact-us-3-1.jpg","width":1600,"height":800,"caption":"KG Media Contact"},{"@type":"BreadcrumbList","@id":"https:\/\/kg-media.eu\/en\/contact\/#breadcrumb","itemListElement":[{"@type":"ListItem","position":1,"name":"Home","item":"https:\/\/kg-media.eu\/en\/"},{"@type":"ListItem","position":2,"name":"Contact"}]},{"@type":"WebSite","@id":"https:\/\/kg-media.eu\/en\/#website","url":"https:\/\/kg-media.eu\/en\/","name":"KG Media","description":"","publisher":{"@id":"https:\/\/kg-media.eu\/en\/#organization"},"potentialAction":[{"@type":"SearchAction","target":{"@type":"EntryPoint","urlTemplate":"https:\/\/kg-media.eu\/en\/?s={search_term_string}"},"query-input":{"@type":"PropertyValueSpecification","valueRequired":true,"valueName":"search_term_string"}}],"inLanguage":"en-US"},{"@type":"Organization","@id":"https:\/\/kg-media.eu\/en\/#organization","name":"KG Media","url":"https:\/\/kg-media.eu\/en\/","logo":{"@type":"ImageObject","inLanguage":"en-US","@id":"https:\/\/kg-media.eu\/en\/#\/schema\/logo\/image\/","url":"https:\/\/kg-media.eu\/wp-content\/uploads\/2024\/06\/kgm-logo.png","contentUrl":"https:\/\/kg-media.eu\/wp-content\/uploads\/2024\/06\/kgm-logo.png","width":220,"height":154,"caption":"KG Media"},"image":{"@id":"https:\/\/kg-media.eu\/en\/#\/schema\/logo\/image\/"},"sameAs":["https:\/\/www.facebook.com\/kgmedia.agencija\/","https:\/\/www.linkedin.com\/company\/kg-media\/","https:\/\/www.instagram.com\/kgmedia.agencija\/"]}]}},"_links":{"self":[{"href":"https:\/\/kg-media.eu\/en\/wp-json\/wp\/v2\/pages\/2140","targetHints":{"allow":["GET"]}}],"collection":[{"href":"https:\/\/kg-media.eu\/en\/wp-json\/wp\/v2\/pages"}],"about":[{"href":"https:\/\/kg-media.eu\/en\/wp-json\/wp\/v2\/types\/page"}],"author":[{"embeddable":true,"href":"https:\/\/kg-media.eu\/en\/wp-json\/wp\/v2\/users\/13"}],"replies":[{"embeddable":true,"href":"https:\/\/kg-media.eu\/en\/wp-json\/wp\/v2\/comments?post=2140"}],"version-history":[{"count":0,"href":"https:\/\/kg-media.eu\/en\/wp-json\/wp\/v2\/pages\/2140\/revisions"}],"wp:featuredmedia":[{"embeddable":true,"href":"https:\/\/kg-media.eu\/en\/wp-json\/wp\/v2\/media\/2791"}],"wp:attachment":[{"href":"https:\/\/kg-media.eu\/en\/wp-json\/wp\/v2\/media?parent=2140"}],"curies":[{"name":"wp","href":"https:\/\/api.w.org\/{rel}","templated":true}]}}