{"id":2965,"date":"2016-08-24T10:45:11","date_gmt":"2016-08-24T10:45:11","guid":{"rendered":"https:\/\/kg-media.eu\/sitemap\/"},"modified":"2025-04-10T08:55:35","modified_gmt":"2025-04-10T06:55:35","slug":"sitemap","status":"publish","type":"page","link":"https:\/\/kg-media.eu\/de\/sitemap\/","title":{"rendered":"Sitemap"},"content":{"rendered":"\t<ul class=\"list--sitemap\"> \n\t\t<li class=\"page_item page-item-2011\"><a href=\"https:\/\/kg-media.eu\/de\/\">Startseite<\/a><\/li>\n<li class=\"page_item page-item-2670\"><a href=\"https:\/\/kg-media.eu\/de\/ueber-uns\/\">\u00dcber uns<\/a><\/li>\n<li class=\"page_item page-item-2749\"><a href=\"https:\/\/kg-media.eu\/de\/ceeda\/\">CEEDA<\/a><\/li>\n<li class=\"page_item page-item-2129\"><a href=\"https:\/\/kg-media.eu\/de\/dienstleistungen\/\">Dienstleistungen<\/a><\/li>\n<li class=\"page_item page-item-2674 page_item_has_children\"><a href=\"https:\/\/kg-media.eu\/de\/online\/\">Online Marketing<\/a>\n<ul class='children'>\n\t<li class=\"page_item page-item-14463\"><a href=\"https:\/\/kg-media.eu\/de\/online\/google-ads\/\">Google Ads<\/a><\/li>\n\t<li class=\"page_item page-item-14465\"><a href=\"https:\/\/kg-media.eu\/de\/online\/microsoft-advertising\/\">Microsoft Advertising<\/a><\/li>\n\t<li class=\"page_item page-item-2710\"><a href=\"https:\/\/kg-media.eu\/de\/online\/display-native-advertising\/\">Display &amp; Native Advertising<\/a><\/li>\n\t<li class=\"page_item page-item-14468\"><a href=\"https:\/\/kg-media.eu\/de\/online\/meta-facebook-instagram-marketing\/\">META (Facebook &amp; Instagram) Marketing<\/a><\/li>\n\t<li class=\"page_item page-item-14470\"><a href=\"https:\/\/kg-media.eu\/de\/online\/tiktok-marketing\/\">TikTok Marketing<\/a><\/li>\n\t<li class=\"page_item page-item-14472\"><a href=\"https:\/\/kg-media.eu\/de\/online\/linkedin-marketing\/\">LinkedIn Marketing<\/a><\/li>\n\t<li class=\"page_item page-item-14474\"><a href=\"https:\/\/kg-media.eu\/de\/online\/content-marketing\/\">Content Marketing<\/a><\/li>\n\t<li class=\"page_item page-item-2708\"><a href=\"https:\/\/kg-media.eu\/de\/online\/newsletter-e-mail-marketing\/\">Newsletter \/ E-Mail-Marketing<\/a><\/li>\n\t<li class=\"page_item page-item-2720\"><a href=\"https:\/\/kg-media.eu\/de\/online\/webanalyse\/\">Webanalyse<\/a><\/li>\n\t<li class=\"page_item page-item-2688\"><a href=\"https:\/\/kg-media.eu\/de\/online\/seo\/\">SEO<\/a><\/li>\n\t<li class=\"page_item page-item-14483\"><a href=\"https:\/\/kg-media.eu\/de\/online\/ux-audit\/\">UX Audit<\/a><\/li>\n<\/ul>\n<\/li>\n<li class=\"page_item page-item-2741 page_item_has_children\"><a href=\"https:\/\/kg-media.eu\/de\/offline\/\">Offline Marketing<\/a>\n<ul class='children'>\n\t<li class=\"page_item page-item-14498\"><a href=\"https:\/\/kg-media.eu\/de\/offline\/printwerbung\/\">Printwerbung<\/a><\/li>\n\t<li class=\"page_item page-item-14500\"><a href=\"https:\/\/kg-media.eu\/de\/offline\/radio-tv\/\">Radio &amp; TV<\/a><\/li>\n\t<li class=\"page_item page-item-14502\"><a href=\"https:\/\/kg-media.eu\/de\/offline\/ooh\/\">OOH<\/a><\/li>\n<\/ul>\n<\/li>\n<li class=\"page_item page-item-14435 page_item_has_children\"><a href=\"https:\/\/kg-media.eu\/de\/zusatzliche-werbe-services\/\">Zus\u00e4tzliche Werbe-Services&#8230;<\/a>\n<ul class='children'>\n\t<li class=\"page_item page-item-14504\"><a href=\"https:\/\/kg-media.eu\/de\/zusatzliche-werbe-services\/schulungen\/\">Schulungen<\/a><\/li>\n\t<li class=\"page_item page-item-14506\"><a href=\"https:\/\/kg-media.eu\/de\/zusatzliche-werbe-services\/beratung\/\">Beratung<\/a><\/li>\n\t<li class=\"page_item page-item-14508\"><a href=\"https:\/\/kg-media.eu\/de\/zusatzliche-werbe-services\/media-planung\/\">Media-Planung<\/a><\/li>\n<\/ul>\n<\/li>\n<li class=\"page_item page-item-2679\"><a href=\"https:\/\/kg-media.eu\/de\/kontakt\/\">Kontakt<\/a><\/li>\n<li class=\"page_item page-item-14430\"><a href=\"https:\/\/kg-media.eu\/de\/forma\/\">Forma<\/a><\/li>\n<li class=\"page_item page-item-3004\"><a href=\"https:\/\/kg-media.eu\/de\/impressum\/\">Impressum<\/a><\/li>\n<li class=\"page_item page-item-2959\"><a href=\"https:\/\/kg-media.eu\/de\/datenschutzerklaerung\/\">Datenschutzerkl\u00e4rung<\/a><\/li>\n\t<\/ul>\n\t\n","protected":false},"excerpt":{"rendered":"","protected":false},"author":11,"featured_media":0,"parent":0,"menu_order":46,"comment_status":"closed","ping_status":"closed","template":"","meta":{"_acf_changed":false,"footnotes":""},"class_list":["post-2965","page","type-page","status-publish","hentry"],"acf":[],"yoast_head":"<!-- This site is optimized with the Yoast SEO Premium plugin v27.4 (Yoast SEO v27.4) - https:\/\/yoast.com\/product\/yoast-seo-premium-wordpress\/ -->\n<title>Unsere Sitemap | KG Media<\/title>\n<meta name=\"description\" content=\"Eine komplette \u00dcbersicht aller Seiten und Dienste unserer Website. Nutzen Sie die Sitemap f\u00fcr eine einfachere Navigation und eine bessere \u00dcbersicht \u00fcber die Inhalte.\" \/>\n<meta name=\"robots\" content=\"index, follow, max-snippet:-1, max-image-preview:large, max-video-preview:-1\" \/>\n<link rel=\"canonical\" href=\"https:\/\/kg-media.eu\/de\/sitemap\/\" \/>\n<meta property=\"og:locale\" content=\"de_DE\" \/>\n<meta property=\"og:type\" content=\"article\" \/>\n<meta property=\"og:title\" content=\"Sitemap\" \/>\n<meta property=\"og:description\" content=\"Eine komplette \u00dcbersicht aller Seiten und Dienste unserer Website. Nutzen Sie die Sitemap f\u00fcr eine einfachere Navigation und eine bessere \u00dcbersicht \u00fcber die Inhalte.\" \/>\n<meta property=\"og:url\" content=\"https:\/\/kg-media.eu\/de\/sitemap\/\" \/>\n<meta property=\"og:site_name\" content=\"KG Media\" \/>\n<meta property=\"article:publisher\" content=\"https:\/\/www.facebook.com\/kgmedia.agencija\/\" \/>\n<meta property=\"article:modified_time\" content=\"2025-04-10T06:55:35+00:00\" \/>\n<meta property=\"og:image\" content=\"https:\/\/kg-media.eu\/wp-content\/uploads\/2016\/12\/kgm-fb-default.jpg\" \/>\n\t<meta property=\"og:image:width\" content=\"605\" \/>\n\t<meta property=\"og:image:height\" content=\"317\" \/>\n\t<meta property=\"og:image:type\" content=\"image\/jpeg\" \/>\n<meta name=\"twitter:card\" content=\"summary_large_image\" \/>\n<script type=\"application\/ld+json\" class=\"yoast-schema-graph\">{\"@context\":\"https:\\\/\\\/schema.org\",\"@graph\":[{\"@type\":\"WebPage\",\"@id\":\"https:\\\/\\\/kg-media.eu\\\/de\\\/sitemap\\\/\",\"url\":\"https:\\\/\\\/kg-media.eu\\\/de\\\/sitemap\\\/\",\"name\":\"Unsere Sitemap | KG Media\",\"isPartOf\":{\"@id\":\"https:\\\/\\\/kg-media.eu\\\/de\\\/#website\"},\"datePublished\":\"2016-08-24T10:45:11+00:00\",\"dateModified\":\"2025-04-10T06:55:35+00:00\",\"description\":\"Eine komplette \u00dcbersicht aller Seiten und Dienste unserer Website. Nutzen Sie die Sitemap f\u00fcr eine einfachere Navigation und eine bessere \u00dcbersicht \u00fcber die Inhalte.\",\"breadcrumb\":{\"@id\":\"https:\\\/\\\/kg-media.eu\\\/de\\\/sitemap\\\/#breadcrumb\"},\"inLanguage\":\"de\",\"potentialAction\":[{\"@type\":\"ReadAction\",\"target\":[\"https:\\\/\\\/kg-media.eu\\\/de\\\/sitemap\\\/\"]}]},{\"@type\":\"BreadcrumbList\",\"@id\":\"https:\\\/\\\/kg-media.eu\\\/de\\\/sitemap\\\/#breadcrumb\",\"itemListElement\":[{\"@type\":\"ListItem\",\"position\":1,\"name\":\"Home\",\"item\":\"https:\\\/\\\/kg-media.eu\\\/de\\\/\"},{\"@type\":\"ListItem\",\"position\":2,\"name\":\"Sitemap\"}]},{\"@type\":\"WebSite\",\"@id\":\"https:\\\/\\\/kg-media.eu\\\/de\\\/#website\",\"url\":\"https:\\\/\\\/kg-media.eu\\\/de\\\/\",\"name\":\"KG Media\",\"description\":\"\",\"publisher\":{\"@id\":\"https:\\\/\\\/kg-media.eu\\\/de\\\/#organization\"},\"potentialAction\":[{\"@type\":\"SearchAction\",\"target\":{\"@type\":\"EntryPoint\",\"urlTemplate\":\"https:\\\/\\\/kg-media.eu\\\/de\\\/?s={search_term_string}\"},\"query-input\":{\"@type\":\"PropertyValueSpecification\",\"valueRequired\":true,\"valueName\":\"search_term_string\"}}],\"inLanguage\":\"de\"},{\"@type\":\"Organization\",\"@id\":\"https:\\\/\\\/kg-media.eu\\\/de\\\/#organization\",\"name\":\"KG Media\",\"url\":\"https:\\\/\\\/kg-media.eu\\\/de\\\/\",\"logo\":{\"@type\":\"ImageObject\",\"inLanguage\":\"de\",\"@id\":\"https:\\\/\\\/kg-media.eu\\\/de\\\/#\\\/schema\\\/logo\\\/image\\\/\",\"url\":\"https:\\\/\\\/kg-media.eu\\\/wp-content\\\/uploads\\\/2024\\\/06\\\/kgm-logo.png\",\"contentUrl\":\"https:\\\/\\\/kg-media.eu\\\/wp-content\\\/uploads\\\/2024\\\/06\\\/kgm-logo.png\",\"width\":220,\"height\":154,\"caption\":\"KG Media\"},\"image\":{\"@id\":\"https:\\\/\\\/kg-media.eu\\\/de\\\/#\\\/schema\\\/logo\\\/image\\\/\"},\"sameAs\":[\"https:\\\/\\\/www.facebook.com\\\/kgmedia.agencija\\\/\",\"https:\\\/\\\/www.linkedin.com\\\/company\\\/kg-media\\\/\",\"https:\\\/\\\/www.instagram.com\\\/kgmedia.agencija\\\/\"]}]}<\/script>\n<!-- \/ Yoast SEO Premium plugin. -->","yoast_head_json":{"title":"Unsere Sitemap | KG Media","description":"Eine komplette \u00dcbersicht aller Seiten und Dienste unserer Website. Nutzen Sie die Sitemap f\u00fcr eine einfachere Navigation und eine bessere \u00dcbersicht \u00fcber die Inhalte.","robots":{"index":"index","follow":"follow","max-snippet":"max-snippet:-1","max-image-preview":"max-image-preview:large","max-video-preview":"max-video-preview:-1"},"canonical":"https:\/\/kg-media.eu\/de\/sitemap\/","og_locale":"de_DE","og_type":"article","og_title":"Sitemap","og_description":"Eine komplette \u00dcbersicht aller Seiten und Dienste unserer Website. Nutzen Sie die Sitemap f\u00fcr eine einfachere Navigation und eine bessere \u00dcbersicht \u00fcber die Inhalte.","og_url":"https:\/\/kg-media.eu\/de\/sitemap\/","og_site_name":"KG Media","article_publisher":"https:\/\/www.facebook.com\/kgmedia.agencija\/","article_modified_time":"2025-04-10T06:55:35+00:00","og_image":[{"width":605,"height":317,"url":"https:\/\/kg-media.eu\/wp-content\/uploads\/2016\/12\/kgm-fb-default.jpg","type":"image\/jpeg"}],"twitter_card":"summary_large_image","schema":{"@context":"https:\/\/schema.org","@graph":[{"@type":"WebPage","@id":"https:\/\/kg-media.eu\/de\/sitemap\/","url":"https:\/\/kg-media.eu\/de\/sitemap\/","name":"Unsere Sitemap | KG Media","isPartOf":{"@id":"https:\/\/kg-media.eu\/de\/#website"},"datePublished":"2016-08-24T10:45:11+00:00","dateModified":"2025-04-10T06:55:35+00:00","description":"Eine komplette \u00dcbersicht aller Seiten und Dienste unserer Website. Nutzen Sie die Sitemap f\u00fcr eine einfachere Navigation und eine bessere \u00dcbersicht \u00fcber die Inhalte.","breadcrumb":{"@id":"https:\/\/kg-media.eu\/de\/sitemap\/#breadcrumb"},"inLanguage":"de","potentialAction":[{"@type":"ReadAction","target":["https:\/\/kg-media.eu\/de\/sitemap\/"]}]},{"@type":"BreadcrumbList","@id":"https:\/\/kg-media.eu\/de\/sitemap\/#breadcrumb","itemListElement":[{"@type":"ListItem","position":1,"name":"Home","item":"https:\/\/kg-media.eu\/de\/"},{"@type":"ListItem","position":2,"name":"Sitemap"}]},{"@type":"WebSite","@id":"https:\/\/kg-media.eu\/de\/#website","url":"https:\/\/kg-media.eu\/de\/","name":"KG Media","description":"","publisher":{"@id":"https:\/\/kg-media.eu\/de\/#organization"},"potentialAction":[{"@type":"SearchAction","target":{"@type":"EntryPoint","urlTemplate":"https:\/\/kg-media.eu\/de\/?s={search_term_string}"},"query-input":{"@type":"PropertyValueSpecification","valueRequired":true,"valueName":"search_term_string"}}],"inLanguage":"de"},{"@type":"Organization","@id":"https:\/\/kg-media.eu\/de\/#organization","name":"KG Media","url":"https:\/\/kg-media.eu\/de\/","logo":{"@type":"ImageObject","inLanguage":"de","@id":"https:\/\/kg-media.eu\/de\/#\/schema\/logo\/image\/","url":"https:\/\/kg-media.eu\/wp-content\/uploads\/2024\/06\/kgm-logo.png","contentUrl":"https:\/\/kg-media.eu\/wp-content\/uploads\/2024\/06\/kgm-logo.png","width":220,"height":154,"caption":"KG Media"},"image":{"@id":"https:\/\/kg-media.eu\/de\/#\/schema\/logo\/image\/"},"sameAs":["https:\/\/www.facebook.com\/kgmedia.agencija\/","https:\/\/www.linkedin.com\/company\/kg-media\/","https:\/\/www.instagram.com\/kgmedia.agencija\/"]}]}},"_links":{"self":[{"href":"https:\/\/kg-media.eu\/de\/wp-json\/wp\/v2\/pages\/2965","targetHints":{"allow":["GET"]}}],"collection":[{"href":"https:\/\/kg-media.eu\/de\/wp-json\/wp\/v2\/pages"}],"about":[{"href":"https:\/\/kg-media.eu\/de\/wp-json\/wp\/v2\/types\/page"}],"author":[{"embeddable":true,"href":"https:\/\/kg-media.eu\/de\/wp-json\/wp\/v2\/users\/11"}],"replies":[{"embeddable":true,"href":"https:\/\/kg-media.eu\/de\/wp-json\/wp\/v2\/comments?post=2965"}],"version-history":[{"count":0,"href":"https:\/\/kg-media.eu\/de\/wp-json\/wp\/v2\/pages\/2965\/revisions"}],"wp:attachment":[{"href":"https:\/\/kg-media.eu\/de\/wp-json\/wp\/v2\/media?parent=2965"}],"curies":[{"name":"wp","href":"https:\/\/api.w.org\/{rel}","templated":true}]}}