{"id":2720,"date":"2016-07-22T09:59:10","date_gmt":"2016-07-22T09:59:10","guid":{"rendered":"https:\/\/kg-media.eu\/online\/google-analytics-sustav-mjerenja-konverzija\/"},"modified":"2025-04-10T13:19:38","modified_gmt":"2025-04-10T11:19:38","slug":"webanalyse","status":"publish","type":"page","link":"https:\/\/kg-media.eu\/de\/online\/webanalyse\/","title":{"rendered":"Webanalyse"},"content":{"rendered":"<p>Ihre Website ist das Herzst\u00fcck aller Online-Aktivit\u00e4ten &#8211; denn jeder Klick f\u00fchrt auf eine Landingpage.<\/p>\n<p>Mit Web Analytics erfassen, messen und interpretieren Sie die Daten Ihrer Besucher, um gezielte Marketingstrategien zu optimieren. Es ist wichtig zu wissen, wer wann und wie oft auf Ihre Anzeigen klickt, um das Nutzerverhalten besser zu verstehen und Inhalte gezielt anzupassen. Google Analytics ist dabei ein unverzichtbares Tool zur Erfolgskontrolle und Optimierung Ihrer Website-Performance.  <\/p>\n<p>Unser Expertenteam \u00fcbernimmt die Einrichtung, das Tracking und die kontinuierliche Optimierung Ihrer Web-Analyse, damit Sie datenbasierte Entscheidungen treffen und nachhaltige Erfolge erzielen k\u00f6nnen.<\/p>\n","protected":false},"excerpt":{"rendered":"<p>Ihre Website ist das Herzst\u00fcck aller Online-Aktivit\u00e4ten &#8211; denn jeder Klick f\u00fchrt auf eine Landingpage. Mit Web Analytics erfassen, messen und interpretieren Sie die Daten Ihrer Besucher, um gezielte Marketingstrategien zu optimieren. Es ist wichtig zu wissen, wer wann und wie oft auf Ihre Anzeigen klickt, um das Nutzerverhalten besser zu verstehen und Inhalte gezielt&#8230;<\/p>\n","protected":false},"author":13,"featured_media":10043,"parent":2674,"menu_order":9,"comment_status":"closed","ping_status":"closed","template":"","meta":{"_acf_changed":false,"footnotes":""},"class_list":["post-2720","page","type-page","status-publish","has-post-thumbnail","hentry"],"acf":[],"yoast_head":"<!-- This site is optimized with the Yoast SEO Premium plugin v27.4 (Yoast SEO v27.4) - https:\/\/yoast.com\/product\/yoast-seo-premium-wordpress\/ -->\n<title>Webanalyse mit professionellem Setup und Tracking | KG Media<\/title>\n<meta name=\"description\" content=\"Wir richten Ihre Webanalyse professionell ein, \u00fcberwachen und optimieren die Daten und wandeln sie in messbare Erfolge um. Jetzt Kontakt aufnehmen!\" \/>\n<meta name=\"robots\" content=\"index, follow, max-snippet:-1, max-image-preview:large, max-video-preview:-1\" \/>\n<link rel=\"canonical\" href=\"https:\/\/kg-media.eu\/de\/online\/webanalyse\/\" \/>\n<meta property=\"og:locale\" content=\"de_DE\" \/>\n<meta property=\"og:type\" content=\"article\" \/>\n<meta property=\"og:title\" content=\"Webanalyse\" \/>\n<meta property=\"og:description\" content=\"Wir richten Ihre Webanalyse professionell ein, \u00fcberwachen und optimieren die Daten und wandeln sie in messbare Erfolge um. Jetzt Kontakt aufnehmen!\" \/>\n<meta property=\"og:url\" content=\"https:\/\/kg-media.eu\/de\/online\/webanalyse\/\" \/>\n<meta property=\"og:site_name\" content=\"KG Media\" \/>\n<meta property=\"article:publisher\" content=\"https:\/\/www.facebook.com\/kgmedia.agencija\/\" \/>\n<meta property=\"article:modified_time\" content=\"2025-04-10T11:19:38+00:00\" \/>\n<meta property=\"og:image\" content=\"https:\/\/kg-media.eu\/wp-content\/uploads\/2024\/09\/hero-online-usluge.jpg\" \/>\n\t<meta property=\"og:image:width\" content=\"1024\" \/>\n\t<meta property=\"og:image:height\" content=\"512\" \/>\n\t<meta property=\"og:image:type\" content=\"image\/jpeg\" \/>\n<meta name=\"twitter:card\" content=\"summary_large_image\" \/>\n<script type=\"application\/ld+json\" class=\"yoast-schema-graph\">{\"@context\":\"https:\\\/\\\/schema.org\",\"@graph\":[{\"@type\":\"WebPage\",\"@id\":\"https:\\\/\\\/kg-media.eu\\\/de\\\/online\\\/webanalyse\\\/\",\"url\":\"https:\\\/\\\/kg-media.eu\\\/de\\\/online\\\/webanalyse\\\/\",\"name\":\"Webanalyse mit professionellem Setup und Tracking | KG Media\",\"isPartOf\":{\"@id\":\"https:\\\/\\\/kg-media.eu\\\/de\\\/#website\"},\"primaryImageOfPage\":{\"@id\":\"https:\\\/\\\/kg-media.eu\\\/de\\\/online\\\/webanalyse\\\/#primaryimage\"},\"image\":{\"@id\":\"https:\\\/\\\/kg-media.eu\\\/de\\\/online\\\/webanalyse\\\/#primaryimage\"},\"thumbnailUrl\":\"https:\\\/\\\/kg-media.eu\\\/wp-content\\\/uploads\\\/2024\\\/09\\\/hero-online-usluge.jpg\",\"datePublished\":\"2016-07-22T09:59:10+00:00\",\"dateModified\":\"2025-04-10T11:19:38+00:00\",\"description\":\"Wir richten Ihre Webanalyse professionell ein, \u00fcberwachen und optimieren die Daten und wandeln sie in messbare Erfolge um. Jetzt Kontakt aufnehmen!\",\"breadcrumb\":{\"@id\":\"https:\\\/\\\/kg-media.eu\\\/de\\\/online\\\/webanalyse\\\/#breadcrumb\"},\"inLanguage\":\"de\",\"potentialAction\":[{\"@type\":\"ReadAction\",\"target\":[\"https:\\\/\\\/kg-media.eu\\\/de\\\/online\\\/webanalyse\\\/\"]}]},{\"@type\":\"ImageObject\",\"inLanguage\":\"de\",\"@id\":\"https:\\\/\\\/kg-media.eu\\\/de\\\/online\\\/webanalyse\\\/#primaryimage\",\"url\":\"https:\\\/\\\/kg-media.eu\\\/wp-content\\\/uploads\\\/2024\\\/09\\\/hero-online-usluge.jpg\",\"contentUrl\":\"https:\\\/\\\/kg-media.eu\\\/wp-content\\\/uploads\\\/2024\\\/09\\\/hero-online-usluge.jpg\",\"width\":1024,\"height\":512,\"caption\":\"Digital\"},{\"@type\":\"BreadcrumbList\",\"@id\":\"https:\\\/\\\/kg-media.eu\\\/de\\\/online\\\/webanalyse\\\/#breadcrumb\",\"itemListElement\":[{\"@type\":\"ListItem\",\"position\":1,\"name\":\"Home\",\"item\":\"https:\\\/\\\/kg-media.eu\\\/de\\\/\"},{\"@type\":\"ListItem\",\"position\":2,\"name\":\"Online Marketing\",\"item\":\"https:\\\/\\\/kg-media.eu\\\/de\\\/online\\\/\"},{\"@type\":\"ListItem\",\"position\":3,\"name\":\"Webanalyse\"}]},{\"@type\":\"WebSite\",\"@id\":\"https:\\\/\\\/kg-media.eu\\\/de\\\/#website\",\"url\":\"https:\\\/\\\/kg-media.eu\\\/de\\\/\",\"name\":\"KG Media\",\"description\":\"\",\"publisher\":{\"@id\":\"https:\\\/\\\/kg-media.eu\\\/de\\\/#organization\"},\"potentialAction\":[{\"@type\":\"SearchAction\",\"target\":{\"@type\":\"EntryPoint\",\"urlTemplate\":\"https:\\\/\\\/kg-media.eu\\\/de\\\/?s={search_term_string}\"},\"query-input\":{\"@type\":\"PropertyValueSpecification\",\"valueRequired\":true,\"valueName\":\"search_term_string\"}}],\"inLanguage\":\"de\"},{\"@type\":\"Organization\",\"@id\":\"https:\\\/\\\/kg-media.eu\\\/de\\\/#organization\",\"name\":\"KG Media\",\"url\":\"https:\\\/\\\/kg-media.eu\\\/de\\\/\",\"logo\":{\"@type\":\"ImageObject\",\"inLanguage\":\"de\",\"@id\":\"https:\\\/\\\/kg-media.eu\\\/de\\\/#\\\/schema\\\/logo\\\/image\\\/\",\"url\":\"https:\\\/\\\/kg-media.eu\\\/wp-content\\\/uploads\\\/2024\\\/06\\\/kgm-logo.png\",\"contentUrl\":\"https:\\\/\\\/kg-media.eu\\\/wp-content\\\/uploads\\\/2024\\\/06\\\/kgm-logo.png\",\"width\":220,\"height\":154,\"caption\":\"KG Media\"},\"image\":{\"@id\":\"https:\\\/\\\/kg-media.eu\\\/de\\\/#\\\/schema\\\/logo\\\/image\\\/\"},\"sameAs\":[\"https:\\\/\\\/www.facebook.com\\\/kgmedia.agencija\\\/\",\"https:\\\/\\\/www.linkedin.com\\\/company\\\/kg-media\\\/\",\"https:\\\/\\\/www.instagram.com\\\/kgmedia.agencija\\\/\"]}]}<\/script>\n<!-- \/ Yoast SEO Premium plugin. -->","yoast_head_json":{"title":"Webanalyse mit professionellem Setup und Tracking | KG Media","description":"Wir richten Ihre Webanalyse professionell ein, \u00fcberwachen und optimieren die Daten und wandeln sie in messbare Erfolge um. Jetzt Kontakt aufnehmen!","robots":{"index":"index","follow":"follow","max-snippet":"max-snippet:-1","max-image-preview":"max-image-preview:large","max-video-preview":"max-video-preview:-1"},"canonical":"https:\/\/kg-media.eu\/de\/online\/webanalyse\/","og_locale":"de_DE","og_type":"article","og_title":"Webanalyse","og_description":"Wir richten Ihre Webanalyse professionell ein, \u00fcberwachen und optimieren die Daten und wandeln sie in messbare Erfolge um. Jetzt Kontakt aufnehmen!","og_url":"https:\/\/kg-media.eu\/de\/online\/webanalyse\/","og_site_name":"KG Media","article_publisher":"https:\/\/www.facebook.com\/kgmedia.agencija\/","article_modified_time":"2025-04-10T11:19:38+00:00","og_image":[{"width":1024,"height":512,"url":"https:\/\/kg-media.eu\/wp-content\/uploads\/2024\/09\/hero-online-usluge.jpg","type":"image\/jpeg"}],"twitter_card":"summary_large_image","schema":{"@context":"https:\/\/schema.org","@graph":[{"@type":"WebPage","@id":"https:\/\/kg-media.eu\/de\/online\/webanalyse\/","url":"https:\/\/kg-media.eu\/de\/online\/webanalyse\/","name":"Webanalyse mit professionellem Setup und Tracking | KG Media","isPartOf":{"@id":"https:\/\/kg-media.eu\/de\/#website"},"primaryImageOfPage":{"@id":"https:\/\/kg-media.eu\/de\/online\/webanalyse\/#primaryimage"},"image":{"@id":"https:\/\/kg-media.eu\/de\/online\/webanalyse\/#primaryimage"},"thumbnailUrl":"https:\/\/kg-media.eu\/wp-content\/uploads\/2024\/09\/hero-online-usluge.jpg","datePublished":"2016-07-22T09:59:10+00:00","dateModified":"2025-04-10T11:19:38+00:00","description":"Wir richten Ihre Webanalyse professionell ein, \u00fcberwachen und optimieren die Daten und wandeln sie in messbare Erfolge um. Jetzt Kontakt aufnehmen!","breadcrumb":{"@id":"https:\/\/kg-media.eu\/de\/online\/webanalyse\/#breadcrumb"},"inLanguage":"de","potentialAction":[{"@type":"ReadAction","target":["https:\/\/kg-media.eu\/de\/online\/webanalyse\/"]}]},{"@type":"ImageObject","inLanguage":"de","@id":"https:\/\/kg-media.eu\/de\/online\/webanalyse\/#primaryimage","url":"https:\/\/kg-media.eu\/wp-content\/uploads\/2024\/09\/hero-online-usluge.jpg","contentUrl":"https:\/\/kg-media.eu\/wp-content\/uploads\/2024\/09\/hero-online-usluge.jpg","width":1024,"height":512,"caption":"Digital"},{"@type":"BreadcrumbList","@id":"https:\/\/kg-media.eu\/de\/online\/webanalyse\/#breadcrumb","itemListElement":[{"@type":"ListItem","position":1,"name":"Home","item":"https:\/\/kg-media.eu\/de\/"},{"@type":"ListItem","position":2,"name":"Online Marketing","item":"https:\/\/kg-media.eu\/de\/online\/"},{"@type":"ListItem","position":3,"name":"Webanalyse"}]},{"@type":"WebSite","@id":"https:\/\/kg-media.eu\/de\/#website","url":"https:\/\/kg-media.eu\/de\/","name":"KG Media","description":"","publisher":{"@id":"https:\/\/kg-media.eu\/de\/#organization"},"potentialAction":[{"@type":"SearchAction","target":{"@type":"EntryPoint","urlTemplate":"https:\/\/kg-media.eu\/de\/?s={search_term_string}"},"query-input":{"@type":"PropertyValueSpecification","valueRequired":true,"valueName":"search_term_string"}}],"inLanguage":"de"},{"@type":"Organization","@id":"https:\/\/kg-media.eu\/de\/#organization","name":"KG Media","url":"https:\/\/kg-media.eu\/de\/","logo":{"@type":"ImageObject","inLanguage":"de","@id":"https:\/\/kg-media.eu\/de\/#\/schema\/logo\/image\/","url":"https:\/\/kg-media.eu\/wp-content\/uploads\/2024\/06\/kgm-logo.png","contentUrl":"https:\/\/kg-media.eu\/wp-content\/uploads\/2024\/06\/kgm-logo.png","width":220,"height":154,"caption":"KG Media"},"image":{"@id":"https:\/\/kg-media.eu\/de\/#\/schema\/logo\/image\/"},"sameAs":["https:\/\/www.facebook.com\/kgmedia.agencija\/","https:\/\/www.linkedin.com\/company\/kg-media\/","https:\/\/www.instagram.com\/kgmedia.agencija\/"]}]}},"_links":{"self":[{"href":"https:\/\/kg-media.eu\/de\/wp-json\/wp\/v2\/pages\/2720","targetHints":{"allow":["GET"]}}],"collection":[{"href":"https:\/\/kg-media.eu\/de\/wp-json\/wp\/v2\/pages"}],"about":[{"href":"https:\/\/kg-media.eu\/de\/wp-json\/wp\/v2\/types\/page"}],"author":[{"embeddable":true,"href":"https:\/\/kg-media.eu\/de\/wp-json\/wp\/v2\/users\/13"}],"replies":[{"embeddable":true,"href":"https:\/\/kg-media.eu\/de\/wp-json\/wp\/v2\/comments?post=2720"}],"version-history":[{"count":0,"href":"https:\/\/kg-media.eu\/de\/wp-json\/wp\/v2\/pages\/2720\/revisions"}],"up":[{"embeddable":true,"href":"https:\/\/kg-media.eu\/de\/wp-json\/wp\/v2\/pages\/2674"}],"wp:featuredmedia":[{"embeddable":true,"href":"https:\/\/kg-media.eu\/de\/wp-json\/wp\/v2\/media\/10043"}],"wp:attachment":[{"href":"https:\/\/kg-media.eu\/de\/wp-json\/wp\/v2\/media?parent=2720"}],"curies":[{"name":"wp","href":"https:\/\/api.w.org\/{rel}","templated":true}]}}