{"id":2708,"date":"2016-07-22T09:58:49","date_gmt":"2016-07-22T09:58:49","guid":{"rendered":"https:\/\/kg-media.eu\/online\/e-mail-marketing-strategije\/"},"modified":"2025-04-10T13:11:41","modified_gmt":"2025-04-10T11:11:41","slug":"newsletter-e-mail-marketing","status":"publish","type":"page","link":"https:\/\/kg-media.eu\/de\/online\/newsletter-e-mail-marketing\/","title":{"rendered":"Newsletter \/ E-Mail-Marketing"},"content":{"rendered":"<p>Wussten Sie, dass E-Mail-Marketing nach wie vor einer der effektivsten digitalen Marketingkan\u00e4le ist, um Ihre Ziele zu erreichen?<\/p>\n<p>Obwohl sich die digitale Marketinglandschaft st\u00e4ndig weiterentwickelt, bleibt E-Mail-Marketing eine der zuverl\u00e4ssigsten Methoden, um direkt mit Ihrer Zielgruppe zu kommunizieren. Es ist eine leistungsstarke Strategie, um Kundenbeziehungen zu pflegen, relevante Inhalte zu teilen und gezielte Werbebotschaften zu \u00fcbermitteln. <\/p>\n<p>Der Erfolg Ihrer Kampagne h\u00e4ngt von der Wahl der richtigen Plattform und einer durchdachten Strategie ab. Wir helfen Ihnen, personalisierte E-Mail-Kampagnen zu entwickeln, die Ihre Zielgruppe ansprechen und messbare Ergebnisse liefern.<\/p>\n","protected":false},"excerpt":{"rendered":"<p>Wussten Sie, dass E-Mail-Marketing nach wie vor einer der effektivsten digitalen Marketingkan\u00e4le ist, um Ihre Ziele zu erreichen? Obwohl sich die digitale Marketinglandschaft st\u00e4ndig weiterentwickelt, bleibt E-Mail-Marketing eine der zuverl\u00e4ssigsten Methoden, um direkt mit Ihrer Zielgruppe zu kommunizieren. Es ist eine leistungsstarke Strategie, um Kundenbeziehungen zu pflegen, relevante Inhalte zu teilen und gezielte Werbebotschaften zu&#8230;<\/p>\n","protected":false},"author":13,"featured_media":10043,"parent":2674,"menu_order":8,"comment_status":"closed","ping_status":"closed","template":"","meta":{"_acf_changed":false,"footnotes":""},"class_list":["post-2708","page","type-page","status-publish","has-post-thumbnail","hentry"],"acf":[],"yoast_head":"<!-- This site is optimized with the Yoast SEO Premium plugin v27.3 (Yoast SEO v27.3) - https:\/\/yoast.com\/product\/yoast-seo-premium-wordpress\/ -->\n<title>Professionelles E-Mail-Marketing f\u00fcr Ihr Business | KG Media<\/title>\n<meta name=\"description\" content=\"Gezieltes E-Mail-Marketing &amp; Newsletter, die Kundenloyalit\u00e4t und Conversions steigern. Individuelle Kampagnen f\u00fcr Ihre Marke - jetzt kontaktieren!\" \/>\n<meta name=\"robots\" content=\"index, follow, max-snippet:-1, max-image-preview:large, max-video-preview:-1\" \/>\n<link rel=\"canonical\" href=\"https:\/\/kg-media.eu\/de\/online\/newsletter-e-mail-marketing\/\" \/>\n<meta property=\"og:locale\" content=\"de_DE\" \/>\n<meta property=\"og:type\" content=\"article\" \/>\n<meta property=\"og:title\" content=\"Newsletter \/ E-Mail-Marketing\" \/>\n<meta property=\"og:description\" content=\"Gezieltes E-Mail-Marketing &amp; Newsletter, die Kundenloyalit\u00e4t und Conversions steigern. Individuelle Kampagnen f\u00fcr Ihre Marke - jetzt kontaktieren!\" \/>\n<meta property=\"og:url\" content=\"https:\/\/kg-media.eu\/de\/online\/newsletter-e-mail-marketing\/\" \/>\n<meta property=\"og:site_name\" content=\"KG Media\" \/>\n<meta property=\"article:publisher\" content=\"https:\/\/www.facebook.com\/kgmedia.agencija\/\" \/>\n<meta property=\"article:modified_time\" content=\"2025-04-10T11:11:41+00:00\" \/>\n<meta property=\"og:image\" content=\"https:\/\/kg-media.eu\/wp-content\/uploads\/2024\/09\/hero-online-usluge.jpg\" \/>\n\t<meta property=\"og:image:width\" content=\"1024\" \/>\n\t<meta property=\"og:image:height\" content=\"512\" \/>\n\t<meta property=\"og:image:type\" content=\"image\/jpeg\" \/>\n<meta name=\"twitter:card\" content=\"summary_large_image\" \/>\n<script type=\"application\/ld+json\" class=\"yoast-schema-graph\">{\"@context\":\"https:\\\/\\\/schema.org\",\"@graph\":[{\"@type\":\"WebPage\",\"@id\":\"https:\\\/\\\/kg-media.eu\\\/de\\\/online\\\/newsletter-e-mail-marketing\\\/\",\"url\":\"https:\\\/\\\/kg-media.eu\\\/de\\\/online\\\/newsletter-e-mail-marketing\\\/\",\"name\":\"Professionelles E-Mail-Marketing f\u00fcr Ihr Business | KG Media\",\"isPartOf\":{\"@id\":\"https:\\\/\\\/kg-media.eu\\\/de\\\/#website\"},\"primaryImageOfPage\":{\"@id\":\"https:\\\/\\\/kg-media.eu\\\/de\\\/online\\\/newsletter-e-mail-marketing\\\/#primaryimage\"},\"image\":{\"@id\":\"https:\\\/\\\/kg-media.eu\\\/de\\\/online\\\/newsletter-e-mail-marketing\\\/#primaryimage\"},\"thumbnailUrl\":\"https:\\\/\\\/kg-media.eu\\\/wp-content\\\/uploads\\\/2024\\\/09\\\/hero-online-usluge.jpg\",\"datePublished\":\"2016-07-22T09:58:49+00:00\",\"dateModified\":\"2025-04-10T11:11:41+00:00\",\"description\":\"Gezieltes E-Mail-Marketing & Newsletter, die Kundenloyalit\u00e4t und Conversions steigern. Individuelle Kampagnen f\u00fcr Ihre Marke - jetzt kontaktieren!\",\"breadcrumb\":{\"@id\":\"https:\\\/\\\/kg-media.eu\\\/de\\\/online\\\/newsletter-e-mail-marketing\\\/#breadcrumb\"},\"inLanguage\":\"de\",\"potentialAction\":[{\"@type\":\"ReadAction\",\"target\":[\"https:\\\/\\\/kg-media.eu\\\/de\\\/online\\\/newsletter-e-mail-marketing\\\/\"]}]},{\"@type\":\"ImageObject\",\"inLanguage\":\"de\",\"@id\":\"https:\\\/\\\/kg-media.eu\\\/de\\\/online\\\/newsletter-e-mail-marketing\\\/#primaryimage\",\"url\":\"https:\\\/\\\/kg-media.eu\\\/wp-content\\\/uploads\\\/2024\\\/09\\\/hero-online-usluge.jpg\",\"contentUrl\":\"https:\\\/\\\/kg-media.eu\\\/wp-content\\\/uploads\\\/2024\\\/09\\\/hero-online-usluge.jpg\",\"width\":1024,\"height\":512,\"caption\":\"Digital\"},{\"@type\":\"BreadcrumbList\",\"@id\":\"https:\\\/\\\/kg-media.eu\\\/de\\\/online\\\/newsletter-e-mail-marketing\\\/#breadcrumb\",\"itemListElement\":[{\"@type\":\"ListItem\",\"position\":1,\"name\":\"Home\",\"item\":\"https:\\\/\\\/kg-media.eu\\\/de\\\/\"},{\"@type\":\"ListItem\",\"position\":2,\"name\":\"Online Marketing\",\"item\":\"https:\\\/\\\/kg-media.eu\\\/de\\\/online\\\/\"},{\"@type\":\"ListItem\",\"position\":3,\"name\":\"Newsletter \\\/ E-Mail-Marketing\"}]},{\"@type\":\"WebSite\",\"@id\":\"https:\\\/\\\/kg-media.eu\\\/de\\\/#website\",\"url\":\"https:\\\/\\\/kg-media.eu\\\/de\\\/\",\"name\":\"KG Media\",\"description\":\"\",\"publisher\":{\"@id\":\"https:\\\/\\\/kg-media.eu\\\/de\\\/#organization\"},\"potentialAction\":[{\"@type\":\"SearchAction\",\"target\":{\"@type\":\"EntryPoint\",\"urlTemplate\":\"https:\\\/\\\/kg-media.eu\\\/de\\\/?s={search_term_string}\"},\"query-input\":{\"@type\":\"PropertyValueSpecification\",\"valueRequired\":true,\"valueName\":\"search_term_string\"}}],\"inLanguage\":\"de\"},{\"@type\":\"Organization\",\"@id\":\"https:\\\/\\\/kg-media.eu\\\/de\\\/#organization\",\"name\":\"KG Media\",\"url\":\"https:\\\/\\\/kg-media.eu\\\/de\\\/\",\"logo\":{\"@type\":\"ImageObject\",\"inLanguage\":\"de\",\"@id\":\"https:\\\/\\\/kg-media.eu\\\/de\\\/#\\\/schema\\\/logo\\\/image\\\/\",\"url\":\"https:\\\/\\\/kg-media.eu\\\/wp-content\\\/uploads\\\/2024\\\/06\\\/kgm-logo.png\",\"contentUrl\":\"https:\\\/\\\/kg-media.eu\\\/wp-content\\\/uploads\\\/2024\\\/06\\\/kgm-logo.png\",\"width\":220,\"height\":154,\"caption\":\"KG Media\"},\"image\":{\"@id\":\"https:\\\/\\\/kg-media.eu\\\/de\\\/#\\\/schema\\\/logo\\\/image\\\/\"},\"sameAs\":[\"https:\\\/\\\/www.facebook.com\\\/kgmedia.agencija\\\/\",\"https:\\\/\\\/www.linkedin.com\\\/company\\\/kg-media\\\/\",\"https:\\\/\\\/www.instagram.com\\\/kgmedia.agencija\\\/\"]}]}<\/script>\n<!-- \/ Yoast SEO Premium plugin. -->","yoast_head_json":{"title":"Professionelles E-Mail-Marketing f\u00fcr Ihr Business | KG Media","description":"Gezieltes E-Mail-Marketing & Newsletter, die Kundenloyalit\u00e4t und Conversions steigern. Individuelle Kampagnen f\u00fcr Ihre Marke - jetzt kontaktieren!","robots":{"index":"index","follow":"follow","max-snippet":"max-snippet:-1","max-image-preview":"max-image-preview:large","max-video-preview":"max-video-preview:-1"},"canonical":"https:\/\/kg-media.eu\/de\/online\/newsletter-e-mail-marketing\/","og_locale":"de_DE","og_type":"article","og_title":"Newsletter \/ E-Mail-Marketing","og_description":"Gezieltes E-Mail-Marketing & Newsletter, die Kundenloyalit\u00e4t und Conversions steigern. Individuelle Kampagnen f\u00fcr Ihre Marke - jetzt kontaktieren!","og_url":"https:\/\/kg-media.eu\/de\/online\/newsletter-e-mail-marketing\/","og_site_name":"KG Media","article_publisher":"https:\/\/www.facebook.com\/kgmedia.agencija\/","article_modified_time":"2025-04-10T11:11:41+00:00","og_image":[{"width":1024,"height":512,"url":"https:\/\/kg-media.eu\/wp-content\/uploads\/2024\/09\/hero-online-usluge.jpg","type":"image\/jpeg"}],"twitter_card":"summary_large_image","schema":{"@context":"https:\/\/schema.org","@graph":[{"@type":"WebPage","@id":"https:\/\/kg-media.eu\/de\/online\/newsletter-e-mail-marketing\/","url":"https:\/\/kg-media.eu\/de\/online\/newsletter-e-mail-marketing\/","name":"Professionelles E-Mail-Marketing f\u00fcr Ihr Business | KG Media","isPartOf":{"@id":"https:\/\/kg-media.eu\/de\/#website"},"primaryImageOfPage":{"@id":"https:\/\/kg-media.eu\/de\/online\/newsletter-e-mail-marketing\/#primaryimage"},"image":{"@id":"https:\/\/kg-media.eu\/de\/online\/newsletter-e-mail-marketing\/#primaryimage"},"thumbnailUrl":"https:\/\/kg-media.eu\/wp-content\/uploads\/2024\/09\/hero-online-usluge.jpg","datePublished":"2016-07-22T09:58:49+00:00","dateModified":"2025-04-10T11:11:41+00:00","description":"Gezieltes E-Mail-Marketing & Newsletter, die Kundenloyalit\u00e4t und Conversions steigern. Individuelle Kampagnen f\u00fcr Ihre Marke - jetzt kontaktieren!","breadcrumb":{"@id":"https:\/\/kg-media.eu\/de\/online\/newsletter-e-mail-marketing\/#breadcrumb"},"inLanguage":"de","potentialAction":[{"@type":"ReadAction","target":["https:\/\/kg-media.eu\/de\/online\/newsletter-e-mail-marketing\/"]}]},{"@type":"ImageObject","inLanguage":"de","@id":"https:\/\/kg-media.eu\/de\/online\/newsletter-e-mail-marketing\/#primaryimage","url":"https:\/\/kg-media.eu\/wp-content\/uploads\/2024\/09\/hero-online-usluge.jpg","contentUrl":"https:\/\/kg-media.eu\/wp-content\/uploads\/2024\/09\/hero-online-usluge.jpg","width":1024,"height":512,"caption":"Digital"},{"@type":"BreadcrumbList","@id":"https:\/\/kg-media.eu\/de\/online\/newsletter-e-mail-marketing\/#breadcrumb","itemListElement":[{"@type":"ListItem","position":1,"name":"Home","item":"https:\/\/kg-media.eu\/de\/"},{"@type":"ListItem","position":2,"name":"Online Marketing","item":"https:\/\/kg-media.eu\/de\/online\/"},{"@type":"ListItem","position":3,"name":"Newsletter \/ E-Mail-Marketing"}]},{"@type":"WebSite","@id":"https:\/\/kg-media.eu\/de\/#website","url":"https:\/\/kg-media.eu\/de\/","name":"KG Media","description":"","publisher":{"@id":"https:\/\/kg-media.eu\/de\/#organization"},"potentialAction":[{"@type":"SearchAction","target":{"@type":"EntryPoint","urlTemplate":"https:\/\/kg-media.eu\/de\/?s={search_term_string}"},"query-input":{"@type":"PropertyValueSpecification","valueRequired":true,"valueName":"search_term_string"}}],"inLanguage":"de"},{"@type":"Organization","@id":"https:\/\/kg-media.eu\/de\/#organization","name":"KG Media","url":"https:\/\/kg-media.eu\/de\/","logo":{"@type":"ImageObject","inLanguage":"de","@id":"https:\/\/kg-media.eu\/de\/#\/schema\/logo\/image\/","url":"https:\/\/kg-media.eu\/wp-content\/uploads\/2024\/06\/kgm-logo.png","contentUrl":"https:\/\/kg-media.eu\/wp-content\/uploads\/2024\/06\/kgm-logo.png","width":220,"height":154,"caption":"KG Media"},"image":{"@id":"https:\/\/kg-media.eu\/de\/#\/schema\/logo\/image\/"},"sameAs":["https:\/\/www.facebook.com\/kgmedia.agencija\/","https:\/\/www.linkedin.com\/company\/kg-media\/","https:\/\/www.instagram.com\/kgmedia.agencija\/"]}]}},"_links":{"self":[{"href":"https:\/\/kg-media.eu\/de\/wp-json\/wp\/v2\/pages\/2708","targetHints":{"allow":["GET"]}}],"collection":[{"href":"https:\/\/kg-media.eu\/de\/wp-json\/wp\/v2\/pages"}],"about":[{"href":"https:\/\/kg-media.eu\/de\/wp-json\/wp\/v2\/types\/page"}],"author":[{"embeddable":true,"href":"https:\/\/kg-media.eu\/de\/wp-json\/wp\/v2\/users\/13"}],"replies":[{"embeddable":true,"href":"https:\/\/kg-media.eu\/de\/wp-json\/wp\/v2\/comments?post=2708"}],"version-history":[{"count":0,"href":"https:\/\/kg-media.eu\/de\/wp-json\/wp\/v2\/pages\/2708\/revisions"}],"up":[{"embeddable":true,"href":"https:\/\/kg-media.eu\/de\/wp-json\/wp\/v2\/pages\/2674"}],"wp:featuredmedia":[{"embeddable":true,"href":"https:\/\/kg-media.eu\/de\/wp-json\/wp\/v2\/media\/10043"}],"wp:attachment":[{"href":"https:\/\/kg-media.eu\/de\/wp-json\/wp\/v2\/media?parent=2708"}],"curies":[{"name":"wp","href":"https:\/\/api.w.org\/{rel}","templated":true}]}}