{"id":2679,"date":"2018-05-03T07:09:48","date_gmt":"2018-05-03T07:09:48","guid":{"rendered":"https:\/\/kg-media.eu\/?page_id=2679"},"modified":"2025-04-25T11:13:46","modified_gmt":"2025-04-25T09:13:46","slug":"kontakt","status":"publish","type":"page","link":"https:\/\/kg-media.eu\/de\/kontakt\/","title":{"rendered":"Kontakt"},"content":{"rendered":"<section class=\"l-section wpb_row height_small width_custom\" style=\"--site-content-width:1635px;\"><div class=\"l-section-h i-cf\"><div class=\"g-cols vc_row via_grid cols_1 laptops-cols_inherit tablets-cols_inherit mobiles-cols_1 valign_top type_default stacking_default\"><div class=\"wpb_column vc_column_container\"><div class=\"vc_column-inner\"><div class=\"g-cols wpb_row us_custom_4500dbe2 via_grid cols_1 laptops-cols_inherit tablets-cols_inherit mobiles-cols_1 valign_top type_default stacking_default\" style=\"--columns-gap:3rem;\"><div class=\"wpb_column vc_column_container us_custom_45407d0e jc-mob-stretched hero-img-yellow-border-bottom has_bg_color\"><div class=\"vc_column-inner\"><div class=\"wpb_text_column us_custom_29d8ae98 text-on-center-image has_text_color\"><div class=\"wpb_wrapper\"><p>Jede Kampagne,<br \/>so wie jede Reise,<br \/>beginnt mit dem ersten Schritt.<\/p>\n<p>Wage es.<\/p>\n<\/div><\/div><\/div><\/div><\/div><div class=\"g-cols wpb_row via_grid cols_custom laptops-cols_inherit tablets-cols_inherit mobiles-cols_1 valign_top type_default stacking_default\" style=\"--columns-gap:0rem;--custom-columns:4fr 6fr\"><div class=\"wpb_column vc_column_container us_custom_e5296129 has_bg_color\"><div class=\"vc_column-inner\"><div class=\"wpb_text_column us_custom_63672797\"><div class=\"wpb_wrapper\"><p>Brauchen Sie schnelle Unterst\u00fctzung? Manchmal muss es schnell gehen \u2013 wir verstehen das! Rufen Sie uns einfach an:<\/p>\n<\/div><\/div><div class=\"wpb_text_column us_custom_6e960a9a\"><div class=\"wpb_wrapper\"><p>Obertrum am See <a href=\"tel:+43%206219%206143\"><strong>+43 6219 6143<\/strong><\/a><\/p>\n<p>Pore\u010d <a href=\"tel:+385%2052%20427%20046\"><strong>+385 52 427 046<\/strong><\/a><\/p>\n<p>\u010cakovec <a href=\"tel:+385%2040%20395%20246\"><strong>+385 40 395 246<\/strong><\/a><\/p>\n<\/div><\/div><\/div><\/div><div class=\"wpb_column vc_column_container us_custom_c70c97eb has_bg_color\"><div class=\"vc_column-inner\"><div class=\"wpb_text_column us_custom_acf3e02b\"><div class=\"wpb_wrapper\"><p>oder schildern Sie uns Ihr Anliegen per Nachricht.<\/p>\n<p>Sobald wir alle M\u00f6glichkeiten gepr\u00fcft haben, setzen wir uns mit Ihnen f\u00fcr ein pers\u00f6nliches Gespr\u00e4ch in Verbindung.<\/p>\n<p><strong><em>Wir antworten schnell!<\/em><\/strong><\/p>\n<\/div><\/div><\/div><\/div><\/div><\/div><\/div><\/div><\/div><\/section><section class=\"l-section wpb_row us_custom_19737bc8 height_auto width_custom\" style=\"--site-content-width:790px;\"><div class=\"l-section-h i-cf\"><div class=\"g-cols vc_row via_grid cols_1 laptops-cols_inherit tablets-cols_inherit mobiles-cols_1 valign_top type_default stacking_default\"><div class=\"wpb_column vc_column_container\"><div class=\"vc_column-inner\"><div class=\"w-text us_custom_e5fc6738\"><span class=\"w-text-h\"><span class=\"w-text-value\">Schreiben Sie uns:<\/span><\/span><\/div>\n<div class=\"wpcf7 no-js w-form layout_ver for_cform\" id=\"wpcf7-f14070-o1\" lang=\"de-DE\" dir=\"ltr\" data-wpcf7-id=\"14070\">\n<div class=\"screen-reader-response\"><p role=\"status\" aria-live=\"polite\" aria-atomic=\"true\"><\/p> <ul><\/ul><\/div>\n<form action=\"\/de\/wp-json\/wp\/v2\/pages\/2679#wpcf7-f14070-o1\" method=\"post\" class=\"wpcf7-form init\" aria-label=\"Kontaktformular\" novalidate=\"novalidate\" data-status=\"init\">\n<fieldset class=\"hidden-fields-container\"><input type=\"hidden\" name=\"_wpcf7\" value=\"14070\" \/><input type=\"hidden\" name=\"_wpcf7_version\" value=\"6.1.5\" \/><input type=\"hidden\" name=\"_wpcf7_locale\" value=\"de_DE\" \/><input type=\"hidden\" name=\"_wpcf7_unit_tag\" value=\"wpcf7-f14070-o1\" \/><input type=\"hidden\" name=\"_wpcf7_container_post\" value=\"0\" \/><input type=\"hidden\" name=\"_wpcf7_posted_data_hash\" value=\"\" \/>\n<\/fieldset>\n<div class=\"w-form-h\">\n\n<div class=\"w-form-row for_text required has_label move_label with_icon\">\n  <div class=\"w-form-row-label\">\n    <span>Ihr Name*<\/span>\n  <\/div>\n  <div class=\"w-form-row-field\">\n<i class=\"fal fa-user\"><\/i>\n    <span class=\"wpcf7-form-control-wrap\" data-name=\"your-name\"><input size=\"100\" maxlength=\"400\" class=\"wpcf7-form-control wpcf7-text wpcf7-validates-as-required\" aria-required=\"true\" aria-invalid=\"false\" value=\"\" type=\"text\" name=\"your-name\" \/><\/span>\n  <\/div>\n<\/div>\n\n<div class=\"w-form-row for_text required has_label move_label with_icon\">\n  <div class=\"w-form-row-label\">  \n    <span>Ihre E-Mail-Adresse*<\/span>\n  <\/div>\n  <div class=\"w-form-row-field\">\n    <i class=\"fal fa-envelope\"><\/i>  \n    <span class=\"wpcf7-form-control-wrap\" data-name=\"your-email\"><input size=\"100\" maxlength=\"400\" class=\"wpcf7-form-control wpcf7-email wpcf7-validates-as-required wpcf7-text wpcf7-validates-as-email\" aria-required=\"true\" aria-invalid=\"false\" value=\"\" type=\"email\" name=\"your-email\" \/><\/span>\n  <\/div>\n<\/div>\n\n<div class=\"w-form-row for_text required has_label move_label with_icon\">\n  <div class=\"w-form-row-label\">  \n    <span>Ihr Unternehmen*<\/span>\n  <\/div>\n  <div class=\"w-form-row-field\">\n    <i class=\"fal fa-building\"><\/i>  \n    <span class=\"wpcf7-form-control-wrap\" data-name=\"tvrtka\"><input size=\"100\" maxlength=\"400\" class=\"wpcf7-form-control wpcf7-text wpcf7-validates-as-required\" aria-required=\"true\" aria-invalid=\"false\" value=\"\" type=\"text\" name=\"tvrtka\" \/><\/span>\n  <\/div>\n<\/div>\n\n<div class=\"w-form-row for_text required has_label move_label with_icon\">\n  <div class=\"w-form-row-label\">\n    <span>Ihre Nacricht*<\/span>\n  <\/div>\n  <div class=\"w-form-row-field\">\n    <i class=\"fal fa-pencil\"><\/i>\n    <span class=\"wpcf7-form-control-wrap\" data-name=\"your-message\"><textarea cols=\"100\" rows=\"5\" maxlength=\"2000\" class=\"wpcf7-form-control wpcf7-textarea wpcf7-validates-as-required\" aria-required=\"true\" aria-invalid=\"false\" name=\"your-message\"><\/textarea><\/span>\n  <\/div>\n<\/div>\n\n<div class=\"w-form-row for_agreement required\">\n  <div class=\"w-form-row-field\">\n    Mit dem Absenden erkl\u00e4ren Sie sich mit unseren <a href=\"\/de\/datenschutzerklaerung\/\" target=\"_blank\">Datenschutzbestimmungen<\/a> einverstanden.\n  <\/div>\n<\/div>\n\n<div class=\"w-form-row for_submit\">\n  <div class=\"w-form-row-field\">\n<div class=\"contact-form-icon\">\n  <button type=\"submit\" class=\"wpcf7-submit icon_atright\"><i class=\"fas fa-plus\"><\/i> NACHRICHT SENDEN<\/button>\n  <span class=\"wpcf7-spinner\"><\/span>\n<\/div>\n  <\/div>\n<\/div>\n\n<\/div><p style=\"display: none !important;\" class=\"akismet-fields-container\" data-prefix=\"_wpcf7_ak_\"><label>&#916;<textarea name=\"_wpcf7_ak_hp_textarea\" cols=\"45\" rows=\"8\" maxlength=\"100\"><\/textarea><\/label><input type=\"hidden\" id=\"ak_js_1\" name=\"_wpcf7_ak_js\" value=\"8\"\/><script>document.getElementById( \"ak_js_1\" ).setAttribute( \"value\", ( new Date() ).getTime() );<\/script><\/p><div class=\"wpcf7-response-output\" aria-hidden=\"true\"><\/div>\n<\/form>\n<\/div>\n<\/div><\/div><\/div><\/div><\/section><section class=\"l-section wpb_row us_custom_e941b487 height_huge\"><div class=\"l-section-h i-cf\"><div class=\"g-cols vc_row via_grid cols_2 laptops-cols_inherit tablets-cols_inherit mobiles-cols_1 valign_top type_default stacking_default\" style=\"--columns-gap:0rem;\"><div class=\"wpb_column vc_column_container us_custom_b0b50722\"><div class=\"vc_column-inner\"><div class=\"w-html\"><iframe src=\"https:\/\/snazzymaps.com\/embed\/625569\" width=\"100%\" height=\"900px\" style=\"border:none;\"><\/iframe><\/div><\/div><\/div><div class=\"wpb_column vc_column_container us_custom_d12eb715 info-contact jc-justify-content-center has_bg_color\"><div class=\"vc_column-inner\"><div class=\"w-text us_custom_07491091 has_text_color\"><span class=\"w-text-h\"><span class=\"w-text-value\">Besuchen Sie uns in einem unserer B\u00fcros:<\/span><\/span><\/div><div class=\"wpb_text_column us_custom_5a43df54 has_text_color\"><div class=\"wpb_wrapper\"><p><strong>KG Media GmbH<\/strong><br \/>Buchenweg 10, 5162 Obertrum am See, Austria<br \/><strong><a href=\"tel:%20+43%206219%206143\">+43 6219 6143<\/a><\/strong><\/p>\n<\/div><\/div><div class=\"w-btn-wrapper align_none\"><a class=\"w-btn us-btn-style_30 us_custom_2a789b60 icon_atleft\" target=\"_blank\" href=\"https:\/\/maps.app.goo.gl\/ZUCsKiFfKomTFA2y7\"><i class=\"fas fa-plus\"><\/i><span class=\"w-btn-label\">Route anzeigen &amp; Standort finden<\/span><\/a><\/div><div class=\"wpb_text_column us_custom_5a43df54 has_text_color\"><div class=\"wpb_wrapper\"><p><strong>K. G. Media d.o.o.<\/strong><br \/>Partizanska 4\/1, 52440 Pore\u010d, Kroatien<br \/><strong><a href=\"tel:%20+385%2052%20427%20046\">+385 52 427 046<\/a><\/strong><\/p>\n<\/div><\/div><div class=\"w-btn-wrapper align_none\"><a class=\"w-btn us-btn-style_30 us_custom_2a789b60 icon_atleft\" target=\"_blank\" href=\"https:\/\/maps.app.goo.gl\/RbtDcmyj1TQSoZ7D6\"><i class=\"fas fa-plus\"><\/i><span class=\"w-btn-label\">Route anzeigen &amp; Standort finden<\/span><\/a><\/div><div class=\"wpb_text_column us_custom_5a43df54 has_text_color\"><div class=\"wpb_wrapper\"><p><strong>K. G. Media d.o.o.<\/strong><br \/>Bana Jela\u010di\u0107a 22N, 40000 \u010cakovec, Kroatien<br \/><strong><a href=\"tel:%20+385%2040%20395%20246\">+385 40 395 246<\/a><\/strong><\/p>\n<\/div><\/div><div class=\"w-btn-wrapper align_none\"><a class=\"w-btn us-btn-style_30 us_custom_2a789b60 icon_atleft\" target=\"_blank\" href=\"https:\/\/maps.app.goo.gl\/FeEZ8aADjstXzDXy5\"><i class=\"fas fa-plus\"><\/i><span class=\"w-btn-label\">Route anzeigen &amp; Standort finden<\/span><\/a><\/div><\/div><\/div><\/div><\/div><\/section>\n","protected":false},"excerpt":{"rendered":"","protected":false},"author":13,"featured_media":2682,"parent":0,"menu_order":29,"comment_status":"closed","ping_status":"closed","template":"","meta":{"_acf_changed":false,"footnotes":""},"class_list":["post-2679","page","type-page","status-publish","has-post-thumbnail","hentry"],"acf":[],"yoast_head":"<!-- This site is optimized with the Yoast SEO Premium plugin v27.4 (Yoast SEO v27.4) - https:\/\/yoast.com\/product\/yoast-seo-premium-wordpress\/ -->\n<title>Sie suchen eine langfristige Marketingl\u00f6sung? Kontaktieren Sie uns!<\/title>\n<meta name=\"description\" content=\"Kontaktieren Sie uns und erfahren Sie, wie KG Media Ihr Unternehmen mit gezieltem Marketing, Werbestrategien und Datenanalysen erfolgreich macht.\" \/>\n<meta name=\"robots\" content=\"index, follow, max-snippet:-1, max-image-preview:large, max-video-preview:-1\" \/>\n<link rel=\"canonical\" href=\"https:\/\/kg-media.eu\/de\/kontakt\/\" \/>\n<meta property=\"og:locale\" content=\"de_DE\" \/>\n<meta property=\"og:type\" content=\"article\" \/>\n<meta property=\"og:title\" content=\"Kontakt\" \/>\n<meta property=\"og:description\" content=\"Kontaktieren Sie uns und erfahren Sie, wie KG Media Ihr Unternehmen mit gezieltem Marketing, Werbestrategien und Datenanalysen erfolgreich macht.\" \/>\n<meta property=\"og:url\" content=\"https:\/\/kg-media.eu\/de\/kontakt\/\" \/>\n<meta property=\"og:site_name\" content=\"KG Media\" \/>\n<meta property=\"article:publisher\" content=\"https:\/\/www.facebook.com\/kgmedia.agencija\/\" \/>\n<meta property=\"article:modified_time\" content=\"2025-04-25T09:13:46+00:00\" \/>\n<meta property=\"og:image\" content=\"https:\/\/kg-media.eu\/wp-content\/uploads\/2018\/04\/kg-media-contact-us-3.jpg\" \/>\n\t<meta property=\"og:image:width\" content=\"1600\" \/>\n\t<meta property=\"og:image:height\" content=\"800\" \/>\n\t<meta property=\"og:image:type\" content=\"image\/jpeg\" \/>\n<meta name=\"twitter:card\" content=\"summary_large_image\" \/>\n<script type=\"application\/ld+json\" class=\"yoast-schema-graph\">{\"@context\":\"https:\\\/\\\/schema.org\",\"@graph\":[{\"@type\":\"WebPage\",\"@id\":\"https:\\\/\\\/kg-media.eu\\\/de\\\/kontakt\\\/\",\"url\":\"https:\\\/\\\/kg-media.eu\\\/de\\\/kontakt\\\/\",\"name\":\"Sie suchen eine langfristige Marketingl\u00f6sung? Kontaktieren Sie uns!\",\"isPartOf\":{\"@id\":\"https:\\\/\\\/kg-media.eu\\\/de\\\/#website\"},\"primaryImageOfPage\":{\"@id\":\"https:\\\/\\\/kg-media.eu\\\/de\\\/kontakt\\\/#primaryimage\"},\"image\":{\"@id\":\"https:\\\/\\\/kg-media.eu\\\/de\\\/kontakt\\\/#primaryimage\"},\"thumbnailUrl\":\"https:\\\/\\\/kg-media.eu\\\/wp-content\\\/uploads\\\/2018\\\/04\\\/kg-media-contact-us-3.jpg\",\"datePublished\":\"2018-05-03T07:09:48+00:00\",\"dateModified\":\"2025-04-25T09:13:46+00:00\",\"description\":\"Kontaktieren Sie uns und erfahren Sie, wie KG Media Ihr Unternehmen mit gezieltem Marketing, Werbestrategien und Datenanalysen erfolgreich macht.\",\"breadcrumb\":{\"@id\":\"https:\\\/\\\/kg-media.eu\\\/de\\\/kontakt\\\/#breadcrumb\"},\"inLanguage\":\"de\",\"potentialAction\":[{\"@type\":\"ReadAction\",\"target\":[\"https:\\\/\\\/kg-media.eu\\\/de\\\/kontakt\\\/\"]}]},{\"@type\":\"ImageObject\",\"inLanguage\":\"de\",\"@id\":\"https:\\\/\\\/kg-media.eu\\\/de\\\/kontakt\\\/#primaryimage\",\"url\":\"https:\\\/\\\/kg-media.eu\\\/wp-content\\\/uploads\\\/2018\\\/04\\\/kg-media-contact-us-3.jpg\",\"contentUrl\":\"https:\\\/\\\/kg-media.eu\\\/wp-content\\\/uploads\\\/2018\\\/04\\\/kg-media-contact-us-3.jpg\",\"width\":1600,\"height\":800,\"caption\":\"KG Media - Contact Us\"},{\"@type\":\"BreadcrumbList\",\"@id\":\"https:\\\/\\\/kg-media.eu\\\/de\\\/kontakt\\\/#breadcrumb\",\"itemListElement\":[{\"@type\":\"ListItem\",\"position\":1,\"name\":\"Home\",\"item\":\"https:\\\/\\\/kg-media.eu\\\/de\\\/\"},{\"@type\":\"ListItem\",\"position\":2,\"name\":\"Kontakt\"}]},{\"@type\":\"WebSite\",\"@id\":\"https:\\\/\\\/kg-media.eu\\\/de\\\/#website\",\"url\":\"https:\\\/\\\/kg-media.eu\\\/de\\\/\",\"name\":\"KG Media\",\"description\":\"\",\"publisher\":{\"@id\":\"https:\\\/\\\/kg-media.eu\\\/de\\\/#organization\"},\"potentialAction\":[{\"@type\":\"SearchAction\",\"target\":{\"@type\":\"EntryPoint\",\"urlTemplate\":\"https:\\\/\\\/kg-media.eu\\\/de\\\/?s={search_term_string}\"},\"query-input\":{\"@type\":\"PropertyValueSpecification\",\"valueRequired\":true,\"valueName\":\"search_term_string\"}}],\"inLanguage\":\"de\"},{\"@type\":\"Organization\",\"@id\":\"https:\\\/\\\/kg-media.eu\\\/de\\\/#organization\",\"name\":\"KG Media\",\"url\":\"https:\\\/\\\/kg-media.eu\\\/de\\\/\",\"logo\":{\"@type\":\"ImageObject\",\"inLanguage\":\"de\",\"@id\":\"https:\\\/\\\/kg-media.eu\\\/de\\\/#\\\/schema\\\/logo\\\/image\\\/\",\"url\":\"https:\\\/\\\/kg-media.eu\\\/wp-content\\\/uploads\\\/2024\\\/06\\\/kgm-logo.png\",\"contentUrl\":\"https:\\\/\\\/kg-media.eu\\\/wp-content\\\/uploads\\\/2024\\\/06\\\/kgm-logo.png\",\"width\":220,\"height\":154,\"caption\":\"KG Media\"},\"image\":{\"@id\":\"https:\\\/\\\/kg-media.eu\\\/de\\\/#\\\/schema\\\/logo\\\/image\\\/\"},\"sameAs\":[\"https:\\\/\\\/www.facebook.com\\\/kgmedia.agencija\\\/\",\"https:\\\/\\\/www.linkedin.com\\\/company\\\/kg-media\\\/\",\"https:\\\/\\\/www.instagram.com\\\/kgmedia.agencija\\\/\"]}]}<\/script>\n<!-- \/ Yoast SEO Premium plugin. -->","yoast_head_json":{"title":"Sie suchen eine langfristige Marketingl\u00f6sung? Kontaktieren Sie uns!","description":"Kontaktieren Sie uns und erfahren Sie, wie KG Media Ihr Unternehmen mit gezieltem Marketing, Werbestrategien und Datenanalysen erfolgreich macht.","robots":{"index":"index","follow":"follow","max-snippet":"max-snippet:-1","max-image-preview":"max-image-preview:large","max-video-preview":"max-video-preview:-1"},"canonical":"https:\/\/kg-media.eu\/de\/kontakt\/","og_locale":"de_DE","og_type":"article","og_title":"Kontakt","og_description":"Kontaktieren Sie uns und erfahren Sie, wie KG Media Ihr Unternehmen mit gezieltem Marketing, Werbestrategien und Datenanalysen erfolgreich macht.","og_url":"https:\/\/kg-media.eu\/de\/kontakt\/","og_site_name":"KG Media","article_publisher":"https:\/\/www.facebook.com\/kgmedia.agencija\/","article_modified_time":"2025-04-25T09:13:46+00:00","og_image":[{"width":1600,"height":800,"url":"https:\/\/kg-media.eu\/wp-content\/uploads\/2018\/04\/kg-media-contact-us-3.jpg","type":"image\/jpeg"}],"twitter_card":"summary_large_image","schema":{"@context":"https:\/\/schema.org","@graph":[{"@type":"WebPage","@id":"https:\/\/kg-media.eu\/de\/kontakt\/","url":"https:\/\/kg-media.eu\/de\/kontakt\/","name":"Sie suchen eine langfristige Marketingl\u00f6sung? Kontaktieren Sie uns!","isPartOf":{"@id":"https:\/\/kg-media.eu\/de\/#website"},"primaryImageOfPage":{"@id":"https:\/\/kg-media.eu\/de\/kontakt\/#primaryimage"},"image":{"@id":"https:\/\/kg-media.eu\/de\/kontakt\/#primaryimage"},"thumbnailUrl":"https:\/\/kg-media.eu\/wp-content\/uploads\/2018\/04\/kg-media-contact-us-3.jpg","datePublished":"2018-05-03T07:09:48+00:00","dateModified":"2025-04-25T09:13:46+00:00","description":"Kontaktieren Sie uns und erfahren Sie, wie KG Media Ihr Unternehmen mit gezieltem Marketing, Werbestrategien und Datenanalysen erfolgreich macht.","breadcrumb":{"@id":"https:\/\/kg-media.eu\/de\/kontakt\/#breadcrumb"},"inLanguage":"de","potentialAction":[{"@type":"ReadAction","target":["https:\/\/kg-media.eu\/de\/kontakt\/"]}]},{"@type":"ImageObject","inLanguage":"de","@id":"https:\/\/kg-media.eu\/de\/kontakt\/#primaryimage","url":"https:\/\/kg-media.eu\/wp-content\/uploads\/2018\/04\/kg-media-contact-us-3.jpg","contentUrl":"https:\/\/kg-media.eu\/wp-content\/uploads\/2018\/04\/kg-media-contact-us-3.jpg","width":1600,"height":800,"caption":"KG Media - Contact Us"},{"@type":"BreadcrumbList","@id":"https:\/\/kg-media.eu\/de\/kontakt\/#breadcrumb","itemListElement":[{"@type":"ListItem","position":1,"name":"Home","item":"https:\/\/kg-media.eu\/de\/"},{"@type":"ListItem","position":2,"name":"Kontakt"}]},{"@type":"WebSite","@id":"https:\/\/kg-media.eu\/de\/#website","url":"https:\/\/kg-media.eu\/de\/","name":"KG Media","description":"","publisher":{"@id":"https:\/\/kg-media.eu\/de\/#organization"},"potentialAction":[{"@type":"SearchAction","target":{"@type":"EntryPoint","urlTemplate":"https:\/\/kg-media.eu\/de\/?s={search_term_string}"},"query-input":{"@type":"PropertyValueSpecification","valueRequired":true,"valueName":"search_term_string"}}],"inLanguage":"de"},{"@type":"Organization","@id":"https:\/\/kg-media.eu\/de\/#organization","name":"KG Media","url":"https:\/\/kg-media.eu\/de\/","logo":{"@type":"ImageObject","inLanguage":"de","@id":"https:\/\/kg-media.eu\/de\/#\/schema\/logo\/image\/","url":"https:\/\/kg-media.eu\/wp-content\/uploads\/2024\/06\/kgm-logo.png","contentUrl":"https:\/\/kg-media.eu\/wp-content\/uploads\/2024\/06\/kgm-logo.png","width":220,"height":154,"caption":"KG Media"},"image":{"@id":"https:\/\/kg-media.eu\/de\/#\/schema\/logo\/image\/"},"sameAs":["https:\/\/www.facebook.com\/kgmedia.agencija\/","https:\/\/www.linkedin.com\/company\/kg-media\/","https:\/\/www.instagram.com\/kgmedia.agencija\/"]}]}},"_links":{"self":[{"href":"https:\/\/kg-media.eu\/de\/wp-json\/wp\/v2\/pages\/2679","targetHints":{"allow":["GET"]}}],"collection":[{"href":"https:\/\/kg-media.eu\/de\/wp-json\/wp\/v2\/pages"}],"about":[{"href":"https:\/\/kg-media.eu\/de\/wp-json\/wp\/v2\/types\/page"}],"author":[{"embeddable":true,"href":"https:\/\/kg-media.eu\/de\/wp-json\/wp\/v2\/users\/13"}],"replies":[{"embeddable":true,"href":"https:\/\/kg-media.eu\/de\/wp-json\/wp\/v2\/comments?post=2679"}],"version-history":[{"count":0,"href":"https:\/\/kg-media.eu\/de\/wp-json\/wp\/v2\/pages\/2679\/revisions"}],"wp:featuredmedia":[{"embeddable":true,"href":"https:\/\/kg-media.eu\/de\/wp-json\/wp\/v2\/media\/2682"}],"wp:attachment":[{"href":"https:\/\/kg-media.eu\/de\/wp-json\/wp\/v2\/media?parent=2679"}],"curies":[{"name":"wp","href":"https:\/\/api.w.org\/{rel}","templated":true}]}}