{"id":14508,"date":"2025-04-10T14:30:20","date_gmt":"2025-04-10T12:30:20","guid":{"rendered":"https:\/\/kg-media.eu\/zusatzliche-werbe-services\/media-planung\/"},"modified":"2025-04-10T14:30:20","modified_gmt":"2025-04-10T12:30:20","slug":"media-planung","status":"publish","type":"page","link":"https:\/\/kg-media.eu\/de\/zusatzliche-werbe-services\/media-planung\/","title":{"rendered":"Media-Planung"},"content":{"rendered":"<p>Ein gut durchdachter Media-Plan gibt Ihnen einen klaren \u00dcberblick \u00fcber Ihre Marketingaktivit\u00e4ten. Wir entwickeln f\u00fcr Sie individuelle Strategien f\u00fcr bestimmte Zeitr\u00e4ume und Plattformen, um Ihre Reichweite zu optimieren und Ihr Budget effizient einzusetzen. <\/p>\n<p>Unsere Media-Planer analysieren Trends und Marktbewegungen, um Ihnen die kosteneffektivsten Werbem\u00f6glichkeiten zu bieten.<\/p>\n<p>So haben Sie alle wichtigen Informationen an einem Ort und wir machen Ihnen die Planung leicht.<\/p>\n","protected":false},"excerpt":{"rendered":"<p>Ein gut durchdachter Media-Plan gibt Ihnen einen klaren \u00dcberblick \u00fcber Ihre Marketingaktivit\u00e4ten. Wir entwickeln f\u00fcr Sie individuelle Strategien f\u00fcr bestimmte Zeitr\u00e4ume und Plattformen, um Ihre Reichweite zu optimieren und Ihr Budget effizient einzusetzen. Unsere Media-Planer analysieren Trends und Marktbewegungen, um Ihnen die kosteneffektivsten Werbem\u00f6glichkeiten zu bieten. So haben Sie alle wichtigen Informationen an einem Ort&#8230;<\/p>\n","protected":false},"author":13,"featured_media":10043,"parent":14435,"menu_order":3,"comment_status":"closed","ping_status":"closed","template":"","meta":{"_acf_changed":false,"footnotes":""},"class_list":["post-14508","page","type-page","status-publish","has-post-thumbnail","hentry"],"acf":[],"yoast_head":"<!-- This site is optimized with the Yoast SEO Premium plugin v27.4 (Yoast SEO v27.4) - https:\/\/yoast.com\/product\/yoast-seo-premium-wordpress\/ -->\n<title>Professionelle Media-Planung f\u00fcr messbare Erfolge | KG Media<\/title>\n<meta name=\"description\" content=\"Unsere Experten entwickeln ma\u00dfgeschneiderte Kampagnenpl\u00e4ne f\u00fcr verschiedene Plattformen und maximieren Ihr Budget. Jetzt beraten lassen!\" \/>\n<meta name=\"robots\" content=\"index, follow, max-snippet:-1, max-image-preview:large, max-video-preview:-1\" \/>\n<link rel=\"canonical\" href=\"https:\/\/kg-media.eu\/de\/zusatzliche-werbe-services\/media-planung\/\" \/>\n<meta property=\"og:locale\" content=\"de_DE\" \/>\n<meta property=\"og:type\" content=\"article\" \/>\n<meta property=\"og:title\" content=\"Media-Planung\" \/>\n<meta property=\"og:description\" content=\"Unsere Experten entwickeln ma\u00dfgeschneiderte Kampagnenpl\u00e4ne f\u00fcr verschiedene Plattformen und maximieren Ihr Budget. Jetzt beraten lassen!\" \/>\n<meta property=\"og:url\" content=\"https:\/\/kg-media.eu\/de\/zusatzliche-werbe-services\/media-planung\/\" \/>\n<meta property=\"og:site_name\" content=\"KG Media\" \/>\n<meta property=\"article:publisher\" content=\"https:\/\/www.facebook.com\/kgmedia.agencija\/\" \/>\n<meta property=\"og:image\" content=\"https:\/\/kg-media.eu\/wp-content\/uploads\/2016\/12\/kgm-fb-default.jpg\" \/>\n\t<meta property=\"og:image:width\" content=\"605\" \/>\n\t<meta property=\"og:image:height\" content=\"317\" \/>\n\t<meta property=\"og:image:type\" content=\"image\/jpeg\" \/>\n<meta name=\"twitter:card\" content=\"summary_large_image\" \/>\n<script type=\"application\/ld+json\" class=\"yoast-schema-graph\">{\"@context\":\"https:\\\/\\\/schema.org\",\"@graph\":[{\"@type\":\"WebPage\",\"@id\":\"https:\\\/\\\/kg-media.eu\\\/de\\\/zusatzliche-werbe-services\\\/media-planung\\\/\",\"url\":\"https:\\\/\\\/kg-media.eu\\\/de\\\/zusatzliche-werbe-services\\\/media-planung\\\/\",\"name\":\"Professionelle Media-Planung f\u00fcr messbare Erfolge | KG Media\",\"isPartOf\":{\"@id\":\"https:\\\/\\\/kg-media.eu\\\/de\\\/#website\"},\"primaryImageOfPage\":{\"@id\":\"https:\\\/\\\/kg-media.eu\\\/de\\\/zusatzliche-werbe-services\\\/media-planung\\\/#primaryimage\"},\"image\":{\"@id\":\"https:\\\/\\\/kg-media.eu\\\/de\\\/zusatzliche-werbe-services\\\/media-planung\\\/#primaryimage\"},\"thumbnailUrl\":\"https:\\\/\\\/kg-media.eu\\\/wp-content\\\/uploads\\\/2024\\\/09\\\/hero-online-usluge.jpg\",\"datePublished\":\"2025-04-10T12:30:20+00:00\",\"description\":\"Unsere Experten entwickeln ma\u00dfgeschneiderte Kampagnenpl\u00e4ne f\u00fcr verschiedene Plattformen und maximieren Ihr Budget. Jetzt beraten lassen!\",\"breadcrumb\":{\"@id\":\"https:\\\/\\\/kg-media.eu\\\/de\\\/zusatzliche-werbe-services\\\/media-planung\\\/#breadcrumb\"},\"inLanguage\":\"de\",\"potentialAction\":[{\"@type\":\"ReadAction\",\"target\":[\"https:\\\/\\\/kg-media.eu\\\/de\\\/zusatzliche-werbe-services\\\/media-planung\\\/\"]}]},{\"@type\":\"ImageObject\",\"inLanguage\":\"de\",\"@id\":\"https:\\\/\\\/kg-media.eu\\\/de\\\/zusatzliche-werbe-services\\\/media-planung\\\/#primaryimage\",\"url\":\"https:\\\/\\\/kg-media.eu\\\/wp-content\\\/uploads\\\/2024\\\/09\\\/hero-online-usluge.jpg\",\"contentUrl\":\"https:\\\/\\\/kg-media.eu\\\/wp-content\\\/uploads\\\/2024\\\/09\\\/hero-online-usluge.jpg\",\"width\":1024,\"height\":512,\"caption\":\"Digital\"},{\"@type\":\"BreadcrumbList\",\"@id\":\"https:\\\/\\\/kg-media.eu\\\/de\\\/zusatzliche-werbe-services\\\/media-planung\\\/#breadcrumb\",\"itemListElement\":[{\"@type\":\"ListItem\",\"position\":1,\"name\":\"Home\",\"item\":\"https:\\\/\\\/kg-media.eu\\\/de\\\/\"},{\"@type\":\"ListItem\",\"position\":2,\"name\":\"Zus\u00e4tzliche Werbe-Services&#8230;\",\"item\":\"https:\\\/\\\/kg-media.eu\\\/de\\\/zusatzliche-werbe-services\\\/\"},{\"@type\":\"ListItem\",\"position\":3,\"name\":\"Media-Planung\"}]},{\"@type\":\"WebSite\",\"@id\":\"https:\\\/\\\/kg-media.eu\\\/de\\\/#website\",\"url\":\"https:\\\/\\\/kg-media.eu\\\/de\\\/\",\"name\":\"KG Media\",\"description\":\"\",\"publisher\":{\"@id\":\"https:\\\/\\\/kg-media.eu\\\/de\\\/#organization\"},\"potentialAction\":[{\"@type\":\"SearchAction\",\"target\":{\"@type\":\"EntryPoint\",\"urlTemplate\":\"https:\\\/\\\/kg-media.eu\\\/de\\\/?s={search_term_string}\"},\"query-input\":{\"@type\":\"PropertyValueSpecification\",\"valueRequired\":true,\"valueName\":\"search_term_string\"}}],\"inLanguage\":\"de\"},{\"@type\":\"Organization\",\"@id\":\"https:\\\/\\\/kg-media.eu\\\/de\\\/#organization\",\"name\":\"KG Media\",\"url\":\"https:\\\/\\\/kg-media.eu\\\/de\\\/\",\"logo\":{\"@type\":\"ImageObject\",\"inLanguage\":\"de\",\"@id\":\"https:\\\/\\\/kg-media.eu\\\/de\\\/#\\\/schema\\\/logo\\\/image\\\/\",\"url\":\"https:\\\/\\\/kg-media.eu\\\/wp-content\\\/uploads\\\/2024\\\/06\\\/kgm-logo.png\",\"contentUrl\":\"https:\\\/\\\/kg-media.eu\\\/wp-content\\\/uploads\\\/2024\\\/06\\\/kgm-logo.png\",\"width\":220,\"height\":154,\"caption\":\"KG Media\"},\"image\":{\"@id\":\"https:\\\/\\\/kg-media.eu\\\/de\\\/#\\\/schema\\\/logo\\\/image\\\/\"},\"sameAs\":[\"https:\\\/\\\/www.facebook.com\\\/kgmedia.agencija\\\/\",\"https:\\\/\\\/www.linkedin.com\\\/company\\\/kg-media\\\/\",\"https:\\\/\\\/www.instagram.com\\\/kgmedia.agencija\\\/\"]}]}<\/script>\n<!-- \/ Yoast SEO Premium plugin. -->","yoast_head_json":{"title":"Professionelle Media-Planung f\u00fcr messbare Erfolge | KG Media","description":"Unsere Experten entwickeln ma\u00dfgeschneiderte Kampagnenpl\u00e4ne f\u00fcr verschiedene Plattformen und maximieren Ihr Budget. Jetzt beraten lassen!","robots":{"index":"index","follow":"follow","max-snippet":"max-snippet:-1","max-image-preview":"max-image-preview:large","max-video-preview":"max-video-preview:-1"},"canonical":"https:\/\/kg-media.eu\/de\/zusatzliche-werbe-services\/media-planung\/","og_locale":"de_DE","og_type":"article","og_title":"Media-Planung","og_description":"Unsere Experten entwickeln ma\u00dfgeschneiderte Kampagnenpl\u00e4ne f\u00fcr verschiedene Plattformen und maximieren Ihr Budget. Jetzt beraten lassen!","og_url":"https:\/\/kg-media.eu\/de\/zusatzliche-werbe-services\/media-planung\/","og_site_name":"KG Media","article_publisher":"https:\/\/www.facebook.com\/kgmedia.agencija\/","og_image":[{"width":605,"height":317,"url":"https:\/\/kg-media.eu\/wp-content\/uploads\/2016\/12\/kgm-fb-default.jpg","type":"image\/jpeg"}],"twitter_card":"summary_large_image","schema":{"@context":"https:\/\/schema.org","@graph":[{"@type":"WebPage","@id":"https:\/\/kg-media.eu\/de\/zusatzliche-werbe-services\/media-planung\/","url":"https:\/\/kg-media.eu\/de\/zusatzliche-werbe-services\/media-planung\/","name":"Professionelle Media-Planung f\u00fcr messbare Erfolge | KG Media","isPartOf":{"@id":"https:\/\/kg-media.eu\/de\/#website"},"primaryImageOfPage":{"@id":"https:\/\/kg-media.eu\/de\/zusatzliche-werbe-services\/media-planung\/#primaryimage"},"image":{"@id":"https:\/\/kg-media.eu\/de\/zusatzliche-werbe-services\/media-planung\/#primaryimage"},"thumbnailUrl":"https:\/\/kg-media.eu\/wp-content\/uploads\/2024\/09\/hero-online-usluge.jpg","datePublished":"2025-04-10T12:30:20+00:00","description":"Unsere Experten entwickeln ma\u00dfgeschneiderte Kampagnenpl\u00e4ne f\u00fcr verschiedene Plattformen und maximieren Ihr Budget. Jetzt beraten lassen!","breadcrumb":{"@id":"https:\/\/kg-media.eu\/de\/zusatzliche-werbe-services\/media-planung\/#breadcrumb"},"inLanguage":"de","potentialAction":[{"@type":"ReadAction","target":["https:\/\/kg-media.eu\/de\/zusatzliche-werbe-services\/media-planung\/"]}]},{"@type":"ImageObject","inLanguage":"de","@id":"https:\/\/kg-media.eu\/de\/zusatzliche-werbe-services\/media-planung\/#primaryimage","url":"https:\/\/kg-media.eu\/wp-content\/uploads\/2024\/09\/hero-online-usluge.jpg","contentUrl":"https:\/\/kg-media.eu\/wp-content\/uploads\/2024\/09\/hero-online-usluge.jpg","width":1024,"height":512,"caption":"Digital"},{"@type":"BreadcrumbList","@id":"https:\/\/kg-media.eu\/de\/zusatzliche-werbe-services\/media-planung\/#breadcrumb","itemListElement":[{"@type":"ListItem","position":1,"name":"Home","item":"https:\/\/kg-media.eu\/de\/"},{"@type":"ListItem","position":2,"name":"Zus\u00e4tzliche Werbe-Services&#8230;","item":"https:\/\/kg-media.eu\/de\/zusatzliche-werbe-services\/"},{"@type":"ListItem","position":3,"name":"Media-Planung"}]},{"@type":"WebSite","@id":"https:\/\/kg-media.eu\/de\/#website","url":"https:\/\/kg-media.eu\/de\/","name":"KG Media","description":"","publisher":{"@id":"https:\/\/kg-media.eu\/de\/#organization"},"potentialAction":[{"@type":"SearchAction","target":{"@type":"EntryPoint","urlTemplate":"https:\/\/kg-media.eu\/de\/?s={search_term_string}"},"query-input":{"@type":"PropertyValueSpecification","valueRequired":true,"valueName":"search_term_string"}}],"inLanguage":"de"},{"@type":"Organization","@id":"https:\/\/kg-media.eu\/de\/#organization","name":"KG Media","url":"https:\/\/kg-media.eu\/de\/","logo":{"@type":"ImageObject","inLanguage":"de","@id":"https:\/\/kg-media.eu\/de\/#\/schema\/logo\/image\/","url":"https:\/\/kg-media.eu\/wp-content\/uploads\/2024\/06\/kgm-logo.png","contentUrl":"https:\/\/kg-media.eu\/wp-content\/uploads\/2024\/06\/kgm-logo.png","width":220,"height":154,"caption":"KG Media"},"image":{"@id":"https:\/\/kg-media.eu\/de\/#\/schema\/logo\/image\/"},"sameAs":["https:\/\/www.facebook.com\/kgmedia.agencija\/","https:\/\/www.linkedin.com\/company\/kg-media\/","https:\/\/www.instagram.com\/kgmedia.agencija\/"]}]}},"_links":{"self":[{"href":"https:\/\/kg-media.eu\/de\/wp-json\/wp\/v2\/pages\/14508","targetHints":{"allow":["GET"]}}],"collection":[{"href":"https:\/\/kg-media.eu\/de\/wp-json\/wp\/v2\/pages"}],"about":[{"href":"https:\/\/kg-media.eu\/de\/wp-json\/wp\/v2\/types\/page"}],"author":[{"embeddable":true,"href":"https:\/\/kg-media.eu\/de\/wp-json\/wp\/v2\/users\/13"}],"replies":[{"embeddable":true,"href":"https:\/\/kg-media.eu\/de\/wp-json\/wp\/v2\/comments?post=14508"}],"version-history":[{"count":0,"href":"https:\/\/kg-media.eu\/de\/wp-json\/wp\/v2\/pages\/14508\/revisions"}],"up":[{"embeddable":true,"href":"https:\/\/kg-media.eu\/de\/wp-json\/wp\/v2\/pages\/14435"}],"wp:featuredmedia":[{"embeddable":true,"href":"https:\/\/kg-media.eu\/de\/wp-json\/wp\/v2\/media\/10043"}],"wp:attachment":[{"href":"https:\/\/kg-media.eu\/de\/wp-json\/wp\/v2\/media?parent=14508"}],"curies":[{"name":"wp","href":"https:\/\/api.w.org\/{rel}","templated":true}]}}