{"id":14502,"date":"2025-04-10T14:06:17","date_gmt":"2025-04-10T12:06:17","guid":{"rendered":"https:\/\/kg-media.eu\/offline\/ooh\/"},"modified":"2025-04-10T14:06:17","modified_gmt":"2025-04-10T12:06:17","slug":"ooh","status":"publish","type":"page","link":"https:\/\/kg-media.eu\/de\/offline\/ooh\/","title":{"rendered":"OOH"},"content":{"rendered":"<p>Ihre Werbung &#8211; genau dort, wo Ihre Zielgruppe lebt, arbeitet und sich bewegt.<\/p>\n<p>Mit Out-of-Home-Werbung (OOH) platzieren Sie Ihre Botschaft an hochfrequentierten Orten, wo sie garantiert gesehen wird \u2013 auf Plakatw\u00e4nden, digitalen Displays, in Einkaufszentren, an Bahnh\u00f6fen, in Stadien und mehr.<\/p>\n<p>Unsere ma\u00dfgeschneiderten OOH-Kampagnen sorgen daf\u00fcr, dass Ihre Marke im \u00f6ffentlichen Raum auff\u00e4llt und einen bleibenden Eindruck hinterl\u00e4sst. Setzen Sie auf gro\u00dffl\u00e4chige Sichtbarkeit und steigern Sie Ihre Markenbekanntheit nachhaltig!<\/p>\n","protected":false},"excerpt":{"rendered":"<p>Ihre Werbung &#8211; genau dort, wo Ihre Zielgruppe lebt, arbeitet und sich bewegt. Mit Out-of-Home-Werbung (OOH) platzieren Sie Ihre Botschaft an hochfrequentierten Orten, wo sie garantiert gesehen wird \u2013 auf Plakatw\u00e4nden, digitalen Displays, in Einkaufszentren, an Bahnh\u00f6fen, in Stadien und mehr. Unsere ma\u00dfgeschneiderten OOH-Kampagnen sorgen daf\u00fcr, dass Ihre Marke im \u00f6ffentlichen Raum auff\u00e4llt und einen&#8230;<\/p>\n","protected":false},"author":13,"featured_media":10046,"parent":2741,"menu_order":3,"comment_status":"closed","ping_status":"closed","template":"","meta":{"_acf_changed":false,"footnotes":""},"class_list":["post-14502","page","type-page","status-publish","has-post-thumbnail","hentry"],"acf":[],"yoast_head":"<!-- This site is optimized with the Yoast SEO Premium plugin v27.4 (Yoast SEO v27.4) - https:\/\/yoast.com\/product\/yoast-seo-premium-wordpress\/ -->\n<title>Effiziente OOH-Werbung f\u00fcr nachhaltiges Wachstum | KG Media<\/title>\n<meta name=\"description\" content=\"Professionelle OOH-Werbung f\u00fcr maximale Reichweite und starke Markenpr\u00e4senz. Erreichen Sie Ihre Zielgruppe \u00fcberall - lassen Sie sich jetzt beraten!\" \/>\n<meta name=\"robots\" content=\"index, follow, max-snippet:-1, max-image-preview:large, max-video-preview:-1\" \/>\n<link rel=\"canonical\" href=\"https:\/\/kg-media.eu\/de\/offline\/ooh\/\" \/>\n<meta property=\"og:locale\" content=\"de_DE\" \/>\n<meta property=\"og:type\" content=\"article\" \/>\n<meta property=\"og:title\" content=\"OOH\" \/>\n<meta property=\"og:description\" content=\"Professionelle OOH-Werbung f\u00fcr maximale Reichweite und starke Markenpr\u00e4senz. Erreichen Sie Ihre Zielgruppe \u00fcberall - lassen Sie sich jetzt beraten!\" \/>\n<meta property=\"og:url\" content=\"https:\/\/kg-media.eu\/de\/offline\/ooh\/\" \/>\n<meta property=\"og:site_name\" content=\"KG Media\" \/>\n<meta property=\"article:publisher\" content=\"https:\/\/www.facebook.com\/kgmedia.agencija\/\" \/>\n<meta property=\"og:image\" content=\"https:\/\/kg-media.eu\/wp-content\/uploads\/2016\/12\/kgm-fb-default.jpg\" \/>\n\t<meta property=\"og:image:width\" content=\"605\" \/>\n\t<meta property=\"og:image:height\" content=\"317\" \/>\n\t<meta property=\"og:image:type\" content=\"image\/jpeg\" \/>\n<meta name=\"twitter:card\" content=\"summary_large_image\" \/>\n<script type=\"application\/ld+json\" class=\"yoast-schema-graph\">{\"@context\":\"https:\\\/\\\/schema.org\",\"@graph\":[{\"@type\":\"WebPage\",\"@id\":\"https:\\\/\\\/kg-media.eu\\\/de\\\/offline\\\/ooh\\\/\",\"url\":\"https:\\\/\\\/kg-media.eu\\\/de\\\/offline\\\/ooh\\\/\",\"name\":\"Effiziente OOH-Werbung f\u00fcr nachhaltiges Wachstum | KG Media\",\"isPartOf\":{\"@id\":\"https:\\\/\\\/kg-media.eu\\\/de\\\/#website\"},\"primaryImageOfPage\":{\"@id\":\"https:\\\/\\\/kg-media.eu\\\/de\\\/offline\\\/ooh\\\/#primaryimage\"},\"image\":{\"@id\":\"https:\\\/\\\/kg-media.eu\\\/de\\\/offline\\\/ooh\\\/#primaryimage\"},\"thumbnailUrl\":\"https:\\\/\\\/kg-media.eu\\\/wp-content\\\/uploads\\\/2024\\\/09\\\/hero-offline-usluge.jpg\",\"datePublished\":\"2025-04-10T12:06:17+00:00\",\"description\":\"Professionelle OOH-Werbung f\u00fcr maximale Reichweite und starke Markenpr\u00e4senz. Erreichen Sie Ihre Zielgruppe \u00fcberall - lassen Sie sich jetzt beraten!\",\"breadcrumb\":{\"@id\":\"https:\\\/\\\/kg-media.eu\\\/de\\\/offline\\\/ooh\\\/#breadcrumb\"},\"inLanguage\":\"de\",\"potentialAction\":[{\"@type\":\"ReadAction\",\"target\":[\"https:\\\/\\\/kg-media.eu\\\/de\\\/offline\\\/ooh\\\/\"]}]},{\"@type\":\"ImageObject\",\"inLanguage\":\"de\",\"@id\":\"https:\\\/\\\/kg-media.eu\\\/de\\\/offline\\\/ooh\\\/#primaryimage\",\"url\":\"https:\\\/\\\/kg-media.eu\\\/wp-content\\\/uploads\\\/2024\\\/09\\\/hero-offline-usluge.jpg\",\"contentUrl\":\"https:\\\/\\\/kg-media.eu\\\/wp-content\\\/uploads\\\/2024\\\/09\\\/hero-offline-usluge.jpg\",\"width\":1024,\"height\":512,\"caption\":\"KG Media offline\"},{\"@type\":\"BreadcrumbList\",\"@id\":\"https:\\\/\\\/kg-media.eu\\\/de\\\/offline\\\/ooh\\\/#breadcrumb\",\"itemListElement\":[{\"@type\":\"ListItem\",\"position\":1,\"name\":\"Home\",\"item\":\"https:\\\/\\\/kg-media.eu\\\/de\\\/\"},{\"@type\":\"ListItem\",\"position\":2,\"name\":\"Offline Marketing\",\"item\":\"https:\\\/\\\/kg-media.eu\\\/de\\\/offline\\\/\"},{\"@type\":\"ListItem\",\"position\":3,\"name\":\"OOH\"}]},{\"@type\":\"WebSite\",\"@id\":\"https:\\\/\\\/kg-media.eu\\\/de\\\/#website\",\"url\":\"https:\\\/\\\/kg-media.eu\\\/de\\\/\",\"name\":\"KG Media\",\"description\":\"\",\"publisher\":{\"@id\":\"https:\\\/\\\/kg-media.eu\\\/de\\\/#organization\"},\"potentialAction\":[{\"@type\":\"SearchAction\",\"target\":{\"@type\":\"EntryPoint\",\"urlTemplate\":\"https:\\\/\\\/kg-media.eu\\\/de\\\/?s={search_term_string}\"},\"query-input\":{\"@type\":\"PropertyValueSpecification\",\"valueRequired\":true,\"valueName\":\"search_term_string\"}}],\"inLanguage\":\"de\"},{\"@type\":\"Organization\",\"@id\":\"https:\\\/\\\/kg-media.eu\\\/de\\\/#organization\",\"name\":\"KG Media\",\"url\":\"https:\\\/\\\/kg-media.eu\\\/de\\\/\",\"logo\":{\"@type\":\"ImageObject\",\"inLanguage\":\"de\",\"@id\":\"https:\\\/\\\/kg-media.eu\\\/de\\\/#\\\/schema\\\/logo\\\/image\\\/\",\"url\":\"https:\\\/\\\/kg-media.eu\\\/wp-content\\\/uploads\\\/2024\\\/06\\\/kgm-logo.png\",\"contentUrl\":\"https:\\\/\\\/kg-media.eu\\\/wp-content\\\/uploads\\\/2024\\\/06\\\/kgm-logo.png\",\"width\":220,\"height\":154,\"caption\":\"KG Media\"},\"image\":{\"@id\":\"https:\\\/\\\/kg-media.eu\\\/de\\\/#\\\/schema\\\/logo\\\/image\\\/\"},\"sameAs\":[\"https:\\\/\\\/www.facebook.com\\\/kgmedia.agencija\\\/\",\"https:\\\/\\\/www.linkedin.com\\\/company\\\/kg-media\\\/\",\"https:\\\/\\\/www.instagram.com\\\/kgmedia.agencija\\\/\"]}]}<\/script>\n<!-- \/ Yoast SEO Premium plugin. -->","yoast_head_json":{"title":"Effiziente OOH-Werbung f\u00fcr nachhaltiges Wachstum | KG Media","description":"Professionelle OOH-Werbung f\u00fcr maximale Reichweite und starke Markenpr\u00e4senz. Erreichen Sie Ihre Zielgruppe \u00fcberall - lassen Sie sich jetzt beraten!","robots":{"index":"index","follow":"follow","max-snippet":"max-snippet:-1","max-image-preview":"max-image-preview:large","max-video-preview":"max-video-preview:-1"},"canonical":"https:\/\/kg-media.eu\/de\/offline\/ooh\/","og_locale":"de_DE","og_type":"article","og_title":"OOH","og_description":"Professionelle OOH-Werbung f\u00fcr maximale Reichweite und starke Markenpr\u00e4senz. Erreichen Sie Ihre Zielgruppe \u00fcberall - lassen Sie sich jetzt beraten!","og_url":"https:\/\/kg-media.eu\/de\/offline\/ooh\/","og_site_name":"KG Media","article_publisher":"https:\/\/www.facebook.com\/kgmedia.agencija\/","og_image":[{"width":605,"height":317,"url":"https:\/\/kg-media.eu\/wp-content\/uploads\/2016\/12\/kgm-fb-default.jpg","type":"image\/jpeg"}],"twitter_card":"summary_large_image","schema":{"@context":"https:\/\/schema.org","@graph":[{"@type":"WebPage","@id":"https:\/\/kg-media.eu\/de\/offline\/ooh\/","url":"https:\/\/kg-media.eu\/de\/offline\/ooh\/","name":"Effiziente OOH-Werbung f\u00fcr nachhaltiges Wachstum | KG Media","isPartOf":{"@id":"https:\/\/kg-media.eu\/de\/#website"},"primaryImageOfPage":{"@id":"https:\/\/kg-media.eu\/de\/offline\/ooh\/#primaryimage"},"image":{"@id":"https:\/\/kg-media.eu\/de\/offline\/ooh\/#primaryimage"},"thumbnailUrl":"https:\/\/kg-media.eu\/wp-content\/uploads\/2024\/09\/hero-offline-usluge.jpg","datePublished":"2025-04-10T12:06:17+00:00","description":"Professionelle OOH-Werbung f\u00fcr maximale Reichweite und starke Markenpr\u00e4senz. Erreichen Sie Ihre Zielgruppe \u00fcberall - lassen Sie sich jetzt beraten!","breadcrumb":{"@id":"https:\/\/kg-media.eu\/de\/offline\/ooh\/#breadcrumb"},"inLanguage":"de","potentialAction":[{"@type":"ReadAction","target":["https:\/\/kg-media.eu\/de\/offline\/ooh\/"]}]},{"@type":"ImageObject","inLanguage":"de","@id":"https:\/\/kg-media.eu\/de\/offline\/ooh\/#primaryimage","url":"https:\/\/kg-media.eu\/wp-content\/uploads\/2024\/09\/hero-offline-usluge.jpg","contentUrl":"https:\/\/kg-media.eu\/wp-content\/uploads\/2024\/09\/hero-offline-usluge.jpg","width":1024,"height":512,"caption":"KG Media offline"},{"@type":"BreadcrumbList","@id":"https:\/\/kg-media.eu\/de\/offline\/ooh\/#breadcrumb","itemListElement":[{"@type":"ListItem","position":1,"name":"Home","item":"https:\/\/kg-media.eu\/de\/"},{"@type":"ListItem","position":2,"name":"Offline Marketing","item":"https:\/\/kg-media.eu\/de\/offline\/"},{"@type":"ListItem","position":3,"name":"OOH"}]},{"@type":"WebSite","@id":"https:\/\/kg-media.eu\/de\/#website","url":"https:\/\/kg-media.eu\/de\/","name":"KG Media","description":"","publisher":{"@id":"https:\/\/kg-media.eu\/de\/#organization"},"potentialAction":[{"@type":"SearchAction","target":{"@type":"EntryPoint","urlTemplate":"https:\/\/kg-media.eu\/de\/?s={search_term_string}"},"query-input":{"@type":"PropertyValueSpecification","valueRequired":true,"valueName":"search_term_string"}}],"inLanguage":"de"},{"@type":"Organization","@id":"https:\/\/kg-media.eu\/de\/#organization","name":"KG Media","url":"https:\/\/kg-media.eu\/de\/","logo":{"@type":"ImageObject","inLanguage":"de","@id":"https:\/\/kg-media.eu\/de\/#\/schema\/logo\/image\/","url":"https:\/\/kg-media.eu\/wp-content\/uploads\/2024\/06\/kgm-logo.png","contentUrl":"https:\/\/kg-media.eu\/wp-content\/uploads\/2024\/06\/kgm-logo.png","width":220,"height":154,"caption":"KG Media"},"image":{"@id":"https:\/\/kg-media.eu\/de\/#\/schema\/logo\/image\/"},"sameAs":["https:\/\/www.facebook.com\/kgmedia.agencija\/","https:\/\/www.linkedin.com\/company\/kg-media\/","https:\/\/www.instagram.com\/kgmedia.agencija\/"]}]}},"_links":{"self":[{"href":"https:\/\/kg-media.eu\/de\/wp-json\/wp\/v2\/pages\/14502","targetHints":{"allow":["GET"]}}],"collection":[{"href":"https:\/\/kg-media.eu\/de\/wp-json\/wp\/v2\/pages"}],"about":[{"href":"https:\/\/kg-media.eu\/de\/wp-json\/wp\/v2\/types\/page"}],"author":[{"embeddable":true,"href":"https:\/\/kg-media.eu\/de\/wp-json\/wp\/v2\/users\/13"}],"replies":[{"embeddable":true,"href":"https:\/\/kg-media.eu\/de\/wp-json\/wp\/v2\/comments?post=14502"}],"version-history":[{"count":0,"href":"https:\/\/kg-media.eu\/de\/wp-json\/wp\/v2\/pages\/14502\/revisions"}],"up":[{"embeddable":true,"href":"https:\/\/kg-media.eu\/de\/wp-json\/wp\/v2\/pages\/2741"}],"wp:featuredmedia":[{"embeddable":true,"href":"https:\/\/kg-media.eu\/de\/wp-json\/wp\/v2\/media\/10046"}],"wp:attachment":[{"href":"https:\/\/kg-media.eu\/de\/wp-json\/wp\/v2\/media?parent=14502"}],"curies":[{"name":"wp","href":"https:\/\/api.w.org\/{rel}","templated":true}]}}