{"id":14500,"date":"2025-04-10T13:59:37","date_gmt":"2025-04-10T11:59:37","guid":{"rendered":"https:\/\/kg-media.eu\/offline\/radio-tv\/"},"modified":"2025-04-10T13:59:37","modified_gmt":"2025-04-10T11:59:37","slug":"radio-tv","status":"publish","type":"page","link":"https:\/\/kg-media.eu\/de\/offline\/radio-tv\/","title":{"rendered":"Radio &amp; TV"},"content":{"rendered":"<p>Video did not kill the radio star.<\/p>\n<p>Radio- und Fernsehwerbung spielen im Alltag der Menschen nach wie vor eine entscheidende Rolle. Mit gezielter Werbung auf diesen Kan\u00e4len bleiben Sie in den K\u00f6pfen Ihrer potenziellen Kunden &#8211; ob auf dem Weg zur Arbeit, beim Radioh\u00f6ren im B\u00fcro oder abends entspannt vor dem Fernseher. Entscheidend ist, zur richtigen Zeit pr\u00e4sent zu sein, und genau dabei unterst\u00fctzen wir Sie.   <\/p>\n<p>Wir analysieren, welche Sender und Sendezeiten f\u00fcr Ihre Werbeziele optimal sind, um Ihre Zielgruppe effektiv zu erreichen. Integrieren Sie Radio- und Fernsehwerbung in Ihre Marketingstrategie und verst\u00e4rken Sie Ihre Markenbotschaft. <\/p>\n","protected":false},"excerpt":{"rendered":"<p>Video did not kill the radio star. Radio- und Fernsehwerbung spielen im Alltag der Menschen nach wie vor eine entscheidende Rolle. Mit gezielter Werbung auf diesen Kan\u00e4len bleiben Sie in den K\u00f6pfen Ihrer potenziellen Kunden &#8211; ob auf dem Weg zur Arbeit, beim Radioh\u00f6ren im B\u00fcro oder abends entspannt vor dem Fernseher. Entscheidend ist, zur&#8230;<\/p>\n","protected":false},"author":13,"featured_media":10046,"parent":2741,"menu_order":2,"comment_status":"closed","ping_status":"closed","template":"","meta":{"_acf_changed":false,"footnotes":""},"class_list":["post-14500","page","type-page","status-publish","has-post-thumbnail","hentry"],"acf":[],"yoast_head":"<!-- This site is optimized with the Yoast SEO Premium plugin v27.4 (Yoast SEO v27.4) - https:\/\/yoast.com\/product\/yoast-seo-premium-wordpress\/ -->\n<title>Radio- &amp; TV-Werbung f\u00fcr mehr Reichweite | KG Media<\/title>\n<meta name=\"description\" content=\"Medienwerbung mit starker Wirkung! Wir entwickeln Radio- &amp; TV-Kampagnen, die Ihre Markenbekanntheit steigern. Kontaktieren Sie uns jetzt!\" \/>\n<meta name=\"robots\" content=\"index, follow, max-snippet:-1, max-image-preview:large, max-video-preview:-1\" \/>\n<link rel=\"canonical\" href=\"https:\/\/kg-media.eu\/de\/offline\/radio-tv\/\" \/>\n<meta property=\"og:locale\" content=\"de_DE\" \/>\n<meta property=\"og:type\" content=\"article\" \/>\n<meta property=\"og:title\" content=\"Radio &amp; TV\" \/>\n<meta property=\"og:description\" content=\"Medienwerbung mit starker Wirkung! Wir entwickeln Radio- &amp; TV-Kampagnen, die Ihre Markenbekanntheit steigern. Kontaktieren Sie uns jetzt!\" \/>\n<meta property=\"og:url\" content=\"https:\/\/kg-media.eu\/de\/offline\/radio-tv\/\" \/>\n<meta property=\"og:site_name\" content=\"KG Media\" \/>\n<meta property=\"article:publisher\" content=\"https:\/\/www.facebook.com\/kgmedia.agencija\/\" \/>\n<meta property=\"og:image\" content=\"https:\/\/kg-media.eu\/wp-content\/uploads\/2016\/12\/kgm-fb-default.jpg\" \/>\n\t<meta property=\"og:image:width\" content=\"605\" \/>\n\t<meta property=\"og:image:height\" content=\"317\" \/>\n\t<meta property=\"og:image:type\" content=\"image\/jpeg\" \/>\n<meta name=\"twitter:card\" content=\"summary_large_image\" \/>\n<script type=\"application\/ld+json\" class=\"yoast-schema-graph\">{\"@context\":\"https:\\\/\\\/schema.org\",\"@graph\":[{\"@type\":\"WebPage\",\"@id\":\"https:\\\/\\\/kg-media.eu\\\/de\\\/offline\\\/radio-tv\\\/\",\"url\":\"https:\\\/\\\/kg-media.eu\\\/de\\\/offline\\\/radio-tv\\\/\",\"name\":\"Radio- & TV-Werbung f\u00fcr mehr Reichweite | KG Media\",\"isPartOf\":{\"@id\":\"https:\\\/\\\/kg-media.eu\\\/de\\\/#website\"},\"primaryImageOfPage\":{\"@id\":\"https:\\\/\\\/kg-media.eu\\\/de\\\/offline\\\/radio-tv\\\/#primaryimage\"},\"image\":{\"@id\":\"https:\\\/\\\/kg-media.eu\\\/de\\\/offline\\\/radio-tv\\\/#primaryimage\"},\"thumbnailUrl\":\"https:\\\/\\\/kg-media.eu\\\/wp-content\\\/uploads\\\/2024\\\/09\\\/hero-offline-usluge.jpg\",\"datePublished\":\"2025-04-10T11:59:37+00:00\",\"description\":\"Medienwerbung mit starker Wirkung! Wir entwickeln Radio- & TV-Kampagnen, die Ihre Markenbekanntheit steigern. Kontaktieren Sie uns jetzt!\",\"breadcrumb\":{\"@id\":\"https:\\\/\\\/kg-media.eu\\\/de\\\/offline\\\/radio-tv\\\/#breadcrumb\"},\"inLanguage\":\"de\",\"potentialAction\":[{\"@type\":\"ReadAction\",\"target\":[\"https:\\\/\\\/kg-media.eu\\\/de\\\/offline\\\/radio-tv\\\/\"]}]},{\"@type\":\"ImageObject\",\"inLanguage\":\"de\",\"@id\":\"https:\\\/\\\/kg-media.eu\\\/de\\\/offline\\\/radio-tv\\\/#primaryimage\",\"url\":\"https:\\\/\\\/kg-media.eu\\\/wp-content\\\/uploads\\\/2024\\\/09\\\/hero-offline-usluge.jpg\",\"contentUrl\":\"https:\\\/\\\/kg-media.eu\\\/wp-content\\\/uploads\\\/2024\\\/09\\\/hero-offline-usluge.jpg\",\"width\":1024,\"height\":512,\"caption\":\"KG Media offline\"},{\"@type\":\"BreadcrumbList\",\"@id\":\"https:\\\/\\\/kg-media.eu\\\/de\\\/offline\\\/radio-tv\\\/#breadcrumb\",\"itemListElement\":[{\"@type\":\"ListItem\",\"position\":1,\"name\":\"Home\",\"item\":\"https:\\\/\\\/kg-media.eu\\\/de\\\/\"},{\"@type\":\"ListItem\",\"position\":2,\"name\":\"Offline Marketing\",\"item\":\"https:\\\/\\\/kg-media.eu\\\/de\\\/offline\\\/\"},{\"@type\":\"ListItem\",\"position\":3,\"name\":\"Radio &amp; TV\"}]},{\"@type\":\"WebSite\",\"@id\":\"https:\\\/\\\/kg-media.eu\\\/de\\\/#website\",\"url\":\"https:\\\/\\\/kg-media.eu\\\/de\\\/\",\"name\":\"KG Media\",\"description\":\"\",\"publisher\":{\"@id\":\"https:\\\/\\\/kg-media.eu\\\/de\\\/#organization\"},\"potentialAction\":[{\"@type\":\"SearchAction\",\"target\":{\"@type\":\"EntryPoint\",\"urlTemplate\":\"https:\\\/\\\/kg-media.eu\\\/de\\\/?s={search_term_string}\"},\"query-input\":{\"@type\":\"PropertyValueSpecification\",\"valueRequired\":true,\"valueName\":\"search_term_string\"}}],\"inLanguage\":\"de\"},{\"@type\":\"Organization\",\"@id\":\"https:\\\/\\\/kg-media.eu\\\/de\\\/#organization\",\"name\":\"KG Media\",\"url\":\"https:\\\/\\\/kg-media.eu\\\/de\\\/\",\"logo\":{\"@type\":\"ImageObject\",\"inLanguage\":\"de\",\"@id\":\"https:\\\/\\\/kg-media.eu\\\/de\\\/#\\\/schema\\\/logo\\\/image\\\/\",\"url\":\"https:\\\/\\\/kg-media.eu\\\/wp-content\\\/uploads\\\/2024\\\/06\\\/kgm-logo.png\",\"contentUrl\":\"https:\\\/\\\/kg-media.eu\\\/wp-content\\\/uploads\\\/2024\\\/06\\\/kgm-logo.png\",\"width\":220,\"height\":154,\"caption\":\"KG Media\"},\"image\":{\"@id\":\"https:\\\/\\\/kg-media.eu\\\/de\\\/#\\\/schema\\\/logo\\\/image\\\/\"},\"sameAs\":[\"https:\\\/\\\/www.facebook.com\\\/kgmedia.agencija\\\/\",\"https:\\\/\\\/www.linkedin.com\\\/company\\\/kg-media\\\/\",\"https:\\\/\\\/www.instagram.com\\\/kgmedia.agencija\\\/\"]}]}<\/script>\n<!-- \/ Yoast SEO Premium plugin. -->","yoast_head_json":{"title":"Radio- & TV-Werbung f\u00fcr mehr Reichweite | KG Media","description":"Medienwerbung mit starker Wirkung! Wir entwickeln Radio- & TV-Kampagnen, die Ihre Markenbekanntheit steigern. Kontaktieren Sie uns jetzt!","robots":{"index":"index","follow":"follow","max-snippet":"max-snippet:-1","max-image-preview":"max-image-preview:large","max-video-preview":"max-video-preview:-1"},"canonical":"https:\/\/kg-media.eu\/de\/offline\/radio-tv\/","og_locale":"de_DE","og_type":"article","og_title":"Radio &amp; TV","og_description":"Medienwerbung mit starker Wirkung! Wir entwickeln Radio- & TV-Kampagnen, die Ihre Markenbekanntheit steigern. Kontaktieren Sie uns jetzt!","og_url":"https:\/\/kg-media.eu\/de\/offline\/radio-tv\/","og_site_name":"KG Media","article_publisher":"https:\/\/www.facebook.com\/kgmedia.agencija\/","og_image":[{"width":605,"height":317,"url":"https:\/\/kg-media.eu\/wp-content\/uploads\/2016\/12\/kgm-fb-default.jpg","type":"image\/jpeg"}],"twitter_card":"summary_large_image","schema":{"@context":"https:\/\/schema.org","@graph":[{"@type":"WebPage","@id":"https:\/\/kg-media.eu\/de\/offline\/radio-tv\/","url":"https:\/\/kg-media.eu\/de\/offline\/radio-tv\/","name":"Radio- & TV-Werbung f\u00fcr mehr Reichweite | KG Media","isPartOf":{"@id":"https:\/\/kg-media.eu\/de\/#website"},"primaryImageOfPage":{"@id":"https:\/\/kg-media.eu\/de\/offline\/radio-tv\/#primaryimage"},"image":{"@id":"https:\/\/kg-media.eu\/de\/offline\/radio-tv\/#primaryimage"},"thumbnailUrl":"https:\/\/kg-media.eu\/wp-content\/uploads\/2024\/09\/hero-offline-usluge.jpg","datePublished":"2025-04-10T11:59:37+00:00","description":"Medienwerbung mit starker Wirkung! Wir entwickeln Radio- & TV-Kampagnen, die Ihre Markenbekanntheit steigern. Kontaktieren Sie uns jetzt!","breadcrumb":{"@id":"https:\/\/kg-media.eu\/de\/offline\/radio-tv\/#breadcrumb"},"inLanguage":"de","potentialAction":[{"@type":"ReadAction","target":["https:\/\/kg-media.eu\/de\/offline\/radio-tv\/"]}]},{"@type":"ImageObject","inLanguage":"de","@id":"https:\/\/kg-media.eu\/de\/offline\/radio-tv\/#primaryimage","url":"https:\/\/kg-media.eu\/wp-content\/uploads\/2024\/09\/hero-offline-usluge.jpg","contentUrl":"https:\/\/kg-media.eu\/wp-content\/uploads\/2024\/09\/hero-offline-usluge.jpg","width":1024,"height":512,"caption":"KG Media offline"},{"@type":"BreadcrumbList","@id":"https:\/\/kg-media.eu\/de\/offline\/radio-tv\/#breadcrumb","itemListElement":[{"@type":"ListItem","position":1,"name":"Home","item":"https:\/\/kg-media.eu\/de\/"},{"@type":"ListItem","position":2,"name":"Offline Marketing","item":"https:\/\/kg-media.eu\/de\/offline\/"},{"@type":"ListItem","position":3,"name":"Radio &amp; TV"}]},{"@type":"WebSite","@id":"https:\/\/kg-media.eu\/de\/#website","url":"https:\/\/kg-media.eu\/de\/","name":"KG Media","description":"","publisher":{"@id":"https:\/\/kg-media.eu\/de\/#organization"},"potentialAction":[{"@type":"SearchAction","target":{"@type":"EntryPoint","urlTemplate":"https:\/\/kg-media.eu\/de\/?s={search_term_string}"},"query-input":{"@type":"PropertyValueSpecification","valueRequired":true,"valueName":"search_term_string"}}],"inLanguage":"de"},{"@type":"Organization","@id":"https:\/\/kg-media.eu\/de\/#organization","name":"KG Media","url":"https:\/\/kg-media.eu\/de\/","logo":{"@type":"ImageObject","inLanguage":"de","@id":"https:\/\/kg-media.eu\/de\/#\/schema\/logo\/image\/","url":"https:\/\/kg-media.eu\/wp-content\/uploads\/2024\/06\/kgm-logo.png","contentUrl":"https:\/\/kg-media.eu\/wp-content\/uploads\/2024\/06\/kgm-logo.png","width":220,"height":154,"caption":"KG Media"},"image":{"@id":"https:\/\/kg-media.eu\/de\/#\/schema\/logo\/image\/"},"sameAs":["https:\/\/www.facebook.com\/kgmedia.agencija\/","https:\/\/www.linkedin.com\/company\/kg-media\/","https:\/\/www.instagram.com\/kgmedia.agencija\/"]}]}},"_links":{"self":[{"href":"https:\/\/kg-media.eu\/de\/wp-json\/wp\/v2\/pages\/14500","targetHints":{"allow":["GET"]}}],"collection":[{"href":"https:\/\/kg-media.eu\/de\/wp-json\/wp\/v2\/pages"}],"about":[{"href":"https:\/\/kg-media.eu\/de\/wp-json\/wp\/v2\/types\/page"}],"author":[{"embeddable":true,"href":"https:\/\/kg-media.eu\/de\/wp-json\/wp\/v2\/users\/13"}],"replies":[{"embeddable":true,"href":"https:\/\/kg-media.eu\/de\/wp-json\/wp\/v2\/comments?post=14500"}],"version-history":[{"count":0,"href":"https:\/\/kg-media.eu\/de\/wp-json\/wp\/v2\/pages\/14500\/revisions"}],"up":[{"embeddable":true,"href":"https:\/\/kg-media.eu\/de\/wp-json\/wp\/v2\/pages\/2741"}],"wp:featuredmedia":[{"embeddable":true,"href":"https:\/\/kg-media.eu\/de\/wp-json\/wp\/v2\/media\/10046"}],"wp:attachment":[{"href":"https:\/\/kg-media.eu\/de\/wp-json\/wp\/v2\/media?parent=14500"}],"curies":[{"name":"wp","href":"https:\/\/api.w.org\/{rel}","templated":true}]}}