{"id":14498,"date":"2025-04-10T13:55:32","date_gmt":"2025-04-10T11:55:32","guid":{"rendered":"https:\/\/kg-media.eu\/offline\/printwerbung\/"},"modified":"2025-04-10T13:55:32","modified_gmt":"2025-04-10T11:55:32","slug":"printwerbung","status":"publish","type":"page","link":"https:\/\/kg-media.eu\/de\/offline\/printwerbung\/","title":{"rendered":"Printwerbung"},"content":{"rendered":"<p>KG Media arbeitet mit \u00fcber 100 Verlagen zusammen, um Ihnen ma\u00dfgeschneiderte Printwerbel\u00f6sungen f\u00fcr Ihre individuellen Ziele anbieten zu k\u00f6nnen. Ob Sie eine Zeitungsanzeige in \u00d6sterreich oder eine Pr\u00e4senz in National Geographic UK w\u00fcnschen &#8211; wir wissen, wo Ihre Botschaft am besten ankommt.  <\/p>\n<p>Wussten Sie, dass KG Media die einzige Agentur in Kroatien ist, die offizielle Werbevertretung f\u00fcr f\u00fchrende Camping-Guides wie ACSI, camping.info und glamping.info ist? Wenn Sie Campingpl\u00e4tze, Glamping-Zelte oder Mobilheime vermarkten m\u00f6chten, ist dies Ihre Chance, mit unserem Team in Kontakt zu treten und im exklusiven Campingf\u00fchrer von KG Media vertreten zu sein!<\/p>\n","protected":false},"excerpt":{"rendered":"<p>KG Media arbeitet mit \u00fcber 100 Verlagen zusammen, um Ihnen ma\u00dfgeschneiderte Printwerbel\u00f6sungen f\u00fcr Ihre individuellen Ziele anbieten zu k\u00f6nnen. Ob Sie eine Zeitungsanzeige in \u00d6sterreich oder eine Pr\u00e4senz in National Geographic UK w\u00fcnschen &#8211; wir wissen, wo Ihre Botschaft am besten ankommt. Wussten Sie, dass KG Media die einzige Agentur in Kroatien ist, die offizielle&#8230;<\/p>\n","protected":false},"author":13,"featured_media":10046,"parent":2741,"menu_order":1,"comment_status":"closed","ping_status":"closed","template":"","meta":{"_acf_changed":false,"footnotes":""},"class_list":["post-14498","page","type-page","status-publish","has-post-thumbnail","hentry"],"acf":[],"yoast_head":"<!-- This site is optimized with the Yoast SEO Premium plugin v27.4 (Yoast SEO v27.4) - https:\/\/yoast.com\/product\/yoast-seo-premium-wordpress\/ -->\n<title>Printwerbung f\u00fcr maximale Markenpr\u00e4senz | KG Media<\/title>\n<meta name=\"description\" content=\"Ob Zeitung, Magazin oder National Geographic - wir bringen Ihre Marke dorthin, wo sie gesehen wird. Printwerbung mit Wirkung! Jetzt Kontakt aufnehmen!\" \/>\n<meta name=\"robots\" content=\"index, follow, max-snippet:-1, max-image-preview:large, max-video-preview:-1\" \/>\n<link rel=\"canonical\" href=\"https:\/\/kg-media.eu\/de\/offline\/printwerbung\/\" \/>\n<meta property=\"og:locale\" content=\"de_DE\" \/>\n<meta property=\"og:type\" content=\"article\" \/>\n<meta property=\"og:title\" content=\"Printwerbung\" \/>\n<meta property=\"og:description\" content=\"Ob Zeitung, Magazin oder National Geographic - wir bringen Ihre Marke dorthin, wo sie gesehen wird. Printwerbung mit Wirkung! Jetzt Kontakt aufnehmen!\" \/>\n<meta property=\"og:url\" content=\"https:\/\/kg-media.eu\/de\/offline\/printwerbung\/\" \/>\n<meta property=\"og:site_name\" content=\"KG Media\" \/>\n<meta property=\"article:publisher\" content=\"https:\/\/www.facebook.com\/kgmedia.agencija\/\" \/>\n<meta property=\"og:image\" content=\"https:\/\/kg-media.eu\/wp-content\/uploads\/2016\/12\/kgm-fb-default.jpg\" \/>\n\t<meta property=\"og:image:width\" content=\"605\" \/>\n\t<meta property=\"og:image:height\" content=\"317\" \/>\n\t<meta property=\"og:image:type\" content=\"image\/jpeg\" \/>\n<meta name=\"twitter:card\" content=\"summary_large_image\" \/>\n<script type=\"application\/ld+json\" class=\"yoast-schema-graph\">{\"@context\":\"https:\\\/\\\/schema.org\",\"@graph\":[{\"@type\":\"WebPage\",\"@id\":\"https:\\\/\\\/kg-media.eu\\\/de\\\/offline\\\/printwerbung\\\/\",\"url\":\"https:\\\/\\\/kg-media.eu\\\/de\\\/offline\\\/printwerbung\\\/\",\"name\":\"Printwerbung f\u00fcr maximale Markenpr\u00e4senz | KG Media\",\"isPartOf\":{\"@id\":\"https:\\\/\\\/kg-media.eu\\\/de\\\/#website\"},\"primaryImageOfPage\":{\"@id\":\"https:\\\/\\\/kg-media.eu\\\/de\\\/offline\\\/printwerbung\\\/#primaryimage\"},\"image\":{\"@id\":\"https:\\\/\\\/kg-media.eu\\\/de\\\/offline\\\/printwerbung\\\/#primaryimage\"},\"thumbnailUrl\":\"https:\\\/\\\/kg-media.eu\\\/wp-content\\\/uploads\\\/2024\\\/09\\\/hero-offline-usluge.jpg\",\"datePublished\":\"2025-04-10T11:55:32+00:00\",\"description\":\"Ob Zeitung, Magazin oder National Geographic - wir bringen Ihre Marke dorthin, wo sie gesehen wird. Printwerbung mit Wirkung! Jetzt Kontakt aufnehmen!\",\"breadcrumb\":{\"@id\":\"https:\\\/\\\/kg-media.eu\\\/de\\\/offline\\\/printwerbung\\\/#breadcrumb\"},\"inLanguage\":\"de\",\"potentialAction\":[{\"@type\":\"ReadAction\",\"target\":[\"https:\\\/\\\/kg-media.eu\\\/de\\\/offline\\\/printwerbung\\\/\"]}]},{\"@type\":\"ImageObject\",\"inLanguage\":\"de\",\"@id\":\"https:\\\/\\\/kg-media.eu\\\/de\\\/offline\\\/printwerbung\\\/#primaryimage\",\"url\":\"https:\\\/\\\/kg-media.eu\\\/wp-content\\\/uploads\\\/2024\\\/09\\\/hero-offline-usluge.jpg\",\"contentUrl\":\"https:\\\/\\\/kg-media.eu\\\/wp-content\\\/uploads\\\/2024\\\/09\\\/hero-offline-usluge.jpg\",\"width\":1024,\"height\":512,\"caption\":\"KG Media offline\"},{\"@type\":\"BreadcrumbList\",\"@id\":\"https:\\\/\\\/kg-media.eu\\\/de\\\/offline\\\/printwerbung\\\/#breadcrumb\",\"itemListElement\":[{\"@type\":\"ListItem\",\"position\":1,\"name\":\"Home\",\"item\":\"https:\\\/\\\/kg-media.eu\\\/de\\\/\"},{\"@type\":\"ListItem\",\"position\":2,\"name\":\"Offline Marketing\",\"item\":\"https:\\\/\\\/kg-media.eu\\\/de\\\/offline\\\/\"},{\"@type\":\"ListItem\",\"position\":3,\"name\":\"Printwerbung\"}]},{\"@type\":\"WebSite\",\"@id\":\"https:\\\/\\\/kg-media.eu\\\/de\\\/#website\",\"url\":\"https:\\\/\\\/kg-media.eu\\\/de\\\/\",\"name\":\"KG Media\",\"description\":\"\",\"publisher\":{\"@id\":\"https:\\\/\\\/kg-media.eu\\\/de\\\/#organization\"},\"potentialAction\":[{\"@type\":\"SearchAction\",\"target\":{\"@type\":\"EntryPoint\",\"urlTemplate\":\"https:\\\/\\\/kg-media.eu\\\/de\\\/?s={search_term_string}\"},\"query-input\":{\"@type\":\"PropertyValueSpecification\",\"valueRequired\":true,\"valueName\":\"search_term_string\"}}],\"inLanguage\":\"de\"},{\"@type\":\"Organization\",\"@id\":\"https:\\\/\\\/kg-media.eu\\\/de\\\/#organization\",\"name\":\"KG Media\",\"url\":\"https:\\\/\\\/kg-media.eu\\\/de\\\/\",\"logo\":{\"@type\":\"ImageObject\",\"inLanguage\":\"de\",\"@id\":\"https:\\\/\\\/kg-media.eu\\\/de\\\/#\\\/schema\\\/logo\\\/image\\\/\",\"url\":\"https:\\\/\\\/kg-media.eu\\\/wp-content\\\/uploads\\\/2024\\\/06\\\/kgm-logo.png\",\"contentUrl\":\"https:\\\/\\\/kg-media.eu\\\/wp-content\\\/uploads\\\/2024\\\/06\\\/kgm-logo.png\",\"width\":220,\"height\":154,\"caption\":\"KG Media\"},\"image\":{\"@id\":\"https:\\\/\\\/kg-media.eu\\\/de\\\/#\\\/schema\\\/logo\\\/image\\\/\"},\"sameAs\":[\"https:\\\/\\\/www.facebook.com\\\/kgmedia.agencija\\\/\",\"https:\\\/\\\/www.linkedin.com\\\/company\\\/kg-media\\\/\",\"https:\\\/\\\/www.instagram.com\\\/kgmedia.agencija\\\/\"]}]}<\/script>\n<!-- \/ Yoast SEO Premium plugin. -->","yoast_head_json":{"title":"Printwerbung f\u00fcr maximale Markenpr\u00e4senz | KG Media","description":"Ob Zeitung, Magazin oder National Geographic - wir bringen Ihre Marke dorthin, wo sie gesehen wird. Printwerbung mit Wirkung! Jetzt Kontakt aufnehmen!","robots":{"index":"index","follow":"follow","max-snippet":"max-snippet:-1","max-image-preview":"max-image-preview:large","max-video-preview":"max-video-preview:-1"},"canonical":"https:\/\/kg-media.eu\/de\/offline\/printwerbung\/","og_locale":"de_DE","og_type":"article","og_title":"Printwerbung","og_description":"Ob Zeitung, Magazin oder National Geographic - wir bringen Ihre Marke dorthin, wo sie gesehen wird. Printwerbung mit Wirkung! Jetzt Kontakt aufnehmen!","og_url":"https:\/\/kg-media.eu\/de\/offline\/printwerbung\/","og_site_name":"KG Media","article_publisher":"https:\/\/www.facebook.com\/kgmedia.agencija\/","og_image":[{"width":605,"height":317,"url":"https:\/\/kg-media.eu\/wp-content\/uploads\/2016\/12\/kgm-fb-default.jpg","type":"image\/jpeg"}],"twitter_card":"summary_large_image","schema":{"@context":"https:\/\/schema.org","@graph":[{"@type":"WebPage","@id":"https:\/\/kg-media.eu\/de\/offline\/printwerbung\/","url":"https:\/\/kg-media.eu\/de\/offline\/printwerbung\/","name":"Printwerbung f\u00fcr maximale Markenpr\u00e4senz | KG Media","isPartOf":{"@id":"https:\/\/kg-media.eu\/de\/#website"},"primaryImageOfPage":{"@id":"https:\/\/kg-media.eu\/de\/offline\/printwerbung\/#primaryimage"},"image":{"@id":"https:\/\/kg-media.eu\/de\/offline\/printwerbung\/#primaryimage"},"thumbnailUrl":"https:\/\/kg-media.eu\/wp-content\/uploads\/2024\/09\/hero-offline-usluge.jpg","datePublished":"2025-04-10T11:55:32+00:00","description":"Ob Zeitung, Magazin oder National Geographic - wir bringen Ihre Marke dorthin, wo sie gesehen wird. Printwerbung mit Wirkung! Jetzt Kontakt aufnehmen!","breadcrumb":{"@id":"https:\/\/kg-media.eu\/de\/offline\/printwerbung\/#breadcrumb"},"inLanguage":"de","potentialAction":[{"@type":"ReadAction","target":["https:\/\/kg-media.eu\/de\/offline\/printwerbung\/"]}]},{"@type":"ImageObject","inLanguage":"de","@id":"https:\/\/kg-media.eu\/de\/offline\/printwerbung\/#primaryimage","url":"https:\/\/kg-media.eu\/wp-content\/uploads\/2024\/09\/hero-offline-usluge.jpg","contentUrl":"https:\/\/kg-media.eu\/wp-content\/uploads\/2024\/09\/hero-offline-usluge.jpg","width":1024,"height":512,"caption":"KG Media offline"},{"@type":"BreadcrumbList","@id":"https:\/\/kg-media.eu\/de\/offline\/printwerbung\/#breadcrumb","itemListElement":[{"@type":"ListItem","position":1,"name":"Home","item":"https:\/\/kg-media.eu\/de\/"},{"@type":"ListItem","position":2,"name":"Offline Marketing","item":"https:\/\/kg-media.eu\/de\/offline\/"},{"@type":"ListItem","position":3,"name":"Printwerbung"}]},{"@type":"WebSite","@id":"https:\/\/kg-media.eu\/de\/#website","url":"https:\/\/kg-media.eu\/de\/","name":"KG Media","description":"","publisher":{"@id":"https:\/\/kg-media.eu\/de\/#organization"},"potentialAction":[{"@type":"SearchAction","target":{"@type":"EntryPoint","urlTemplate":"https:\/\/kg-media.eu\/de\/?s={search_term_string}"},"query-input":{"@type":"PropertyValueSpecification","valueRequired":true,"valueName":"search_term_string"}}],"inLanguage":"de"},{"@type":"Organization","@id":"https:\/\/kg-media.eu\/de\/#organization","name":"KG Media","url":"https:\/\/kg-media.eu\/de\/","logo":{"@type":"ImageObject","inLanguage":"de","@id":"https:\/\/kg-media.eu\/de\/#\/schema\/logo\/image\/","url":"https:\/\/kg-media.eu\/wp-content\/uploads\/2024\/06\/kgm-logo.png","contentUrl":"https:\/\/kg-media.eu\/wp-content\/uploads\/2024\/06\/kgm-logo.png","width":220,"height":154,"caption":"KG Media"},"image":{"@id":"https:\/\/kg-media.eu\/de\/#\/schema\/logo\/image\/"},"sameAs":["https:\/\/www.facebook.com\/kgmedia.agencija\/","https:\/\/www.linkedin.com\/company\/kg-media\/","https:\/\/www.instagram.com\/kgmedia.agencija\/"]}]}},"_links":{"self":[{"href":"https:\/\/kg-media.eu\/de\/wp-json\/wp\/v2\/pages\/14498","targetHints":{"allow":["GET"]}}],"collection":[{"href":"https:\/\/kg-media.eu\/de\/wp-json\/wp\/v2\/pages"}],"about":[{"href":"https:\/\/kg-media.eu\/de\/wp-json\/wp\/v2\/types\/page"}],"author":[{"embeddable":true,"href":"https:\/\/kg-media.eu\/de\/wp-json\/wp\/v2\/users\/13"}],"replies":[{"embeddable":true,"href":"https:\/\/kg-media.eu\/de\/wp-json\/wp\/v2\/comments?post=14498"}],"version-history":[{"count":0,"href":"https:\/\/kg-media.eu\/de\/wp-json\/wp\/v2\/pages\/14498\/revisions"}],"up":[{"embeddable":true,"href":"https:\/\/kg-media.eu\/de\/wp-json\/wp\/v2\/pages\/2741"}],"wp:featuredmedia":[{"embeddable":true,"href":"https:\/\/kg-media.eu\/de\/wp-json\/wp\/v2\/media\/10046"}],"wp:attachment":[{"href":"https:\/\/kg-media.eu\/de\/wp-json\/wp\/v2\/media?parent=14498"}],"curies":[{"name":"wp","href":"https:\/\/api.w.org\/{rel}","templated":true}]}}