{"id":14483,"date":"2025-04-10T13:34:19","date_gmt":"2025-04-10T11:34:19","guid":{"rendered":"https:\/\/kg-media.eu\/online\/ux-audit\/"},"modified":"2025-04-10T13:34:19","modified_gmt":"2025-04-10T11:34:19","slug":"ux-audit","status":"publish","type":"page","link":"https:\/\/kg-media.eu\/de\/online\/ux-audit\/","title":{"rendered":"UX Audit"},"content":{"rendered":"<p>In der digitalen Welt entscheidet die User Experience (UX) \u00fcber Erfolg oder Misserfolg. Jede Interaktion, jeder Klick und jeder Eindruck auf Ihrer Website oder App beeinflusst die Conversion-Rate, Kundenbindung und letztendlich Ihren Umsatz. Um sicherzustellen, dass Ihre digitale Plattform ein erstklassiges Erlebnis bietet, ist ein UX-Audit unerl\u00e4sslich.<\/p>\n<p>Ein UX-Audit ist eine umfassende Analyse Ihrer Website oder App, die Schwachstellen und Optimierungspotenziale identifiziert. Unsere Experten kombinieren Datenanalysen, bew\u00e4hrte Methoden und tiefgehende Erkenntnisse \u00fcber Nutzerverhalten, um zentrale Bereiche f\u00fcr Verbesserungen zu definieren.<\/p>\n","protected":false},"excerpt":{"rendered":"<p>In der digitalen Welt entscheidet die User Experience (UX) \u00fcber Erfolg oder Misserfolg. Jede Interaktion, jeder Klick und jeder Eindruck auf Ihrer Website oder App beeinflusst die Conversion-Rate, Kundenbindung und letztendlich Ihren Umsatz. Um sicherzustellen, dass Ihre digitale Plattform ein erstklassiges Erlebnis bietet, ist ein UX-Audit unerl\u00e4sslich. Ein UX-Audit ist eine umfassende Analyse Ihrer Website&#8230;<\/p>\n","protected":false},"author":13,"featured_media":10043,"parent":2674,"menu_order":11,"comment_status":"closed","ping_status":"closed","template":"","meta":{"_acf_changed":false,"footnotes":""},"class_list":["post-14483","page","type-page","status-publish","has-post-thumbnail","hentry"],"acf":[],"yoast_head":"<!-- This site is optimized with the Yoast SEO Premium plugin v27.4 (Yoast SEO v27.4) - https:\/\/yoast.com\/product\/yoast-seo-premium-wordpress\/ -->\n<title>UX-Audit zur Optimierung der User Experience | KG Media<\/title>\n<meta name=\"description\" content=\"Ein UX-Audit verbessert Web-Performance und Nutzererfahrung. Mehr Engagement, h\u00f6here Conversions - mit optimiertem Design zum Erfolg!\" \/>\n<meta name=\"robots\" content=\"index, follow, max-snippet:-1, max-image-preview:large, max-video-preview:-1\" \/>\n<link rel=\"canonical\" href=\"https:\/\/kg-media.eu\/de\/online\/ux-audit\/\" \/>\n<meta property=\"og:locale\" content=\"de_DE\" \/>\n<meta property=\"og:type\" content=\"article\" \/>\n<meta property=\"og:title\" content=\"UX Audit\" \/>\n<meta property=\"og:description\" content=\"Ein UX-Audit verbessert Web-Performance und Nutzererfahrung. Mehr Engagement, h\u00f6here Conversions - mit optimiertem Design zum Erfolg!\" \/>\n<meta property=\"og:url\" content=\"https:\/\/kg-media.eu\/de\/online\/ux-audit\/\" \/>\n<meta property=\"og:site_name\" content=\"KG Media\" \/>\n<meta property=\"article:publisher\" content=\"https:\/\/www.facebook.com\/kgmedia.agencija\/\" \/>\n<meta property=\"og:image\" content=\"https:\/\/kg-media.eu\/wp-content\/uploads\/2016\/12\/kgm-fb-default.jpg\" \/>\n\t<meta property=\"og:image:width\" content=\"605\" \/>\n\t<meta property=\"og:image:height\" content=\"317\" \/>\n\t<meta property=\"og:image:type\" content=\"image\/jpeg\" \/>\n<meta name=\"twitter:card\" content=\"summary_large_image\" \/>\n<script type=\"application\/ld+json\" class=\"yoast-schema-graph\">{\"@context\":\"https:\\\/\\\/schema.org\",\"@graph\":[{\"@type\":\"WebPage\",\"@id\":\"https:\\\/\\\/kg-media.eu\\\/de\\\/online\\\/ux-audit\\\/\",\"url\":\"https:\\\/\\\/kg-media.eu\\\/de\\\/online\\\/ux-audit\\\/\",\"name\":\"UX-Audit zur Optimierung der User Experience | KG Media\",\"isPartOf\":{\"@id\":\"https:\\\/\\\/kg-media.eu\\\/de\\\/#website\"},\"primaryImageOfPage\":{\"@id\":\"https:\\\/\\\/kg-media.eu\\\/de\\\/online\\\/ux-audit\\\/#primaryimage\"},\"image\":{\"@id\":\"https:\\\/\\\/kg-media.eu\\\/de\\\/online\\\/ux-audit\\\/#primaryimage\"},\"thumbnailUrl\":\"https:\\\/\\\/kg-media.eu\\\/wp-content\\\/uploads\\\/2024\\\/09\\\/hero-online-usluge.jpg\",\"datePublished\":\"2025-04-10T11:34:19+00:00\",\"description\":\"Ein UX-Audit verbessert Web-Performance und Nutzererfahrung. Mehr Engagement, h\u00f6here Conversions - mit optimiertem Design zum Erfolg!\",\"breadcrumb\":{\"@id\":\"https:\\\/\\\/kg-media.eu\\\/de\\\/online\\\/ux-audit\\\/#breadcrumb\"},\"inLanguage\":\"de\",\"potentialAction\":[{\"@type\":\"ReadAction\",\"target\":[\"https:\\\/\\\/kg-media.eu\\\/de\\\/online\\\/ux-audit\\\/\"]}]},{\"@type\":\"ImageObject\",\"inLanguage\":\"de\",\"@id\":\"https:\\\/\\\/kg-media.eu\\\/de\\\/online\\\/ux-audit\\\/#primaryimage\",\"url\":\"https:\\\/\\\/kg-media.eu\\\/wp-content\\\/uploads\\\/2024\\\/09\\\/hero-online-usluge.jpg\",\"contentUrl\":\"https:\\\/\\\/kg-media.eu\\\/wp-content\\\/uploads\\\/2024\\\/09\\\/hero-online-usluge.jpg\",\"width\":1024,\"height\":512,\"caption\":\"Digital\"},{\"@type\":\"BreadcrumbList\",\"@id\":\"https:\\\/\\\/kg-media.eu\\\/de\\\/online\\\/ux-audit\\\/#breadcrumb\",\"itemListElement\":[{\"@type\":\"ListItem\",\"position\":1,\"name\":\"Home\",\"item\":\"https:\\\/\\\/kg-media.eu\\\/de\\\/\"},{\"@type\":\"ListItem\",\"position\":2,\"name\":\"Online Marketing\",\"item\":\"https:\\\/\\\/kg-media.eu\\\/de\\\/online\\\/\"},{\"@type\":\"ListItem\",\"position\":3,\"name\":\"UX Audit\"}]},{\"@type\":\"WebSite\",\"@id\":\"https:\\\/\\\/kg-media.eu\\\/de\\\/#website\",\"url\":\"https:\\\/\\\/kg-media.eu\\\/de\\\/\",\"name\":\"KG Media\",\"description\":\"\",\"publisher\":{\"@id\":\"https:\\\/\\\/kg-media.eu\\\/de\\\/#organization\"},\"potentialAction\":[{\"@type\":\"SearchAction\",\"target\":{\"@type\":\"EntryPoint\",\"urlTemplate\":\"https:\\\/\\\/kg-media.eu\\\/de\\\/?s={search_term_string}\"},\"query-input\":{\"@type\":\"PropertyValueSpecification\",\"valueRequired\":true,\"valueName\":\"search_term_string\"}}],\"inLanguage\":\"de\"},{\"@type\":\"Organization\",\"@id\":\"https:\\\/\\\/kg-media.eu\\\/de\\\/#organization\",\"name\":\"KG Media\",\"url\":\"https:\\\/\\\/kg-media.eu\\\/de\\\/\",\"logo\":{\"@type\":\"ImageObject\",\"inLanguage\":\"de\",\"@id\":\"https:\\\/\\\/kg-media.eu\\\/de\\\/#\\\/schema\\\/logo\\\/image\\\/\",\"url\":\"https:\\\/\\\/kg-media.eu\\\/wp-content\\\/uploads\\\/2024\\\/06\\\/kgm-logo.png\",\"contentUrl\":\"https:\\\/\\\/kg-media.eu\\\/wp-content\\\/uploads\\\/2024\\\/06\\\/kgm-logo.png\",\"width\":220,\"height\":154,\"caption\":\"KG Media\"},\"image\":{\"@id\":\"https:\\\/\\\/kg-media.eu\\\/de\\\/#\\\/schema\\\/logo\\\/image\\\/\"},\"sameAs\":[\"https:\\\/\\\/www.facebook.com\\\/kgmedia.agencija\\\/\",\"https:\\\/\\\/www.linkedin.com\\\/company\\\/kg-media\\\/\",\"https:\\\/\\\/www.instagram.com\\\/kgmedia.agencija\\\/\"]}]}<\/script>\n<!-- \/ Yoast SEO Premium plugin. -->","yoast_head_json":{"title":"UX-Audit zur Optimierung der User Experience | KG Media","description":"Ein UX-Audit verbessert Web-Performance und Nutzererfahrung. Mehr Engagement, h\u00f6here Conversions - mit optimiertem Design zum Erfolg!","robots":{"index":"index","follow":"follow","max-snippet":"max-snippet:-1","max-image-preview":"max-image-preview:large","max-video-preview":"max-video-preview:-1"},"canonical":"https:\/\/kg-media.eu\/de\/online\/ux-audit\/","og_locale":"de_DE","og_type":"article","og_title":"UX Audit","og_description":"Ein UX-Audit verbessert Web-Performance und Nutzererfahrung. Mehr Engagement, h\u00f6here Conversions - mit optimiertem Design zum Erfolg!","og_url":"https:\/\/kg-media.eu\/de\/online\/ux-audit\/","og_site_name":"KG Media","article_publisher":"https:\/\/www.facebook.com\/kgmedia.agencija\/","og_image":[{"width":605,"height":317,"url":"https:\/\/kg-media.eu\/wp-content\/uploads\/2016\/12\/kgm-fb-default.jpg","type":"image\/jpeg"}],"twitter_card":"summary_large_image","schema":{"@context":"https:\/\/schema.org","@graph":[{"@type":"WebPage","@id":"https:\/\/kg-media.eu\/de\/online\/ux-audit\/","url":"https:\/\/kg-media.eu\/de\/online\/ux-audit\/","name":"UX-Audit zur Optimierung der User Experience | KG Media","isPartOf":{"@id":"https:\/\/kg-media.eu\/de\/#website"},"primaryImageOfPage":{"@id":"https:\/\/kg-media.eu\/de\/online\/ux-audit\/#primaryimage"},"image":{"@id":"https:\/\/kg-media.eu\/de\/online\/ux-audit\/#primaryimage"},"thumbnailUrl":"https:\/\/kg-media.eu\/wp-content\/uploads\/2024\/09\/hero-online-usluge.jpg","datePublished":"2025-04-10T11:34:19+00:00","description":"Ein UX-Audit verbessert Web-Performance und Nutzererfahrung. Mehr Engagement, h\u00f6here Conversions - mit optimiertem Design zum Erfolg!","breadcrumb":{"@id":"https:\/\/kg-media.eu\/de\/online\/ux-audit\/#breadcrumb"},"inLanguage":"de","potentialAction":[{"@type":"ReadAction","target":["https:\/\/kg-media.eu\/de\/online\/ux-audit\/"]}]},{"@type":"ImageObject","inLanguage":"de","@id":"https:\/\/kg-media.eu\/de\/online\/ux-audit\/#primaryimage","url":"https:\/\/kg-media.eu\/wp-content\/uploads\/2024\/09\/hero-online-usluge.jpg","contentUrl":"https:\/\/kg-media.eu\/wp-content\/uploads\/2024\/09\/hero-online-usluge.jpg","width":1024,"height":512,"caption":"Digital"},{"@type":"BreadcrumbList","@id":"https:\/\/kg-media.eu\/de\/online\/ux-audit\/#breadcrumb","itemListElement":[{"@type":"ListItem","position":1,"name":"Home","item":"https:\/\/kg-media.eu\/de\/"},{"@type":"ListItem","position":2,"name":"Online Marketing","item":"https:\/\/kg-media.eu\/de\/online\/"},{"@type":"ListItem","position":3,"name":"UX Audit"}]},{"@type":"WebSite","@id":"https:\/\/kg-media.eu\/de\/#website","url":"https:\/\/kg-media.eu\/de\/","name":"KG Media","description":"","publisher":{"@id":"https:\/\/kg-media.eu\/de\/#organization"},"potentialAction":[{"@type":"SearchAction","target":{"@type":"EntryPoint","urlTemplate":"https:\/\/kg-media.eu\/de\/?s={search_term_string}"},"query-input":{"@type":"PropertyValueSpecification","valueRequired":true,"valueName":"search_term_string"}}],"inLanguage":"de"},{"@type":"Organization","@id":"https:\/\/kg-media.eu\/de\/#organization","name":"KG Media","url":"https:\/\/kg-media.eu\/de\/","logo":{"@type":"ImageObject","inLanguage":"de","@id":"https:\/\/kg-media.eu\/de\/#\/schema\/logo\/image\/","url":"https:\/\/kg-media.eu\/wp-content\/uploads\/2024\/06\/kgm-logo.png","contentUrl":"https:\/\/kg-media.eu\/wp-content\/uploads\/2024\/06\/kgm-logo.png","width":220,"height":154,"caption":"KG Media"},"image":{"@id":"https:\/\/kg-media.eu\/de\/#\/schema\/logo\/image\/"},"sameAs":["https:\/\/www.facebook.com\/kgmedia.agencija\/","https:\/\/www.linkedin.com\/company\/kg-media\/","https:\/\/www.instagram.com\/kgmedia.agencija\/"]}]}},"_links":{"self":[{"href":"https:\/\/kg-media.eu\/de\/wp-json\/wp\/v2\/pages\/14483","targetHints":{"allow":["GET"]}}],"collection":[{"href":"https:\/\/kg-media.eu\/de\/wp-json\/wp\/v2\/pages"}],"about":[{"href":"https:\/\/kg-media.eu\/de\/wp-json\/wp\/v2\/types\/page"}],"author":[{"embeddable":true,"href":"https:\/\/kg-media.eu\/de\/wp-json\/wp\/v2\/users\/13"}],"replies":[{"embeddable":true,"href":"https:\/\/kg-media.eu\/de\/wp-json\/wp\/v2\/comments?post=14483"}],"version-history":[{"count":0,"href":"https:\/\/kg-media.eu\/de\/wp-json\/wp\/v2\/pages\/14483\/revisions"}],"up":[{"embeddable":true,"href":"https:\/\/kg-media.eu\/de\/wp-json\/wp\/v2\/pages\/2674"}],"wp:featuredmedia":[{"embeddable":true,"href":"https:\/\/kg-media.eu\/de\/wp-json\/wp\/v2\/media\/10043"}],"wp:attachment":[{"href":"https:\/\/kg-media.eu\/de\/wp-json\/wp\/v2\/media?parent=14483"}],"curies":[{"name":"wp","href":"https:\/\/api.w.org\/{rel}","templated":true}]}}