{"id":14472,"date":"2025-04-10T10:11:55","date_gmt":"2025-04-10T08:11:55","guid":{"rendered":"https:\/\/kg-media.eu\/online\/linkedin-marketing\/"},"modified":"2025-04-10T10:11:55","modified_gmt":"2025-04-10T08:11:55","slug":"linkedin-marketing","status":"publish","type":"page","link":"https:\/\/kg-media.eu\/de\/online\/linkedin-marketing\/","title":{"rendered":"LinkedIn Marketing"},"content":{"rendered":"<p>Ihre Zielgruppe sind Experten und Entscheidungstr\u00e4ger? Dann werben Sie dort, wo sie aktiv sind &#8211; auf LinkedIn.  <\/p>\n<p>Wussten Sie, dass LinkedIn eine der \u00e4ltesten und gleichzeitig schnellstwachsenden sozialen Plattformen ist? Sie hat sich als f\u00fchrendes Netzwerk f\u00fcr Unternehmen, Experten und Branchenprofis etabliert und setzt den Fokus auf qualitativ hochwertige Inhalte, die echte Interaktion und wertvolle Business-Kontakte f\u00f6rdern. <\/p>\n<p>Mit LinkedIn Ads k\u00f6nnen Sie potenzielle Kunden direkt in ihrem Posteingang ansprechen, personalisierte Kampagnen erstellen und gezielt qualifizierte Leads generieren.<\/p>\n","protected":false},"excerpt":{"rendered":"<p>Ihre Zielgruppe sind Experten und Entscheidungstr\u00e4ger? Dann werben Sie dort, wo sie aktiv sind &#8211; auf LinkedIn. Wussten Sie, dass LinkedIn eine der \u00e4ltesten und gleichzeitig schnellstwachsenden sozialen Plattformen ist? Sie hat sich als f\u00fchrendes Netzwerk f\u00fcr Unternehmen, Experten und Branchenprofis etabliert und setzt den Fokus auf qualitativ hochwertige Inhalte, die echte Interaktion und wertvolle&#8230;<\/p>\n","protected":false},"author":13,"featured_media":10043,"parent":2674,"menu_order":6,"comment_status":"closed","ping_status":"closed","template":"","meta":{"_acf_changed":false,"footnotes":""},"class_list":["post-14472","page","type-page","status-publish","has-post-thumbnail","hentry"],"acf":[],"yoast_head":"<!-- This site is optimized with the Yoast SEO Premium plugin v27.4 (Yoast SEO v27.4) - https:\/\/yoast.com\/product\/yoast-seo-premium-wordpress\/ -->\n<title>Gezieltes LinkedIn-Marketing f\u00fcr Ihre Marke | KG Media<\/title>\n<meta name=\"description\" content=\"Erh\u00f6hen Sie Ihre Sichtbarkeit und gewinnen Sie hochwertige Leads mit LinkedIn Ads. Pr\u00e4zises Targeting f\u00fcr maximale Wirkung - jetzt kontaktieren!\" \/>\n<meta name=\"robots\" content=\"index, follow, max-snippet:-1, max-image-preview:large, max-video-preview:-1\" \/>\n<link rel=\"canonical\" href=\"https:\/\/kg-media.eu\/de\/online\/linkedin-marketing\/\" \/>\n<meta property=\"og:locale\" content=\"de_DE\" \/>\n<meta property=\"og:type\" content=\"article\" \/>\n<meta property=\"og:title\" content=\"LinkedIn Marketing\" \/>\n<meta property=\"og:description\" content=\"Erh\u00f6hen Sie Ihre Sichtbarkeit und gewinnen Sie hochwertige Leads mit LinkedIn Ads. Pr\u00e4zises Targeting f\u00fcr maximale Wirkung - jetzt kontaktieren!\" \/>\n<meta property=\"og:url\" content=\"https:\/\/kg-media.eu\/de\/online\/linkedin-marketing\/\" \/>\n<meta property=\"og:site_name\" content=\"KG Media\" \/>\n<meta property=\"article:publisher\" content=\"https:\/\/www.facebook.com\/kgmedia.agencija\/\" \/>\n<meta property=\"og:image\" content=\"https:\/\/kg-media.eu\/wp-content\/uploads\/2016\/12\/kgm-fb-default.jpg\" \/>\n\t<meta property=\"og:image:width\" content=\"605\" \/>\n\t<meta property=\"og:image:height\" content=\"317\" \/>\n\t<meta property=\"og:image:type\" content=\"image\/jpeg\" \/>\n<meta name=\"twitter:card\" content=\"summary_large_image\" \/>\n<script type=\"application\/ld+json\" class=\"yoast-schema-graph\">{\"@context\":\"https:\\\/\\\/schema.org\",\"@graph\":[{\"@type\":\"WebPage\",\"@id\":\"https:\\\/\\\/kg-media.eu\\\/de\\\/online\\\/linkedin-marketing\\\/\",\"url\":\"https:\\\/\\\/kg-media.eu\\\/de\\\/online\\\/linkedin-marketing\\\/\",\"name\":\"Gezieltes LinkedIn-Marketing f\u00fcr Ihre Marke | KG Media\",\"isPartOf\":{\"@id\":\"https:\\\/\\\/kg-media.eu\\\/de\\\/#website\"},\"primaryImageOfPage\":{\"@id\":\"https:\\\/\\\/kg-media.eu\\\/de\\\/online\\\/linkedin-marketing\\\/#primaryimage\"},\"image\":{\"@id\":\"https:\\\/\\\/kg-media.eu\\\/de\\\/online\\\/linkedin-marketing\\\/#primaryimage\"},\"thumbnailUrl\":\"https:\\\/\\\/kg-media.eu\\\/wp-content\\\/uploads\\\/2024\\\/09\\\/hero-online-usluge.jpg\",\"datePublished\":\"2025-04-10T08:11:55+00:00\",\"description\":\"Erh\u00f6hen Sie Ihre Sichtbarkeit und gewinnen Sie hochwertige Leads mit LinkedIn Ads. Pr\u00e4zises Targeting f\u00fcr maximale Wirkung - jetzt kontaktieren!\",\"breadcrumb\":{\"@id\":\"https:\\\/\\\/kg-media.eu\\\/de\\\/online\\\/linkedin-marketing\\\/#breadcrumb\"},\"inLanguage\":\"de\",\"potentialAction\":[{\"@type\":\"ReadAction\",\"target\":[\"https:\\\/\\\/kg-media.eu\\\/de\\\/online\\\/linkedin-marketing\\\/\"]}]},{\"@type\":\"ImageObject\",\"inLanguage\":\"de\",\"@id\":\"https:\\\/\\\/kg-media.eu\\\/de\\\/online\\\/linkedin-marketing\\\/#primaryimage\",\"url\":\"https:\\\/\\\/kg-media.eu\\\/wp-content\\\/uploads\\\/2024\\\/09\\\/hero-online-usluge.jpg\",\"contentUrl\":\"https:\\\/\\\/kg-media.eu\\\/wp-content\\\/uploads\\\/2024\\\/09\\\/hero-online-usluge.jpg\",\"width\":1024,\"height\":512,\"caption\":\"Digital\"},{\"@type\":\"BreadcrumbList\",\"@id\":\"https:\\\/\\\/kg-media.eu\\\/de\\\/online\\\/linkedin-marketing\\\/#breadcrumb\",\"itemListElement\":[{\"@type\":\"ListItem\",\"position\":1,\"name\":\"Home\",\"item\":\"https:\\\/\\\/kg-media.eu\\\/de\\\/\"},{\"@type\":\"ListItem\",\"position\":2,\"name\":\"Online Marketing\",\"item\":\"https:\\\/\\\/kg-media.eu\\\/de\\\/online\\\/\"},{\"@type\":\"ListItem\",\"position\":3,\"name\":\"LinkedIn Marketing\"}]},{\"@type\":\"WebSite\",\"@id\":\"https:\\\/\\\/kg-media.eu\\\/de\\\/#website\",\"url\":\"https:\\\/\\\/kg-media.eu\\\/de\\\/\",\"name\":\"KG Media\",\"description\":\"\",\"publisher\":{\"@id\":\"https:\\\/\\\/kg-media.eu\\\/de\\\/#organization\"},\"potentialAction\":[{\"@type\":\"SearchAction\",\"target\":{\"@type\":\"EntryPoint\",\"urlTemplate\":\"https:\\\/\\\/kg-media.eu\\\/de\\\/?s={search_term_string}\"},\"query-input\":{\"@type\":\"PropertyValueSpecification\",\"valueRequired\":true,\"valueName\":\"search_term_string\"}}],\"inLanguage\":\"de\"},{\"@type\":\"Organization\",\"@id\":\"https:\\\/\\\/kg-media.eu\\\/de\\\/#organization\",\"name\":\"KG Media\",\"url\":\"https:\\\/\\\/kg-media.eu\\\/de\\\/\",\"logo\":{\"@type\":\"ImageObject\",\"inLanguage\":\"de\",\"@id\":\"https:\\\/\\\/kg-media.eu\\\/de\\\/#\\\/schema\\\/logo\\\/image\\\/\",\"url\":\"https:\\\/\\\/kg-media.eu\\\/wp-content\\\/uploads\\\/2024\\\/06\\\/kgm-logo.png\",\"contentUrl\":\"https:\\\/\\\/kg-media.eu\\\/wp-content\\\/uploads\\\/2024\\\/06\\\/kgm-logo.png\",\"width\":220,\"height\":154,\"caption\":\"KG Media\"},\"image\":{\"@id\":\"https:\\\/\\\/kg-media.eu\\\/de\\\/#\\\/schema\\\/logo\\\/image\\\/\"},\"sameAs\":[\"https:\\\/\\\/www.facebook.com\\\/kgmedia.agencija\\\/\",\"https:\\\/\\\/www.linkedin.com\\\/company\\\/kg-media\\\/\",\"https:\\\/\\\/www.instagram.com\\\/kgmedia.agencija\\\/\"]}]}<\/script>\n<!-- \/ Yoast SEO Premium plugin. -->","yoast_head_json":{"title":"Gezieltes LinkedIn-Marketing f\u00fcr Ihre Marke | KG Media","description":"Erh\u00f6hen Sie Ihre Sichtbarkeit und gewinnen Sie hochwertige Leads mit LinkedIn Ads. Pr\u00e4zises Targeting f\u00fcr maximale Wirkung - jetzt kontaktieren!","robots":{"index":"index","follow":"follow","max-snippet":"max-snippet:-1","max-image-preview":"max-image-preview:large","max-video-preview":"max-video-preview:-1"},"canonical":"https:\/\/kg-media.eu\/de\/online\/linkedin-marketing\/","og_locale":"de_DE","og_type":"article","og_title":"LinkedIn Marketing","og_description":"Erh\u00f6hen Sie Ihre Sichtbarkeit und gewinnen Sie hochwertige Leads mit LinkedIn Ads. Pr\u00e4zises Targeting f\u00fcr maximale Wirkung - jetzt kontaktieren!","og_url":"https:\/\/kg-media.eu\/de\/online\/linkedin-marketing\/","og_site_name":"KG Media","article_publisher":"https:\/\/www.facebook.com\/kgmedia.agencija\/","og_image":[{"width":605,"height":317,"url":"https:\/\/kg-media.eu\/wp-content\/uploads\/2016\/12\/kgm-fb-default.jpg","type":"image\/jpeg"}],"twitter_card":"summary_large_image","schema":{"@context":"https:\/\/schema.org","@graph":[{"@type":"WebPage","@id":"https:\/\/kg-media.eu\/de\/online\/linkedin-marketing\/","url":"https:\/\/kg-media.eu\/de\/online\/linkedin-marketing\/","name":"Gezieltes LinkedIn-Marketing f\u00fcr Ihre Marke | KG Media","isPartOf":{"@id":"https:\/\/kg-media.eu\/de\/#website"},"primaryImageOfPage":{"@id":"https:\/\/kg-media.eu\/de\/online\/linkedin-marketing\/#primaryimage"},"image":{"@id":"https:\/\/kg-media.eu\/de\/online\/linkedin-marketing\/#primaryimage"},"thumbnailUrl":"https:\/\/kg-media.eu\/wp-content\/uploads\/2024\/09\/hero-online-usluge.jpg","datePublished":"2025-04-10T08:11:55+00:00","description":"Erh\u00f6hen Sie Ihre Sichtbarkeit und gewinnen Sie hochwertige Leads mit LinkedIn Ads. Pr\u00e4zises Targeting f\u00fcr maximale Wirkung - jetzt kontaktieren!","breadcrumb":{"@id":"https:\/\/kg-media.eu\/de\/online\/linkedin-marketing\/#breadcrumb"},"inLanguage":"de","potentialAction":[{"@type":"ReadAction","target":["https:\/\/kg-media.eu\/de\/online\/linkedin-marketing\/"]}]},{"@type":"ImageObject","inLanguage":"de","@id":"https:\/\/kg-media.eu\/de\/online\/linkedin-marketing\/#primaryimage","url":"https:\/\/kg-media.eu\/wp-content\/uploads\/2024\/09\/hero-online-usluge.jpg","contentUrl":"https:\/\/kg-media.eu\/wp-content\/uploads\/2024\/09\/hero-online-usluge.jpg","width":1024,"height":512,"caption":"Digital"},{"@type":"BreadcrumbList","@id":"https:\/\/kg-media.eu\/de\/online\/linkedin-marketing\/#breadcrumb","itemListElement":[{"@type":"ListItem","position":1,"name":"Home","item":"https:\/\/kg-media.eu\/de\/"},{"@type":"ListItem","position":2,"name":"Online Marketing","item":"https:\/\/kg-media.eu\/de\/online\/"},{"@type":"ListItem","position":3,"name":"LinkedIn Marketing"}]},{"@type":"WebSite","@id":"https:\/\/kg-media.eu\/de\/#website","url":"https:\/\/kg-media.eu\/de\/","name":"KG Media","description":"","publisher":{"@id":"https:\/\/kg-media.eu\/de\/#organization"},"potentialAction":[{"@type":"SearchAction","target":{"@type":"EntryPoint","urlTemplate":"https:\/\/kg-media.eu\/de\/?s={search_term_string}"},"query-input":{"@type":"PropertyValueSpecification","valueRequired":true,"valueName":"search_term_string"}}],"inLanguage":"de"},{"@type":"Organization","@id":"https:\/\/kg-media.eu\/de\/#organization","name":"KG Media","url":"https:\/\/kg-media.eu\/de\/","logo":{"@type":"ImageObject","inLanguage":"de","@id":"https:\/\/kg-media.eu\/de\/#\/schema\/logo\/image\/","url":"https:\/\/kg-media.eu\/wp-content\/uploads\/2024\/06\/kgm-logo.png","contentUrl":"https:\/\/kg-media.eu\/wp-content\/uploads\/2024\/06\/kgm-logo.png","width":220,"height":154,"caption":"KG Media"},"image":{"@id":"https:\/\/kg-media.eu\/de\/#\/schema\/logo\/image\/"},"sameAs":["https:\/\/www.facebook.com\/kgmedia.agencija\/","https:\/\/www.linkedin.com\/company\/kg-media\/","https:\/\/www.instagram.com\/kgmedia.agencija\/"]}]}},"_links":{"self":[{"href":"https:\/\/kg-media.eu\/de\/wp-json\/wp\/v2\/pages\/14472","targetHints":{"allow":["GET"]}}],"collection":[{"href":"https:\/\/kg-media.eu\/de\/wp-json\/wp\/v2\/pages"}],"about":[{"href":"https:\/\/kg-media.eu\/de\/wp-json\/wp\/v2\/types\/page"}],"author":[{"embeddable":true,"href":"https:\/\/kg-media.eu\/de\/wp-json\/wp\/v2\/users\/13"}],"replies":[{"embeddable":true,"href":"https:\/\/kg-media.eu\/de\/wp-json\/wp\/v2\/comments?post=14472"}],"version-history":[{"count":0,"href":"https:\/\/kg-media.eu\/de\/wp-json\/wp\/v2\/pages\/14472\/revisions"}],"up":[{"embeddable":true,"href":"https:\/\/kg-media.eu\/de\/wp-json\/wp\/v2\/pages\/2674"}],"wp:featuredmedia":[{"embeddable":true,"href":"https:\/\/kg-media.eu\/de\/wp-json\/wp\/v2\/media\/10043"}],"wp:attachment":[{"href":"https:\/\/kg-media.eu\/de\/wp-json\/wp\/v2\/media?parent=14472"}],"curies":[{"name":"wp","href":"https:\/\/api.w.org\/{rel}","templated":true}]}}