{"id":14470,"date":"2025-04-10T10:07:04","date_gmt":"2025-04-10T08:07:04","guid":{"rendered":"https:\/\/kg-media.eu\/online\/tiktok-marketing\/"},"modified":"2025-04-10T10:07:04","modified_gmt":"2025-04-10T08:07:04","slug":"tiktok-marketing","status":"publish","type":"page","link":"https:\/\/kg-media.eu\/de\/online\/tiktok-marketing\/","title":{"rendered":"TikTok Marketing"},"content":{"rendered":"<p>Ihr Content ist unterhaltsam, interaktiv und voller Mehrwert? Dann bringen Sie ihn genau dorthin, wo er auf Begeisterung trifft! TikTok ist l\u00e4ngst nicht mehr nur ein Netzwerk f\u00fcr die junge Generation &#8211; es ist eine der einflussreichsten Plattformen Europas, die t\u00e4glich von Millionen Menschen auf der Suche nach spannenden und relevanten Inhalten genutzt wird.   <\/p>\n<p>In einer Welt, in der Video das dominierende Medium ist, h\u00e4ngt der Erfolg Ihrer Kampagne von der richtigen Kombination aus kreativen Ideen und einer durchdachten Strategie ab. Daf\u00fcr brauchen Sie einen erfahrenen Partner, der Ihre Marke und Ihre Ziele genau versteht.<\/p>\n<p>Mit TikTok Ads haben Sie die M\u00f6glichkeit, Ihre Zielgruppe auf authentische und kreative Weise anzusprechen. Gemeinsam entwickeln wir Kampagnen, die Aufmerksamkeit erzeugen und echte Ergebnisse liefern. <\/p>\n","protected":false},"excerpt":{"rendered":"<p>Ihr Content ist unterhaltsam, interaktiv und voller Mehrwert? Dann bringen Sie ihn genau dorthin, wo er auf Begeisterung trifft! TikTok ist l\u00e4ngst nicht mehr nur ein Netzwerk f\u00fcr die junge Generation &#8211; es ist eine der einflussreichsten Plattformen Europas, die t\u00e4glich von Millionen Menschen auf der Suche nach spannenden und relevanten Inhalten genutzt wird. In&#8230;<\/p>\n","protected":false},"author":13,"featured_media":10043,"parent":2674,"menu_order":5,"comment_status":"closed","ping_status":"closed","template":"","meta":{"_acf_changed":false,"footnotes":""},"class_list":["post-14470","page","type-page","status-publish","has-post-thumbnail","hentry"],"acf":[],"yoast_head":"<!-- This site is optimized with the Yoast SEO Premium plugin v27.4 (Yoast SEO v27.4) - https:\/\/yoast.com\/product\/yoast-seo-premium-wordpress\/ -->\n<title>Erfolgreiches TikTok Marketing | KG Media<\/title>\n<meta name=\"description\" content=\"Nutzen Sie die Kraft von TikTok Ads, um Ihre Marke kreativ und authentisch zu pr\u00e4sentieren. Mehr Sichtbarkeit, mehr Engagement, mehr Erfolg!\" \/>\n<meta name=\"robots\" content=\"index, follow, max-snippet:-1, max-image-preview:large, max-video-preview:-1\" \/>\n<link rel=\"canonical\" href=\"https:\/\/kg-media.eu\/de\/online\/tiktok-marketing\/\" \/>\n<meta property=\"og:locale\" content=\"de_DE\" \/>\n<meta property=\"og:type\" content=\"article\" \/>\n<meta property=\"og:title\" content=\"TikTok Marketing\" \/>\n<meta property=\"og:description\" content=\"Nutzen Sie die Kraft von TikTok Ads, um Ihre Marke kreativ und authentisch zu pr\u00e4sentieren. Mehr Sichtbarkeit, mehr Engagement, mehr Erfolg!\" \/>\n<meta property=\"og:url\" content=\"https:\/\/kg-media.eu\/de\/online\/tiktok-marketing\/\" \/>\n<meta property=\"og:site_name\" content=\"KG Media\" \/>\n<meta property=\"article:publisher\" content=\"https:\/\/www.facebook.com\/kgmedia.agencija\/\" \/>\n<meta property=\"og:image\" content=\"https:\/\/kg-media.eu\/wp-content\/uploads\/2016\/12\/kgm-fb-default.jpg\" \/>\n\t<meta property=\"og:image:width\" content=\"605\" \/>\n\t<meta property=\"og:image:height\" content=\"317\" \/>\n\t<meta property=\"og:image:type\" content=\"image\/jpeg\" \/>\n<meta name=\"twitter:card\" content=\"summary_large_image\" \/>\n<script type=\"application\/ld+json\" class=\"yoast-schema-graph\">{\"@context\":\"https:\\\/\\\/schema.org\",\"@graph\":[{\"@type\":\"WebPage\",\"@id\":\"https:\\\/\\\/kg-media.eu\\\/de\\\/online\\\/tiktok-marketing\\\/\",\"url\":\"https:\\\/\\\/kg-media.eu\\\/de\\\/online\\\/tiktok-marketing\\\/\",\"name\":\"Erfolgreiches TikTok Marketing | KG Media\",\"isPartOf\":{\"@id\":\"https:\\\/\\\/kg-media.eu\\\/de\\\/#website\"},\"primaryImageOfPage\":{\"@id\":\"https:\\\/\\\/kg-media.eu\\\/de\\\/online\\\/tiktok-marketing\\\/#primaryimage\"},\"image\":{\"@id\":\"https:\\\/\\\/kg-media.eu\\\/de\\\/online\\\/tiktok-marketing\\\/#primaryimage\"},\"thumbnailUrl\":\"https:\\\/\\\/kg-media.eu\\\/wp-content\\\/uploads\\\/2024\\\/09\\\/hero-online-usluge.jpg\",\"datePublished\":\"2025-04-10T08:07:04+00:00\",\"description\":\"Nutzen Sie die Kraft von TikTok Ads, um Ihre Marke kreativ und authentisch zu pr\u00e4sentieren. Mehr Sichtbarkeit, mehr Engagement, mehr Erfolg!\",\"breadcrumb\":{\"@id\":\"https:\\\/\\\/kg-media.eu\\\/de\\\/online\\\/tiktok-marketing\\\/#breadcrumb\"},\"inLanguage\":\"de\",\"potentialAction\":[{\"@type\":\"ReadAction\",\"target\":[\"https:\\\/\\\/kg-media.eu\\\/de\\\/online\\\/tiktok-marketing\\\/\"]}]},{\"@type\":\"ImageObject\",\"inLanguage\":\"de\",\"@id\":\"https:\\\/\\\/kg-media.eu\\\/de\\\/online\\\/tiktok-marketing\\\/#primaryimage\",\"url\":\"https:\\\/\\\/kg-media.eu\\\/wp-content\\\/uploads\\\/2024\\\/09\\\/hero-online-usluge.jpg\",\"contentUrl\":\"https:\\\/\\\/kg-media.eu\\\/wp-content\\\/uploads\\\/2024\\\/09\\\/hero-online-usluge.jpg\",\"width\":1024,\"height\":512,\"caption\":\"Digital\"},{\"@type\":\"BreadcrumbList\",\"@id\":\"https:\\\/\\\/kg-media.eu\\\/de\\\/online\\\/tiktok-marketing\\\/#breadcrumb\",\"itemListElement\":[{\"@type\":\"ListItem\",\"position\":1,\"name\":\"Home\",\"item\":\"https:\\\/\\\/kg-media.eu\\\/de\\\/\"},{\"@type\":\"ListItem\",\"position\":2,\"name\":\"Online Marketing\",\"item\":\"https:\\\/\\\/kg-media.eu\\\/de\\\/online\\\/\"},{\"@type\":\"ListItem\",\"position\":3,\"name\":\"TikTok Marketing\"}]},{\"@type\":\"WebSite\",\"@id\":\"https:\\\/\\\/kg-media.eu\\\/de\\\/#website\",\"url\":\"https:\\\/\\\/kg-media.eu\\\/de\\\/\",\"name\":\"KG Media\",\"description\":\"\",\"publisher\":{\"@id\":\"https:\\\/\\\/kg-media.eu\\\/de\\\/#organization\"},\"potentialAction\":[{\"@type\":\"SearchAction\",\"target\":{\"@type\":\"EntryPoint\",\"urlTemplate\":\"https:\\\/\\\/kg-media.eu\\\/de\\\/?s={search_term_string}\"},\"query-input\":{\"@type\":\"PropertyValueSpecification\",\"valueRequired\":true,\"valueName\":\"search_term_string\"}}],\"inLanguage\":\"de\"},{\"@type\":\"Organization\",\"@id\":\"https:\\\/\\\/kg-media.eu\\\/de\\\/#organization\",\"name\":\"KG Media\",\"url\":\"https:\\\/\\\/kg-media.eu\\\/de\\\/\",\"logo\":{\"@type\":\"ImageObject\",\"inLanguage\":\"de\",\"@id\":\"https:\\\/\\\/kg-media.eu\\\/de\\\/#\\\/schema\\\/logo\\\/image\\\/\",\"url\":\"https:\\\/\\\/kg-media.eu\\\/wp-content\\\/uploads\\\/2024\\\/06\\\/kgm-logo.png\",\"contentUrl\":\"https:\\\/\\\/kg-media.eu\\\/wp-content\\\/uploads\\\/2024\\\/06\\\/kgm-logo.png\",\"width\":220,\"height\":154,\"caption\":\"KG Media\"},\"image\":{\"@id\":\"https:\\\/\\\/kg-media.eu\\\/de\\\/#\\\/schema\\\/logo\\\/image\\\/\"},\"sameAs\":[\"https:\\\/\\\/www.facebook.com\\\/kgmedia.agencija\\\/\",\"https:\\\/\\\/www.linkedin.com\\\/company\\\/kg-media\\\/\",\"https:\\\/\\\/www.instagram.com\\\/kgmedia.agencija\\\/\"]}]}<\/script>\n<!-- \/ Yoast SEO Premium plugin. -->","yoast_head_json":{"title":"Erfolgreiches TikTok Marketing | KG Media","description":"Nutzen Sie die Kraft von TikTok Ads, um Ihre Marke kreativ und authentisch zu pr\u00e4sentieren. Mehr Sichtbarkeit, mehr Engagement, mehr Erfolg!","robots":{"index":"index","follow":"follow","max-snippet":"max-snippet:-1","max-image-preview":"max-image-preview:large","max-video-preview":"max-video-preview:-1"},"canonical":"https:\/\/kg-media.eu\/de\/online\/tiktok-marketing\/","og_locale":"de_DE","og_type":"article","og_title":"TikTok Marketing","og_description":"Nutzen Sie die Kraft von TikTok Ads, um Ihre Marke kreativ und authentisch zu pr\u00e4sentieren. Mehr Sichtbarkeit, mehr Engagement, mehr Erfolg!","og_url":"https:\/\/kg-media.eu\/de\/online\/tiktok-marketing\/","og_site_name":"KG Media","article_publisher":"https:\/\/www.facebook.com\/kgmedia.agencija\/","og_image":[{"width":605,"height":317,"url":"https:\/\/kg-media.eu\/wp-content\/uploads\/2016\/12\/kgm-fb-default.jpg","type":"image\/jpeg"}],"twitter_card":"summary_large_image","schema":{"@context":"https:\/\/schema.org","@graph":[{"@type":"WebPage","@id":"https:\/\/kg-media.eu\/de\/online\/tiktok-marketing\/","url":"https:\/\/kg-media.eu\/de\/online\/tiktok-marketing\/","name":"Erfolgreiches TikTok Marketing | KG Media","isPartOf":{"@id":"https:\/\/kg-media.eu\/de\/#website"},"primaryImageOfPage":{"@id":"https:\/\/kg-media.eu\/de\/online\/tiktok-marketing\/#primaryimage"},"image":{"@id":"https:\/\/kg-media.eu\/de\/online\/tiktok-marketing\/#primaryimage"},"thumbnailUrl":"https:\/\/kg-media.eu\/wp-content\/uploads\/2024\/09\/hero-online-usluge.jpg","datePublished":"2025-04-10T08:07:04+00:00","description":"Nutzen Sie die Kraft von TikTok Ads, um Ihre Marke kreativ und authentisch zu pr\u00e4sentieren. Mehr Sichtbarkeit, mehr Engagement, mehr Erfolg!","breadcrumb":{"@id":"https:\/\/kg-media.eu\/de\/online\/tiktok-marketing\/#breadcrumb"},"inLanguage":"de","potentialAction":[{"@type":"ReadAction","target":["https:\/\/kg-media.eu\/de\/online\/tiktok-marketing\/"]}]},{"@type":"ImageObject","inLanguage":"de","@id":"https:\/\/kg-media.eu\/de\/online\/tiktok-marketing\/#primaryimage","url":"https:\/\/kg-media.eu\/wp-content\/uploads\/2024\/09\/hero-online-usluge.jpg","contentUrl":"https:\/\/kg-media.eu\/wp-content\/uploads\/2024\/09\/hero-online-usluge.jpg","width":1024,"height":512,"caption":"Digital"},{"@type":"BreadcrumbList","@id":"https:\/\/kg-media.eu\/de\/online\/tiktok-marketing\/#breadcrumb","itemListElement":[{"@type":"ListItem","position":1,"name":"Home","item":"https:\/\/kg-media.eu\/de\/"},{"@type":"ListItem","position":2,"name":"Online Marketing","item":"https:\/\/kg-media.eu\/de\/online\/"},{"@type":"ListItem","position":3,"name":"TikTok Marketing"}]},{"@type":"WebSite","@id":"https:\/\/kg-media.eu\/de\/#website","url":"https:\/\/kg-media.eu\/de\/","name":"KG Media","description":"","publisher":{"@id":"https:\/\/kg-media.eu\/de\/#organization"},"potentialAction":[{"@type":"SearchAction","target":{"@type":"EntryPoint","urlTemplate":"https:\/\/kg-media.eu\/de\/?s={search_term_string}"},"query-input":{"@type":"PropertyValueSpecification","valueRequired":true,"valueName":"search_term_string"}}],"inLanguage":"de"},{"@type":"Organization","@id":"https:\/\/kg-media.eu\/de\/#organization","name":"KG Media","url":"https:\/\/kg-media.eu\/de\/","logo":{"@type":"ImageObject","inLanguage":"de","@id":"https:\/\/kg-media.eu\/de\/#\/schema\/logo\/image\/","url":"https:\/\/kg-media.eu\/wp-content\/uploads\/2024\/06\/kgm-logo.png","contentUrl":"https:\/\/kg-media.eu\/wp-content\/uploads\/2024\/06\/kgm-logo.png","width":220,"height":154,"caption":"KG Media"},"image":{"@id":"https:\/\/kg-media.eu\/de\/#\/schema\/logo\/image\/"},"sameAs":["https:\/\/www.facebook.com\/kgmedia.agencija\/","https:\/\/www.linkedin.com\/company\/kg-media\/","https:\/\/www.instagram.com\/kgmedia.agencija\/"]}]}},"_links":{"self":[{"href":"https:\/\/kg-media.eu\/de\/wp-json\/wp\/v2\/pages\/14470","targetHints":{"allow":["GET"]}}],"collection":[{"href":"https:\/\/kg-media.eu\/de\/wp-json\/wp\/v2\/pages"}],"about":[{"href":"https:\/\/kg-media.eu\/de\/wp-json\/wp\/v2\/types\/page"}],"author":[{"embeddable":true,"href":"https:\/\/kg-media.eu\/de\/wp-json\/wp\/v2\/users\/13"}],"replies":[{"embeddable":true,"href":"https:\/\/kg-media.eu\/de\/wp-json\/wp\/v2\/comments?post=14470"}],"version-history":[{"count":0,"href":"https:\/\/kg-media.eu\/de\/wp-json\/wp\/v2\/pages\/14470\/revisions"}],"up":[{"embeddable":true,"href":"https:\/\/kg-media.eu\/de\/wp-json\/wp\/v2\/pages\/2674"}],"wp:featuredmedia":[{"embeddable":true,"href":"https:\/\/kg-media.eu\/de\/wp-json\/wp\/v2\/media\/10043"}],"wp:attachment":[{"href":"https:\/\/kg-media.eu\/de\/wp-json\/wp\/v2\/media?parent=14470"}],"curies":[{"name":"wp","href":"https:\/\/api.w.org\/{rel}","templated":true}]}}