{"id":14468,"date":"2025-04-10T09:59:09","date_gmt":"2025-04-10T07:59:09","guid":{"rendered":"https:\/\/kg-media.eu\/online\/meta-facebook-instagram-marketing\/"},"modified":"2025-04-10T09:59:09","modified_gmt":"2025-04-10T07:59:09","slug":"meta-facebook-instagram-marketing","status":"publish","type":"page","link":"https:\/\/kg-media.eu\/de\/online\/meta-facebook-instagram-marketing\/","title":{"rendered":"META (Facebook &amp; Instagram) Marketing"},"content":{"rendered":"<p>Eine Plattform, vier Kan\u00e4le &#8211; unendliche Marketingm\u00f6glichkeiten.<\/p>\n<p>Facebook ist l\u00e4ngst nicht mehr nur ein soziales Netzwerk \u2013 es verbindet die gr\u00f6\u00dften Plattformen zu einem einzigartigen Werbe-\u00d6kosystem. <\/p>\n<p>Mit Meta Advertising profitieren Sie von einem breiten Spektrum an Werbem\u00f6glichkeiten, die weit \u00fcber herk\u00f6mmliche Social Media Ads hinausgehen. Nutzen Sie die Kraft der intelligenten Algorithmen, die die Welt der Werbung revolutioniert haben. <\/p>\n<p>Wir optimieren Ihre Kampagne so, dass Ihr Budget genau dort eingesetzt wird, wo es die besten Ergebnisse erzielt. Gleichzeitig passen wir Ihre Werbung an die spezifischen Verhaltensweisen Ihrer Zielgruppe an &#8211; damit Ihr Unternehmen nachhaltig im Ged\u00e4chtnis bleibt.<\/p>\n","protected":false},"excerpt":{"rendered":"<p>Eine Plattform, vier Kan\u00e4le &#8211; unendliche Marketingm\u00f6glichkeiten. Facebook ist l\u00e4ngst nicht mehr nur ein soziales Netzwerk \u2013 es verbindet die gr\u00f6\u00dften Plattformen zu einem einzigartigen Werbe-\u00d6kosystem. Mit Meta Advertising profitieren Sie von einem breiten Spektrum an Werbem\u00f6glichkeiten, die weit \u00fcber herk\u00f6mmliche Social Media Ads hinausgehen. Nutzen Sie die Kraft der intelligenten Algorithmen, die die Welt&#8230;<\/p>\n","protected":false},"author":13,"featured_media":10043,"parent":2674,"menu_order":4,"comment_status":"closed","ping_status":"closed","template":"","meta":{"_acf_changed":false,"footnotes":""},"class_list":["post-14468","page","type-page","status-publish","has-post-thumbnail","hentry"],"acf":[],"yoast_head":"<!-- This site is optimized with the Yoast SEO Premium plugin v27.4 (Yoast SEO v27.4) - https:\/\/yoast.com\/product\/yoast-seo-premium-wordpress\/ -->\n<title>Meta, Facebook &amp; Instagram Marketing | KG Media<\/title>\n<meta name=\"description\" content=\"Mehr Sichtbarkeit &amp; Engagement mit Social Media Ads. Wir erstellen zielgerichtete Kampagnen f\u00fcr Facebook &amp; Instagram. Kontaktieren Sie uns jetzt!\" \/>\n<meta name=\"robots\" content=\"index, follow, max-snippet:-1, max-image-preview:large, max-video-preview:-1\" \/>\n<link rel=\"canonical\" href=\"https:\/\/kg-media.eu\/de\/online\/meta-facebook-instagram-marketing\/\" \/>\n<meta property=\"og:locale\" content=\"de_DE\" \/>\n<meta property=\"og:type\" content=\"article\" \/>\n<meta property=\"og:title\" content=\"META (Facebook &amp; Instagram) Marketing\" \/>\n<meta property=\"og:description\" content=\"Mehr Sichtbarkeit &amp; Engagement mit Social Media Ads. Wir erstellen zielgerichtete Kampagnen f\u00fcr Facebook &amp; Instagram. Kontaktieren Sie uns jetzt!\" \/>\n<meta property=\"og:url\" content=\"https:\/\/kg-media.eu\/de\/online\/meta-facebook-instagram-marketing\/\" \/>\n<meta property=\"og:site_name\" content=\"KG Media\" \/>\n<meta property=\"article:publisher\" content=\"https:\/\/www.facebook.com\/kgmedia.agencija\/\" \/>\n<meta property=\"og:image\" content=\"https:\/\/kg-media.eu\/wp-content\/uploads\/2016\/12\/kgm-fb-default.jpg\" \/>\n\t<meta property=\"og:image:width\" content=\"605\" \/>\n\t<meta property=\"og:image:height\" content=\"317\" \/>\n\t<meta property=\"og:image:type\" content=\"image\/jpeg\" \/>\n<meta name=\"twitter:card\" content=\"summary_large_image\" \/>\n<script type=\"application\/ld+json\" class=\"yoast-schema-graph\">{\"@context\":\"https:\\\/\\\/schema.org\",\"@graph\":[{\"@type\":\"WebPage\",\"@id\":\"https:\\\/\\\/kg-media.eu\\\/de\\\/online\\\/meta-facebook-instagram-marketing\\\/\",\"url\":\"https:\\\/\\\/kg-media.eu\\\/de\\\/online\\\/meta-facebook-instagram-marketing\\\/\",\"name\":\"Meta, Facebook & Instagram Marketing | KG Media\",\"isPartOf\":{\"@id\":\"https:\\\/\\\/kg-media.eu\\\/de\\\/#website\"},\"primaryImageOfPage\":{\"@id\":\"https:\\\/\\\/kg-media.eu\\\/de\\\/online\\\/meta-facebook-instagram-marketing\\\/#primaryimage\"},\"image\":{\"@id\":\"https:\\\/\\\/kg-media.eu\\\/de\\\/online\\\/meta-facebook-instagram-marketing\\\/#primaryimage\"},\"thumbnailUrl\":\"https:\\\/\\\/kg-media.eu\\\/wp-content\\\/uploads\\\/2024\\\/09\\\/hero-online-usluge.jpg\",\"datePublished\":\"2025-04-10T07:59:09+00:00\",\"description\":\"Mehr Sichtbarkeit & Engagement mit Social Media Ads. Wir erstellen zielgerichtete Kampagnen f\u00fcr Facebook & Instagram. Kontaktieren Sie uns jetzt!\",\"breadcrumb\":{\"@id\":\"https:\\\/\\\/kg-media.eu\\\/de\\\/online\\\/meta-facebook-instagram-marketing\\\/#breadcrumb\"},\"inLanguage\":\"de\",\"potentialAction\":[{\"@type\":\"ReadAction\",\"target\":[\"https:\\\/\\\/kg-media.eu\\\/de\\\/online\\\/meta-facebook-instagram-marketing\\\/\"]}]},{\"@type\":\"ImageObject\",\"inLanguage\":\"de\",\"@id\":\"https:\\\/\\\/kg-media.eu\\\/de\\\/online\\\/meta-facebook-instagram-marketing\\\/#primaryimage\",\"url\":\"https:\\\/\\\/kg-media.eu\\\/wp-content\\\/uploads\\\/2024\\\/09\\\/hero-online-usluge.jpg\",\"contentUrl\":\"https:\\\/\\\/kg-media.eu\\\/wp-content\\\/uploads\\\/2024\\\/09\\\/hero-online-usluge.jpg\",\"width\":1024,\"height\":512,\"caption\":\"Digital\"},{\"@type\":\"BreadcrumbList\",\"@id\":\"https:\\\/\\\/kg-media.eu\\\/de\\\/online\\\/meta-facebook-instagram-marketing\\\/#breadcrumb\",\"itemListElement\":[{\"@type\":\"ListItem\",\"position\":1,\"name\":\"Home\",\"item\":\"https:\\\/\\\/kg-media.eu\\\/de\\\/\"},{\"@type\":\"ListItem\",\"position\":2,\"name\":\"Online Marketing\",\"item\":\"https:\\\/\\\/kg-media.eu\\\/de\\\/online\\\/\"},{\"@type\":\"ListItem\",\"position\":3,\"name\":\"META (Facebook &amp; Instagram) Marketing\"}]},{\"@type\":\"WebSite\",\"@id\":\"https:\\\/\\\/kg-media.eu\\\/de\\\/#website\",\"url\":\"https:\\\/\\\/kg-media.eu\\\/de\\\/\",\"name\":\"KG Media\",\"description\":\"\",\"publisher\":{\"@id\":\"https:\\\/\\\/kg-media.eu\\\/de\\\/#organization\"},\"potentialAction\":[{\"@type\":\"SearchAction\",\"target\":{\"@type\":\"EntryPoint\",\"urlTemplate\":\"https:\\\/\\\/kg-media.eu\\\/de\\\/?s={search_term_string}\"},\"query-input\":{\"@type\":\"PropertyValueSpecification\",\"valueRequired\":true,\"valueName\":\"search_term_string\"}}],\"inLanguage\":\"de\"},{\"@type\":\"Organization\",\"@id\":\"https:\\\/\\\/kg-media.eu\\\/de\\\/#organization\",\"name\":\"KG Media\",\"url\":\"https:\\\/\\\/kg-media.eu\\\/de\\\/\",\"logo\":{\"@type\":\"ImageObject\",\"inLanguage\":\"de\",\"@id\":\"https:\\\/\\\/kg-media.eu\\\/de\\\/#\\\/schema\\\/logo\\\/image\\\/\",\"url\":\"https:\\\/\\\/kg-media.eu\\\/wp-content\\\/uploads\\\/2024\\\/06\\\/kgm-logo.png\",\"contentUrl\":\"https:\\\/\\\/kg-media.eu\\\/wp-content\\\/uploads\\\/2024\\\/06\\\/kgm-logo.png\",\"width\":220,\"height\":154,\"caption\":\"KG Media\"},\"image\":{\"@id\":\"https:\\\/\\\/kg-media.eu\\\/de\\\/#\\\/schema\\\/logo\\\/image\\\/\"},\"sameAs\":[\"https:\\\/\\\/www.facebook.com\\\/kgmedia.agencija\\\/\",\"https:\\\/\\\/www.linkedin.com\\\/company\\\/kg-media\\\/\",\"https:\\\/\\\/www.instagram.com\\\/kgmedia.agencija\\\/\"]}]}<\/script>\n<!-- \/ Yoast SEO Premium plugin. -->","yoast_head_json":{"title":"Meta, Facebook & Instagram Marketing | KG Media","description":"Mehr Sichtbarkeit & Engagement mit Social Media Ads. Wir erstellen zielgerichtete Kampagnen f\u00fcr Facebook & Instagram. Kontaktieren Sie uns jetzt!","robots":{"index":"index","follow":"follow","max-snippet":"max-snippet:-1","max-image-preview":"max-image-preview:large","max-video-preview":"max-video-preview:-1"},"canonical":"https:\/\/kg-media.eu\/de\/online\/meta-facebook-instagram-marketing\/","og_locale":"de_DE","og_type":"article","og_title":"META (Facebook &amp; Instagram) Marketing","og_description":"Mehr Sichtbarkeit & Engagement mit Social Media Ads. Wir erstellen zielgerichtete Kampagnen f\u00fcr Facebook & Instagram. Kontaktieren Sie uns jetzt!","og_url":"https:\/\/kg-media.eu\/de\/online\/meta-facebook-instagram-marketing\/","og_site_name":"KG Media","article_publisher":"https:\/\/www.facebook.com\/kgmedia.agencija\/","og_image":[{"width":605,"height":317,"url":"https:\/\/kg-media.eu\/wp-content\/uploads\/2016\/12\/kgm-fb-default.jpg","type":"image\/jpeg"}],"twitter_card":"summary_large_image","schema":{"@context":"https:\/\/schema.org","@graph":[{"@type":"WebPage","@id":"https:\/\/kg-media.eu\/de\/online\/meta-facebook-instagram-marketing\/","url":"https:\/\/kg-media.eu\/de\/online\/meta-facebook-instagram-marketing\/","name":"Meta, Facebook & Instagram Marketing | KG Media","isPartOf":{"@id":"https:\/\/kg-media.eu\/de\/#website"},"primaryImageOfPage":{"@id":"https:\/\/kg-media.eu\/de\/online\/meta-facebook-instagram-marketing\/#primaryimage"},"image":{"@id":"https:\/\/kg-media.eu\/de\/online\/meta-facebook-instagram-marketing\/#primaryimage"},"thumbnailUrl":"https:\/\/kg-media.eu\/wp-content\/uploads\/2024\/09\/hero-online-usluge.jpg","datePublished":"2025-04-10T07:59:09+00:00","description":"Mehr Sichtbarkeit & Engagement mit Social Media Ads. Wir erstellen zielgerichtete Kampagnen f\u00fcr Facebook & Instagram. Kontaktieren Sie uns jetzt!","breadcrumb":{"@id":"https:\/\/kg-media.eu\/de\/online\/meta-facebook-instagram-marketing\/#breadcrumb"},"inLanguage":"de","potentialAction":[{"@type":"ReadAction","target":["https:\/\/kg-media.eu\/de\/online\/meta-facebook-instagram-marketing\/"]}]},{"@type":"ImageObject","inLanguage":"de","@id":"https:\/\/kg-media.eu\/de\/online\/meta-facebook-instagram-marketing\/#primaryimage","url":"https:\/\/kg-media.eu\/wp-content\/uploads\/2024\/09\/hero-online-usluge.jpg","contentUrl":"https:\/\/kg-media.eu\/wp-content\/uploads\/2024\/09\/hero-online-usluge.jpg","width":1024,"height":512,"caption":"Digital"},{"@type":"BreadcrumbList","@id":"https:\/\/kg-media.eu\/de\/online\/meta-facebook-instagram-marketing\/#breadcrumb","itemListElement":[{"@type":"ListItem","position":1,"name":"Home","item":"https:\/\/kg-media.eu\/de\/"},{"@type":"ListItem","position":2,"name":"Online Marketing","item":"https:\/\/kg-media.eu\/de\/online\/"},{"@type":"ListItem","position":3,"name":"META (Facebook &amp; Instagram) Marketing"}]},{"@type":"WebSite","@id":"https:\/\/kg-media.eu\/de\/#website","url":"https:\/\/kg-media.eu\/de\/","name":"KG Media","description":"","publisher":{"@id":"https:\/\/kg-media.eu\/de\/#organization"},"potentialAction":[{"@type":"SearchAction","target":{"@type":"EntryPoint","urlTemplate":"https:\/\/kg-media.eu\/de\/?s={search_term_string}"},"query-input":{"@type":"PropertyValueSpecification","valueRequired":true,"valueName":"search_term_string"}}],"inLanguage":"de"},{"@type":"Organization","@id":"https:\/\/kg-media.eu\/de\/#organization","name":"KG Media","url":"https:\/\/kg-media.eu\/de\/","logo":{"@type":"ImageObject","inLanguage":"de","@id":"https:\/\/kg-media.eu\/de\/#\/schema\/logo\/image\/","url":"https:\/\/kg-media.eu\/wp-content\/uploads\/2024\/06\/kgm-logo.png","contentUrl":"https:\/\/kg-media.eu\/wp-content\/uploads\/2024\/06\/kgm-logo.png","width":220,"height":154,"caption":"KG Media"},"image":{"@id":"https:\/\/kg-media.eu\/de\/#\/schema\/logo\/image\/"},"sameAs":["https:\/\/www.facebook.com\/kgmedia.agencija\/","https:\/\/www.linkedin.com\/company\/kg-media\/","https:\/\/www.instagram.com\/kgmedia.agencija\/"]}]}},"_links":{"self":[{"href":"https:\/\/kg-media.eu\/de\/wp-json\/wp\/v2\/pages\/14468","targetHints":{"allow":["GET"]}}],"collection":[{"href":"https:\/\/kg-media.eu\/de\/wp-json\/wp\/v2\/pages"}],"about":[{"href":"https:\/\/kg-media.eu\/de\/wp-json\/wp\/v2\/types\/page"}],"author":[{"embeddable":true,"href":"https:\/\/kg-media.eu\/de\/wp-json\/wp\/v2\/users\/13"}],"replies":[{"embeddable":true,"href":"https:\/\/kg-media.eu\/de\/wp-json\/wp\/v2\/comments?post=14468"}],"version-history":[{"count":0,"href":"https:\/\/kg-media.eu\/de\/wp-json\/wp\/v2\/pages\/14468\/revisions"}],"up":[{"embeddable":true,"href":"https:\/\/kg-media.eu\/de\/wp-json\/wp\/v2\/pages\/2674"}],"wp:featuredmedia":[{"embeddable":true,"href":"https:\/\/kg-media.eu\/de\/wp-json\/wp\/v2\/media\/10043"}],"wp:attachment":[{"href":"https:\/\/kg-media.eu\/de\/wp-json\/wp\/v2\/media?parent=14468"}],"curies":[{"name":"wp","href":"https:\/\/api.w.org\/{rel}","templated":true}]}}